{"id":4883,"date":"2025-09-25T12:20:20","date_gmt":"2025-09-25T10:20:20","guid":{"rendered":"https:\/\/eklekto.ch\/?page_id=4883"},"modified":"2026-02-19T11:06:25","modified_gmt":"2026-02-19T10:06:25","slug":"","status":"publish","type":"page","link":"https:\/\/eklekto.ch\/en\/mediation-eklekto-kids-2\/projets-en-partenariat\/","title":{"rendered":"","raw":""},"content":{"rendered":"","protected":false,"raw":""},"excerpt":{"rendered":"","protected":false,"raw":""},"author":8,"featured_media":0,"parent":4855,"menu_order":0,"comment_status":"closed","ping_status":"closed","template":"","meta":{"om_disable_all_campaigns":false,"inline_featured_image":false,"_monsterinsights_skip_tracking":false,"_monsterinsights_sitenote_active":false,"_monsterinsights_sitenote_note":"","_monsterinsights_sitenote_category":0,"_fr_post_content":"<h1><strong><span style=\"color: #33cccc;\">Dimanche, c'est famille !<\/span><\/strong><\/h1>\r\n<h5><strong>Partenaires : Les 6 toits, le Conservatoire populaire, l'OCG, Contrechamps<\/strong><\/h5>\r\n<img class=\"alignnone size-medium wp-image-4974\" src=\"https:\/\/eklekto.ch\/wp-content\/uploads\/250822_Dimanche-famille-Bienvenue-A4-plexi_Page_1-212x300.jpg\" alt=\"\" width=\"212\" height=\"300\" \/>\r\n\r\n\u00c0 partir de septembre 2025, une rencontre artistique aura lieu <strong>chaque premier dimanche du mois<\/strong>, organis\u00e9e par l\u2019une des quatre structures partenaires des 6 toits. Par cette formule gratuite et conviviale, le Conservatoire populaire, Contrechamps, Eklekto et l\u2019Orchestre de Chambre de Gen\u00e8ve invitent les familles \u00e0 un r\u00e9veil en musique.\r\n\r\n\u2013 Le<strong> 2 novembre 2025<\/strong>, \u00e0 10h et \u00e0 11h : Eklekto pr\u00e9sentera <em><strong><span style=\"color: #33cccc;\"><em><strong><em>Satin<\/em><\/strong><\/em><\/span><\/strong><\/em> \u00e0 l\u2019automne un spectacle pluridisciplinaire, inspir\u00e9 de la M\u00e9thode Feldenkrais associant musique, chant et improvisation.\r\nAvec le soutien de la Fondation Caris.\r\n\r\n\u2013 Le <strong>3 mai 2026 <\/strong>: le corps lui-m\u00eame se transformera en instrument, avec le spectacle <em><strong><span style=\"color: #33cccc;\"><em><strong><em>Le Dos de la langue<\/em><\/strong><\/em><\/span><\/strong><\/em>, accessible \u00e0 toutes et \u00e0 tous.\r\n\r\n\u2013 Le <strong>4\u00a0octobre 2026 <\/strong>: Deux marimbas, un vibraphone et trois corps traversent les m\u00eames \u00e9tats : rigidit\u00e9, fluidit\u00e9, dispersion, reconstitution. <em><strong><span style=\"color: #33cccc;\"><em><strong><em>Grain de Sable<\/em><\/strong><\/em><\/span><\/strong><\/em> est un voyage sensoriel o\u00f9 sons et gestes se m\u00e9tamorphosent ensemble.\r\nAvec le soutien de la Fondation Inspir'.\r\n\r\n&nbsp;\r\n\r\n1er novembre 2026 | CPMDT\r\n\r\n6 d\u00e9cembre 2026 | L\u2019OCG\r\n\r\n10 janvier 2027 | L\u2019OCG\r\n\r\n7 f\u00e9vrier 2027 | CPMDT\r\n\r\n7 mars 2027 | CTC\r\n\r\n2 mai 2027 | CTC\r\n\r\n<span style=\"color: #33cccc;\"><strong>6 juin 2027 | Eklekto<\/strong><\/span>\r\n<h1><\/h1>\r\n&nbsp;\r\n\r\n<hr \/>\r\n\r\n&nbsp;\r\n<h3><\/h3>\r\n<h1><span style=\"color: #ffffff;\">PROJETS R\u00c9ALIS\u00c9S<\/span><\/h1>\r\n&nbsp;\r\n<h1><strong><span style=\"color: #33cccc;\">Semaine de l'\u00e9veil culturel d\u00e8s la naissance<\/span><\/strong><\/h1>\r\n&nbsp;\r\n<img class=\"alignnone wp-image-5493\" src=\"https:\/\/eklekto.ch\/wp-content\/uploads\/brochure-eveil-culturel-ville-geneve_Page_01-212x300.jpg\" alt=\"\" width=\"225\" height=\"318\" \/>\r\n<ul>\r\n \t<li>Dimanche 12 octobre 2025 : Visite de l\u2019instrumentarium \u00e0 14h, 14h30, 15h et 15h30 (visite de 25 minutes)<\/li>\r\n<\/ul>\r\n&nbsp;\r\n<h5><strong>Soutiens : \u00a0<img class=\"alignnone wp-image-4285\" src=\"https:\/\/eklekto.ch\/wp-content\/uploads\/logo-ville-geneve-couleur-1-300x177.jpg\" alt=\"\" width=\"68\" height=\"40\" \/><\/strong><\/h5>\r\n<div><\/div>\r\n<span style=\"color: #33cccc;\"><strong>Mon \u00ab TOUT \u00bb en musique<\/strong><\/span>\r\n\r\nEnti\u00e8rement adaptable \u00e0 son contexte (classe, biblioth\u00e8que, galerie, mus\u00e9e, place de jeux, magasin, cuisine) voici un projet bas\u00e9 sur l\u2019\u00e9coute et l\u2019exploration sonore. L\u2019objectif est de sensibiliser les plus jeunes au travail du son, en transformant tous les bruits du quotidien en musique \u2013 avec l\u2019aide d\u2019un chef d\u2019orchestre.\r\n\r\n<span style=\"color: #33cccc;\"><strong>J\u2019\u00e9coute la Ville, F\u00eate de la Musique<\/strong><\/span>\r\n\r\nUn projet qui vous emm\u00e8ne en promenade, les yeux band\u00e9s, accompagn\u00e9 pour concentrer toutes vos perceptions sur l\u2019espace sonore qui nous entoure.\r\n\r\n&nbsp;\r\n\r\n<img class=\"alignnone wp-image-4922\" src=\"https:\/\/eklekto.ch\/wp-content\/uploads\/DSC09958-1-300x200.jpg\" alt=\"J'\u00e9coute la ville F\u00eate de la musique 2017\" width=\"428\" height=\"285\" \/>\r\n<h6>J'\u00e9coute la Ville, F\u00eate de la musique, juin 2017 \u00a9 Nicolas Masson<\/h6>","_fr_post_name":"projets-en-partenariat","_fr_post_excerpt":"","_fr_post_title":"Projets tout public","_en_post_content":"","_en_post_name":"","_en_post_excerpt":"","_en_post_title":"","edit_language":"en","footnotes":""},"class_list":["post-4883","page","type-page","status-publish","hentry"],"yoast_head":"<!-- This site is optimized with the Yoast SEO plugin v23.4 - https:\/\/yoast.com\/wordpress\/plugins\/seo\/ -->\n<title>Projets tout public | Eklekto<\/title>\n<meta name=\"robots\" content=\"index, follow, max-snippet:-1, max-image-preview:large, max-video-preview:-1\" \/>\n<link rel=\"canonical\" href=\"https:\/\/eklekto.ch\/mediation-eklekto-kids-2\/projets-en-partenariat\/\" \/>\n<meta property=\"og:locale\" content=\"en_US\" \/>\n<meta property=\"og:type\" content=\"article\" \/>\n<meta property=\"og:title\" content=\"Projets tout public | Eklekto\" \/>\n<meta property=\"og:description\" content=\"Dimanche, c&#8217;est famille ! Partenaires : Les 6 toits, le Conservatoire populaire, l&#8217;OCG, Contrechamps \u00c0 partir de septembre 2025, une rencontre artistique aura lieu chaque premier dimanche du mois, organis\u00e9e par l\u2019une des quatre structures partenaires des 6 toits. Par cette formule gratuite et conviviale, le Conservatoire populaire, Contrechamps, Eklekto et l\u2019Orchestre de Chambre de [&hellip;]\" \/>\n<meta property=\"og:url\" content=\"https:\/\/eklekto.ch\/mediation-eklekto-kids-2\/projets-en-partenariat\/\" \/>\n<meta property=\"og:site_name\" content=\"Eklekto\" \/>\n<meta property=\"article:publisher\" content=\"https:\/\/www.facebook.com\/eklektopercussion\" \/>\n<meta property=\"article:modified_time\" content=\"2026-02-19T10:06:25+00:00\" \/>\n<meta property=\"og:image\" content=\"https:\/\/eklekto.ch\/wp-content\/uploads\/250822_Dimanche-famille-Bienvenue-A4-plexi_Page_1-212x300.jpg\" \/>\n<meta name=\"twitter:card\" content=\"summary_large_image\" \/>\n<meta name=\"twitter:label1\" content=\"Est. reading time\" \/>\n\t<meta name=\"twitter:data1\" content=\"3 minutes\" \/>\n<script type=\"application\/ld+json\" class=\"yoast-schema-graph\">{\"@context\":\"https:\/\/schema.org\",\"@graph\":[{\"@type\":\"WebPage\",\"@id\":\"https:\/\/eklekto.ch\/mediation-eklekto-kids-2\/projets-en-partenariat\/\",\"url\":\"https:\/\/eklekto.ch\/mediation-eklekto-kids-2\/projets-en-partenariat\/\",\"name\":\"Projets tout public | Eklekto\",\"isPartOf\":{\"@id\":\"https:\/\/eklekto.ch\/#website\"},\"primaryImageOfPage\":{\"@id\":\"https:\/\/eklekto.ch\/mediation-eklekto-kids-2\/projets-en-partenariat\/#primaryimage\"},\"image\":{\"@id\":\"https:\/\/eklekto.ch\/mediation-eklekto-kids-2\/projets-en-partenariat\/#primaryimage\"},\"thumbnailUrl\":\"https:\/\/eklekto.ch\/wp-content\/uploads\/250822_Dimanche-famille-Bienvenue-A4-plexi_Page_1-212x300.jpg\",\"datePublished\":\"2025-09-25T10:20:20+00:00\",\"dateModified\":\"2026-02-19T10:06:25+00:00\",\"breadcrumb\":{\"@id\":\"https:\/\/eklekto.ch\/mediation-eklekto-kids-2\/projets-en-partenariat\/#breadcrumb\"},\"inLanguage\":\"en-US\",\"potentialAction\":[{\"@type\":\"ReadAction\",\"target\":[\"https:\/\/eklekto.ch\/mediation-eklekto-kids-2\/projets-en-partenariat\/\"]}]},{\"@type\":\"ImageObject\",\"inLanguage\":\"en-US\",\"@id\":\"https:\/\/eklekto.ch\/mediation-eklekto-kids-2\/projets-en-partenariat\/#primaryimage\",\"url\":\"https:\/\/eklekto.ch\/wp-content\/uploads\/250822_Dimanche-famille-Bienvenue-A4-plexi_Page_1-212x300.jpg\",\"contentUrl\":\"https:\/\/eklekto.ch\/wp-content\/uploads\/250822_Dimanche-famille-Bienvenue-A4-plexi_Page_1-212x300.jpg\"},{\"@type\":\"BreadcrumbList\",\"@id\":\"https:\/\/eklekto.ch\/mediation-eklekto-kids-2\/projets-en-partenariat\/#breadcrumb\",\"itemListElement\":[{\"@type\":\"ListItem\",\"position\":1,\"name\":\"Accueil\",\"item\":\"https:\/\/eklekto.ch\/\"},{\"@type\":\"ListItem\",\"position\":2,\"name\":\"M\u00e9diation\",\"item\":\"https:\/\/eklekto.ch\/mediation-eklekto-kids-2\/\"},{\"@type\":\"ListItem\",\"position\":3,\"name\":\"Projets tout public\"}]},{\"@type\":\"WebSite\",\"@id\":\"https:\/\/eklekto.ch\/#website\",\"url\":\"https:\/\/eklekto.ch\/\",\"name\":\"Eklekto\",\"description\":\"Eklekto Geneva Percussion Center\",\"publisher\":{\"@id\":\"https:\/\/eklekto.ch\/#organization\"},\"alternateName\":\"Eklekto\",\"potentialAction\":[{\"@type\":\"SearchAction\",\"target\":{\"@type\":\"EntryPoint\",\"urlTemplate\":\"https:\/\/eklekto.ch\/?s={search_term_string}\"},\"query-input\":{\"@type\":\"PropertyValueSpecification\",\"valueRequired\":true,\"valueName\":\"search_term_string\"}}],\"inLanguage\":\"en-US\"},{\"@type\":\"Organization\",\"@id\":\"https:\/\/eklekto.ch\/#organization\",\"name\":\"Eklekto Geneva Percussion Center\",\"url\":\"https:\/\/eklekto.ch\/\",\"logo\":{\"@type\":\"ImageObject\",\"inLanguage\":\"en-US\",\"@id\":\"https:\/\/eklekto.ch\/#\/schema\/logo\/image\/\",\"url\":\"https:\/\/eklekto.ch\/wp-content\/uploads\/Eklekto_Logo-noir-sur-fond-blanc.jpg\",\"contentUrl\":\"https:\/\/eklekto.ch\/wp-content\/uploads\/Eklekto_Logo-noir-sur-fond-blanc.jpg\",\"width\":640,\"height\":317,\"caption\":\"Eklekto Geneva Percussion Center\"},\"image\":{\"@id\":\"https:\/\/eklekto.ch\/#\/schema\/logo\/image\/\"},\"sameAs\":[\"https:\/\/www.facebook.com\/eklektopercussion\",\"https:\/\/www.instagram.com\/eklekto_percussion\/\",\"https:\/\/www.youtube.com\/channel\/UCmkO9Je1ENSGNKNNsHcjP0g\",\"https:\/\/www.linkedin.com\/in\/eklekto-geneva-percussion-center-aa2b306b\/?originalSubdomain=ch\"]}]}<\/script>\n<!-- \/ Yoast SEO plugin. -->","yoast_head_json":{"title":"Projets tout public | Eklekto","robots":{"index":"index","follow":"follow","max-snippet":"max-snippet:-1","max-image-preview":"max-image-preview:large","max-video-preview":"max-video-preview:-1"},"canonical":"https:\/\/eklekto.ch\/mediation-eklekto-kids-2\/projets-en-partenariat\/","og_locale":"en_US","og_type":"article","og_title":"Projets tout public | Eklekto","og_description":"Dimanche, c&#8217;est famille ! Partenaires : Les 6 toits, le Conservatoire populaire, l&#8217;OCG, Contrechamps \u00c0 partir de septembre 2025, une rencontre artistique aura lieu chaque premier dimanche du mois, organis\u00e9e par l\u2019une des quatre structures partenaires des 6 toits. Par cette formule gratuite et conviviale, le Conservatoire populaire, Contrechamps, Eklekto et l\u2019Orchestre de Chambre de [&hellip;]","og_url":"https:\/\/eklekto.ch\/mediation-eklekto-kids-2\/projets-en-partenariat\/","og_site_name":"Eklekto","article_publisher":"https:\/\/www.facebook.com\/eklektopercussion","article_modified_time":"2026-02-19T10:06:25+00:00","og_image":[{"url":"https:\/\/eklekto.ch\/wp-content\/uploads\/250822_Dimanche-famille-Bienvenue-A4-plexi_Page_1-212x300.jpg"}],"twitter_card":"summary_large_image","twitter_misc":{"Est. reading time":"3 minutes"},"schema":{"@context":"https:\/\/schema.org","@graph":[{"@type":"WebPage","@id":"https:\/\/eklekto.ch\/mediation-eklekto-kids-2\/projets-en-partenariat\/","url":"https:\/\/eklekto.ch\/mediation-eklekto-kids-2\/projets-en-partenariat\/","name":"Projets tout public | Eklekto","isPartOf":{"@id":"https:\/\/eklekto.ch\/#website"},"primaryImageOfPage":{"@id":"https:\/\/eklekto.ch\/mediation-eklekto-kids-2\/projets-en-partenariat\/#primaryimage"},"image":{"@id":"https:\/\/eklekto.ch\/mediation-eklekto-kids-2\/projets-en-partenariat\/#primaryimage"},"thumbnailUrl":"https:\/\/eklekto.ch\/wp-content\/uploads\/250822_Dimanche-famille-Bienvenue-A4-plexi_Page_1-212x300.jpg","datePublished":"2025-09-25T10:20:20+00:00","dateModified":"2026-02-19T10:06:25+00:00","breadcrumb":{"@id":"https:\/\/eklekto.ch\/mediation-eklekto-kids-2\/projets-en-partenariat\/#breadcrumb"},"inLanguage":"en-US","potentialAction":[{"@type":"ReadAction","target":["https:\/\/eklekto.ch\/mediation-eklekto-kids-2\/projets-en-partenariat\/"]}]},{"@type":"ImageObject","inLanguage":"en-US","@id":"https:\/\/eklekto.ch\/mediation-eklekto-kids-2\/projets-en-partenariat\/#primaryimage","url":"https:\/\/eklekto.ch\/wp-content\/uploads\/250822_Dimanche-famille-Bienvenue-A4-plexi_Page_1-212x300.jpg","contentUrl":"https:\/\/eklekto.ch\/wp-content\/uploads\/250822_Dimanche-famille-Bienvenue-A4-plexi_Page_1-212x300.jpg"},{"@type":"BreadcrumbList","@id":"https:\/\/eklekto.ch\/mediation-eklekto-kids-2\/projets-en-partenariat\/#breadcrumb","itemListElement":[{"@type":"ListItem","position":1,"name":"Accueil","item":"https:\/\/eklekto.ch\/"},{"@type":"ListItem","position":2,"name":"M\u00e9diation","item":"https:\/\/eklekto.ch\/mediation-eklekto-kids-2\/"},{"@type":"ListItem","position":3,"name":"Projets tout public"}]},{"@type":"WebSite","@id":"https:\/\/eklekto.ch\/#website","url":"https:\/\/eklekto.ch\/","name":"Eklekto","description":"Eklekto Geneva Percussion Center","publisher":{"@id":"https:\/\/eklekto.ch\/#organization"},"alternateName":"Eklekto","potentialAction":[{"@type":"SearchAction","target":{"@type":"EntryPoint","urlTemplate":"https:\/\/eklekto.ch\/?s={search_term_string}"},"query-input":{"@type":"PropertyValueSpecification","valueRequired":true,"valueName":"search_term_string"}}],"inLanguage":"en-US"},{"@type":"Organization","@id":"https:\/\/eklekto.ch\/#organization","name":"Eklekto Geneva Percussion Center","url":"https:\/\/eklekto.ch\/","logo":{"@type":"ImageObject","inLanguage":"en-US","@id":"https:\/\/eklekto.ch\/#\/schema\/logo\/image\/","url":"https:\/\/eklekto.ch\/wp-content\/uploads\/Eklekto_Logo-noir-sur-fond-blanc.jpg","contentUrl":"https:\/\/eklekto.ch\/wp-content\/uploads\/Eklekto_Logo-noir-sur-fond-blanc.jpg","width":640,"height":317,"caption":"Eklekto Geneva Percussion Center"},"image":{"@id":"https:\/\/eklekto.ch\/#\/schema\/logo\/image\/"},"sameAs":["https:\/\/www.facebook.com\/eklektopercussion","https:\/\/www.instagram.com\/eklekto_percussion\/","https:\/\/www.youtube.com\/channel\/UCmkO9Je1ENSGNKNNsHcjP0g","https:\/\/www.linkedin.com\/in\/eklekto-geneva-percussion-center-aa2b306b\/?originalSubdomain=ch"]}]}},"_links":{"self":[{"href":"https:\/\/eklekto.ch\/en\/wp-json\/wp\/v2\/pages\/4883"}],"collection":[{"href":"https:\/\/eklekto.ch\/en\/wp-json\/wp\/v2\/pages"}],"about":[{"href":"https:\/\/eklekto.ch\/en\/wp-json\/wp\/v2\/types\/page"}],"author":[{"embeddable":true,"href":"https:\/\/eklekto.ch\/en\/wp-json\/wp\/v2\/users\/8"}],"replies":[{"embeddable":true,"href":"https:\/\/eklekto.ch\/en\/wp-json\/wp\/v2\/comments?post=4883"}],"version-history":[{"count":87,"href":"https:\/\/eklekto.ch\/en\/wp-json\/wp\/v2\/pages\/4883\/revisions"}],"predecessor-version":[{"id":5547,"href":"https:\/\/eklekto.ch\/en\/wp-json\/wp\/v2\/pages\/4883\/revisions\/5547"}],"up":[{"embeddable":true,"href":"https:\/\/eklekto.ch\/en\/wp-json\/wp\/v2\/pages\/4855"}],"wp:attachment":[{"href":"https:\/\/eklekto.ch\/en\/wp-json\/wp\/v2\/media?parent=4883"}],"curies":[{"name":"wp","href":"https:\/\/api.w.org\/{rel}","templated":true}]}}