{"id":4877,"date":"2025-09-25T12:10:23","date_gmt":"2025-09-25T10:10:23","guid":{"rendered":"https:\/\/eklekto.ch\/?page_id=4877"},"modified":"2026-04-02T17:40:27","modified_gmt":"2026-04-02T15:40:27","slug":"","status":"publish","type":"page","link":"https:\/\/eklekto.ch\/en\/mediation-eklekto-kids-2\/projets-avec-la-ville-de-geneve\/","title":{"rendered":"","raw":""},"content":{"rendered":"","protected":false,"raw":""},"excerpt":{"rendered":"","protected":false,"raw":""},"author":8,"featured_media":0,"parent":4855,"menu_order":0,"comment_status":"closed","ping_status":"closed","template":"","meta":{"om_disable_all_campaigns":false,"inline_featured_image":false,"_monsterinsights_skip_tracking":false,"_monsterinsights_sitenote_active":false,"_monsterinsights_sitenote_note":"","_monsterinsights_sitenote_category":0,"_fr_post_content":"<h1><span style=\"color: #33cccc;\"><strong>PARASCOLAIRE<\/strong><\/span><\/h1>\r\n<div>\r\n<ul>\r\n \t<li><span style=\"color: #33cccc;\">Ateliers de percussion corporelle (16h-18h)<\/span><\/li>\r\n<\/ul>\r\n<\/div>\r\nLa percussion corporelle est une pratique d\u2019une grande accessibilit\u00e9 et gr\u00e2ce \u00e0 sa diversit\u00e9, elle est un outil p\u00e9dagogique et artistique extr\u00eamement riche. Les participants explorent de nouvelles sonorit\u00e9s, construisent des rythmes dans une dynamique de partage et d\u2019\u00e9coute, et d\u00e9veloppent un travail physique et gestuel nouveau en n\u2019usant que d\u2019un instrument : leur propre corps.\r\n\r\n<strong>\u00c9cole de la Roseraie\u00a0<\/strong>\r\n\r\nLundis 2,9,16 et 23 mars 2026\r\nVendredis 6, 13, 20 et 27 novembre 2026\r\nVendredis 19 mars et 16, 23 et 30 avril 2027\r\n\r\n<strong>\u00c9cole de Necker \u2013 2P \u00e0 4P<\/strong>\r\n\r\nJeudis 12, 19, 26 mars et 2 avril 2026\r\n\r\n<a href=\"https:\/\/eklekto.ch\/wp-content\/uploads\/logo-giap.jpg\"><img class=\"alignnone wp-image-4655\" src=\"https:\/\/eklekto.ch\/wp-content\/uploads\/logo-giap-300x193.jpg\" sizes=\"(max-width: 84px) 100vw, 84px\" srcset=\"https:\/\/eklekto.ch\/wp-content\/uploads\/logo-giap-300x193.jpg 300w, https:\/\/eklekto.ch\/wp-content\/uploads\/logo-giap.jpg 506w\" alt=\"\" width=\"84\" height=\"54\" \/><\/a>\r\n\r\n&nbsp;\r\n\r\n<hr \/>\r\n\r\n&nbsp;\r\n<h1><span style=\"color: #33cccc;\"><strong>PROJETS PARTICIPATIFS<\/strong><\/span><\/h1>\r\n&nbsp;\r\n<h1><span class=\"\" style=\"color: #33cccc;\">Fonds Vivre Ensemble<\/span><\/h1>\r\n<span class=\"\"><b>\u00c9cole des Ouches et Eklekto<\/b><\/span>\r\n\r\nLe projet \u00ab\u00a0<i>Voyage Percussif<\/i>\u00a0\u00bb a \u00e9t\u00e9 cr\u00e9\u00e9 sur-mesure pour l\u2019\u00c9cole des Ouches en 2023, dans le cadre du\u00a0<b>fonds\u00a0Vivre Ensemble<\/b> soutenu par le d\u00e9partement de l\u2019instruction publique, de la formation et de la jeunesse (DIP).\u00a0Inscrit dans une d\u00e9marche d\u2019\u00e9veil culturel et sensoriel, son ambition a \u00e9t\u00e9 de permettre la r\u00e9alisation d\u2019un partage musical et cr\u00e9atif. L\u2019\u00e9cole enti\u00e8re a \u00e9t\u00e9 convi\u00e9e \u00e0 une aventure sonore autour de diff\u00e9rents \u00e9l\u00e9ments (eau, feu, air, terre) en lien avec un continent (Afrique, Asie, Am\u00e9rique, Indon\u00e9sie). Les percussionnistes d\u2019Eklekto ont ainsi partag\u00e9 leur passion en guidant les \u00e9l\u00e8ves \u00e0 cr\u00e9er des instants musicaux par le biais d\u2019improvisations dirig\u00e9es. L\u2019utilisation d\u2019outils simples, sans pr\u00e9requis, \u00e0 inviter au jeu collectif. La performance finale, r\u00e9sultat d\u2019une ann\u00e9e d\u2019ateliers, a eu le 27 avril 2024 devant les familles.\r\n\r\n&nbsp;\r\n\r\n<img class=\"alignnone wp-image-4995\" src=\"https:\/\/eklekto.ch\/wp-content\/uploads\/dip_d_partement_de_linstruction_publique_gen_ve__logo-1.jpg\" alt=\"\" width=\"172\" height=\"133\" \/>\u00a0 <img class=\" wp-image-5450 alignnone\" src=\"https:\/\/eklekto.ch\/wp-content\/uploads\/fondation-inspir_logos_bleu-300x54.jpg\" alt=\"\" width=\"256\" height=\"46\" \/>","_fr_post_name":"projets-avec-la-ville-de-geneve","_fr_post_excerpt":"","_fr_post_title":"Autres projets scolaires","_en_post_content":"","_en_post_name":"","_en_post_excerpt":"","_en_post_title":"","edit_language":"en","footnotes":""},"class_list":["post-4877","page","type-page","status-publish","hentry"],"yoast_head":"<!-- This site is optimized with the Yoast SEO plugin v23.4 - https:\/\/yoast.com\/wordpress\/plugins\/seo\/ -->\n<title>Autres projets scolaires | Eklekto<\/title>\n<meta name=\"robots\" content=\"index, follow, max-snippet:-1, max-image-preview:large, max-video-preview:-1\" \/>\n<link rel=\"canonical\" href=\"https:\/\/eklekto.ch\/mediation-eklekto-kids-2\/projets-avec-la-ville-de-geneve\/\" \/>\n<meta property=\"og:locale\" content=\"en_US\" \/>\n<meta property=\"og:type\" content=\"article\" \/>\n<meta property=\"og:title\" content=\"Autres projets scolaires | Eklekto\" \/>\n<meta property=\"og:description\" content=\"PARASCOLAIRE Ateliers de percussion corporelle (16h-18h) La percussion corporelle est une pratique d\u2019une grande accessibilit\u00e9 et gr\u00e2ce \u00e0 sa diversit\u00e9, elle est un outil p\u00e9dagogique et artistique extr\u00eamement riche. Les participants explorent de nouvelles sonorit\u00e9s, construisent des rythmes dans une dynamique de partage et d\u2019\u00e9coute, et d\u00e9veloppent un travail physique et gestuel nouveau en n\u2019usant [&hellip;]\" \/>\n<meta property=\"og:url\" content=\"https:\/\/eklekto.ch\/mediation-eklekto-kids-2\/projets-avec-la-ville-de-geneve\/\" \/>\n<meta property=\"og:site_name\" content=\"Eklekto\" \/>\n<meta property=\"article:publisher\" content=\"https:\/\/www.facebook.com\/eklektopercussion\" \/>\n<meta property=\"article:modified_time\" content=\"2026-04-02T15:40:27+00:00\" \/>\n<meta property=\"og:image\" content=\"https:\/\/eklekto.ch\/wp-content\/uploads\/logo-giap-300x193.jpg\" \/>\n<meta name=\"twitter:card\" content=\"summary_large_image\" \/>\n<meta name=\"twitter:label1\" content=\"Est. reading time\" \/>\n\t<meta name=\"twitter:data1\" content=\"2 minutes\" \/>\n<script type=\"application\/ld+json\" class=\"yoast-schema-graph\">{\"@context\":\"https:\/\/schema.org\",\"@graph\":[{\"@type\":\"WebPage\",\"@id\":\"https:\/\/eklekto.ch\/mediation-eklekto-kids-2\/projets-avec-la-ville-de-geneve\/\",\"url\":\"https:\/\/eklekto.ch\/mediation-eklekto-kids-2\/projets-avec-la-ville-de-geneve\/\",\"name\":\"Autres projets scolaires | Eklekto\",\"isPartOf\":{\"@id\":\"https:\/\/eklekto.ch\/#website\"},\"primaryImageOfPage\":{\"@id\":\"https:\/\/eklekto.ch\/mediation-eklekto-kids-2\/projets-avec-la-ville-de-geneve\/#primaryimage\"},\"image\":{\"@id\":\"https:\/\/eklekto.ch\/mediation-eklekto-kids-2\/projets-avec-la-ville-de-geneve\/#primaryimage\"},\"thumbnailUrl\":\"https:\/\/eklekto.ch\/wp-content\/uploads\/logo-giap-300x193.jpg\",\"datePublished\":\"2025-09-25T10:10:23+00:00\",\"dateModified\":\"2026-04-02T15:40:27+00:00\",\"breadcrumb\":{\"@id\":\"https:\/\/eklekto.ch\/mediation-eklekto-kids-2\/projets-avec-la-ville-de-geneve\/#breadcrumb\"},\"inLanguage\":\"en-US\",\"potentialAction\":[{\"@type\":\"ReadAction\",\"target\":[\"https:\/\/eklekto.ch\/mediation-eklekto-kids-2\/projets-avec-la-ville-de-geneve\/\"]}]},{\"@type\":\"ImageObject\",\"inLanguage\":\"en-US\",\"@id\":\"https:\/\/eklekto.ch\/mediation-eklekto-kids-2\/projets-avec-la-ville-de-geneve\/#primaryimage\",\"url\":\"https:\/\/eklekto.ch\/wp-content\/uploads\/logo-giap-300x193.jpg\",\"contentUrl\":\"https:\/\/eklekto.ch\/wp-content\/uploads\/logo-giap-300x193.jpg\"},{\"@type\":\"BreadcrumbList\",\"@id\":\"https:\/\/eklekto.ch\/mediation-eklekto-kids-2\/projets-avec-la-ville-de-geneve\/#breadcrumb\",\"itemListElement\":[{\"@type\":\"ListItem\",\"position\":1,\"name\":\"Accueil\",\"item\":\"https:\/\/eklekto.ch\/\"},{\"@type\":\"ListItem\",\"position\":2,\"name\":\"M\u00e9diation\",\"item\":\"https:\/\/eklekto.ch\/mediation-eklekto-kids-2\/\"},{\"@type\":\"ListItem\",\"position\":3,\"name\":\"Autres projets scolaires\"}]},{\"@type\":\"WebSite\",\"@id\":\"https:\/\/eklekto.ch\/#website\",\"url\":\"https:\/\/eklekto.ch\/\",\"name\":\"Eklekto\",\"description\":\"Eklekto Geneva Percussion Center\",\"publisher\":{\"@id\":\"https:\/\/eklekto.ch\/#organization\"},\"alternateName\":\"Eklekto\",\"potentialAction\":[{\"@type\":\"SearchAction\",\"target\":{\"@type\":\"EntryPoint\",\"urlTemplate\":\"https:\/\/eklekto.ch\/?s={search_term_string}\"},\"query-input\":{\"@type\":\"PropertyValueSpecification\",\"valueRequired\":true,\"valueName\":\"search_term_string\"}}],\"inLanguage\":\"en-US\"},{\"@type\":\"Organization\",\"@id\":\"https:\/\/eklekto.ch\/#organization\",\"name\":\"Eklekto Geneva Percussion Center\",\"url\":\"https:\/\/eklekto.ch\/\",\"logo\":{\"@type\":\"ImageObject\",\"inLanguage\":\"en-US\",\"@id\":\"https:\/\/eklekto.ch\/#\/schema\/logo\/image\/\",\"url\":\"https:\/\/eklekto.ch\/wp-content\/uploads\/Eklekto_Logo-noir-sur-fond-blanc.jpg\",\"contentUrl\":\"https:\/\/eklekto.ch\/wp-content\/uploads\/Eklekto_Logo-noir-sur-fond-blanc.jpg\",\"width\":640,\"height\":317,\"caption\":\"Eklekto Geneva Percussion Center\"},\"image\":{\"@id\":\"https:\/\/eklekto.ch\/#\/schema\/logo\/image\/\"},\"sameAs\":[\"https:\/\/www.facebook.com\/eklektopercussion\",\"https:\/\/www.instagram.com\/eklekto_percussion\/\",\"https:\/\/www.youtube.com\/channel\/UCmkO9Je1ENSGNKNNsHcjP0g\",\"https:\/\/www.linkedin.com\/in\/eklekto-geneva-percussion-center-aa2b306b\/?originalSubdomain=ch\"]}]}<\/script>\n<!-- \/ Yoast SEO plugin. -->","yoast_head_json":{"title":"Autres projets scolaires | Eklekto","robots":{"index":"index","follow":"follow","max-snippet":"max-snippet:-1","max-image-preview":"max-image-preview:large","max-video-preview":"max-video-preview:-1"},"canonical":"https:\/\/eklekto.ch\/mediation-eklekto-kids-2\/projets-avec-la-ville-de-geneve\/","og_locale":"en_US","og_type":"article","og_title":"Autres projets scolaires | Eklekto","og_description":"PARASCOLAIRE Ateliers de percussion corporelle (16h-18h) La percussion corporelle est une pratique d\u2019une grande accessibilit\u00e9 et gr\u00e2ce \u00e0 sa diversit\u00e9, elle est un outil p\u00e9dagogique et artistique extr\u00eamement riche. Les participants explorent de nouvelles sonorit\u00e9s, construisent des rythmes dans une dynamique de partage et d\u2019\u00e9coute, et d\u00e9veloppent un travail physique et gestuel nouveau en n\u2019usant [&hellip;]","og_url":"https:\/\/eklekto.ch\/mediation-eklekto-kids-2\/projets-avec-la-ville-de-geneve\/","og_site_name":"Eklekto","article_publisher":"https:\/\/www.facebook.com\/eklektopercussion","article_modified_time":"2026-04-02T15:40:27+00:00","og_image":[{"url":"https:\/\/eklekto.ch\/wp-content\/uploads\/logo-giap-300x193.jpg"}],"twitter_card":"summary_large_image","twitter_misc":{"Est. reading time":"2 minutes"},"schema":{"@context":"https:\/\/schema.org","@graph":[{"@type":"WebPage","@id":"https:\/\/eklekto.ch\/mediation-eklekto-kids-2\/projets-avec-la-ville-de-geneve\/","url":"https:\/\/eklekto.ch\/mediation-eklekto-kids-2\/projets-avec-la-ville-de-geneve\/","name":"Autres projets scolaires | Eklekto","isPartOf":{"@id":"https:\/\/eklekto.ch\/#website"},"primaryImageOfPage":{"@id":"https:\/\/eklekto.ch\/mediation-eklekto-kids-2\/projets-avec-la-ville-de-geneve\/#primaryimage"},"image":{"@id":"https:\/\/eklekto.ch\/mediation-eklekto-kids-2\/projets-avec-la-ville-de-geneve\/#primaryimage"},"thumbnailUrl":"https:\/\/eklekto.ch\/wp-content\/uploads\/logo-giap-300x193.jpg","datePublished":"2025-09-25T10:10:23+00:00","dateModified":"2026-04-02T15:40:27+00:00","breadcrumb":{"@id":"https:\/\/eklekto.ch\/mediation-eklekto-kids-2\/projets-avec-la-ville-de-geneve\/#breadcrumb"},"inLanguage":"en-US","potentialAction":[{"@type":"ReadAction","target":["https:\/\/eklekto.ch\/mediation-eklekto-kids-2\/projets-avec-la-ville-de-geneve\/"]}]},{"@type":"ImageObject","inLanguage":"en-US","@id":"https:\/\/eklekto.ch\/mediation-eklekto-kids-2\/projets-avec-la-ville-de-geneve\/#primaryimage","url":"https:\/\/eklekto.ch\/wp-content\/uploads\/logo-giap-300x193.jpg","contentUrl":"https:\/\/eklekto.ch\/wp-content\/uploads\/logo-giap-300x193.jpg"},{"@type":"BreadcrumbList","@id":"https:\/\/eklekto.ch\/mediation-eklekto-kids-2\/projets-avec-la-ville-de-geneve\/#breadcrumb","itemListElement":[{"@type":"ListItem","position":1,"name":"Accueil","item":"https:\/\/eklekto.ch\/"},{"@type":"ListItem","position":2,"name":"M\u00e9diation","item":"https:\/\/eklekto.ch\/mediation-eklekto-kids-2\/"},{"@type":"ListItem","position":3,"name":"Autres projets scolaires"}]},{"@type":"WebSite","@id":"https:\/\/eklekto.ch\/#website","url":"https:\/\/eklekto.ch\/","name":"Eklekto","description":"Eklekto Geneva Percussion Center","publisher":{"@id":"https:\/\/eklekto.ch\/#organization"},"alternateName":"Eklekto","potentialAction":[{"@type":"SearchAction","target":{"@type":"EntryPoint","urlTemplate":"https:\/\/eklekto.ch\/?s={search_term_string}"},"query-input":{"@type":"PropertyValueSpecification","valueRequired":true,"valueName":"search_term_string"}}],"inLanguage":"en-US"},{"@type":"Organization","@id":"https:\/\/eklekto.ch\/#organization","name":"Eklekto Geneva Percussion Center","url":"https:\/\/eklekto.ch\/","logo":{"@type":"ImageObject","inLanguage":"en-US","@id":"https:\/\/eklekto.ch\/#\/schema\/logo\/image\/","url":"https:\/\/eklekto.ch\/wp-content\/uploads\/Eklekto_Logo-noir-sur-fond-blanc.jpg","contentUrl":"https:\/\/eklekto.ch\/wp-content\/uploads\/Eklekto_Logo-noir-sur-fond-blanc.jpg","width":640,"height":317,"caption":"Eklekto Geneva Percussion Center"},"image":{"@id":"https:\/\/eklekto.ch\/#\/schema\/logo\/image\/"},"sameAs":["https:\/\/www.facebook.com\/eklektopercussion","https:\/\/www.instagram.com\/eklekto_percussion\/","https:\/\/www.youtube.com\/channel\/UCmkO9Je1ENSGNKNNsHcjP0g","https:\/\/www.linkedin.com\/in\/eklekto-geneva-percussion-center-aa2b306b\/?originalSubdomain=ch"]}]}},"_links":{"self":[{"href":"https:\/\/eklekto.ch\/en\/wp-json\/wp\/v2\/pages\/4877"}],"collection":[{"href":"https:\/\/eklekto.ch\/en\/wp-json\/wp\/v2\/pages"}],"about":[{"href":"https:\/\/eklekto.ch\/en\/wp-json\/wp\/v2\/types\/page"}],"author":[{"embeddable":true,"href":"https:\/\/eklekto.ch\/en\/wp-json\/wp\/v2\/users\/8"}],"replies":[{"embeddable":true,"href":"https:\/\/eklekto.ch\/en\/wp-json\/wp\/v2\/comments?post=4877"}],"version-history":[{"count":43,"href":"https:\/\/eklekto.ch\/en\/wp-json\/wp\/v2\/pages\/4877\/revisions"}],"predecessor-version":[{"id":5589,"href":"https:\/\/eklekto.ch\/en\/wp-json\/wp\/v2\/pages\/4877\/revisions\/5589"}],"up":[{"embeddable":true,"href":"https:\/\/eklekto.ch\/en\/wp-json\/wp\/v2\/pages\/4855"}],"wp:attachment":[{"href":"https:\/\/eklekto.ch\/en\/wp-json\/wp\/v2\/media?parent=4877"}],"curies":[{"name":"wp","href":"https:\/\/api.w.org\/{rel}","templated":true}]}}