{"id":4863,"date":"2025-09-25T11:24:51","date_gmt":"2025-09-25T09:24:51","guid":{"rendered":"https:\/\/eklekto.ch\/?page_id=4863"},"modified":"2025-10-30T18:03:02","modified_gmt":"2025-10-30T17:03:02","slug":"","status":"publish","type":"page","link":"https:\/\/eklekto.ch\/en\/mediation-eklekto-kids-2\/projets-cantonaux\/","title":{"rendered":"","raw":""},"content":{"rendered":"","protected":false,"raw":""},"excerpt":{"rendered":"","protected":false,"raw":""},"author":8,"featured_media":0,"parent":4855,"menu_order":0,"comment_status":"closed","ping_status":"closed","template":"","meta":{"om_disable_all_campaigns":false,"inline_featured_image":false,"_monsterinsights_skip_tracking":false,"_monsterinsights_sitenote_active":false,"_monsterinsights_sitenote_note":"","_monsterinsights_sitenote_category":0,"_fr_post_content":"<div>\r\n<h2 style=\"text-align: left;\"><span style=\"text-decoration: underline;\"><strong><span style=\"color: #33cccc; text-decoration: underline;\">NOUVEAUX PROJETS 2025-2026<\/span><\/strong><\/span><\/h2>\r\n<\/div>\r\n<img class=\"alignnone size-full wp-image-4993\" src=\"https:\/\/eklekto.ch\/wp-content\/uploads\/icon-ecoleculture.jpg\" alt=\"\" width=\"121\" height=\"118\" \/>\r\n<div>\r\n<p style=\"text-align: left;\"><em><span style=\"color: #33cccc;\"><b>Loops<\/b><\/span><\/em> a pour objectif de faire d\u00e9couvrir la musique mixte, un genre alliant instruments acoustiques et traitements \u00e9lectroniques. \u00c0 travers cette exp\u00e9rience, les \u00e9l\u00e8ves sont invit\u00e9s \u00e0 d\u00e9velopper leur cr\u00e9ativit\u00e9, leur \u00e9coute active ainsi que leur capacit\u00e9 \u00e0 travailler en groupe. Le projet comprend \u00e9galement un travail approfondi sur la m\u00e9morisation d\u2019\u00e9l\u00e9ments musicaux, essentiel \u00e0 la construction d\u2019une \u0153uvre collective. En fin de parcours, les participants cr\u00e9ent ensemble une pi\u00e8ce originale m\u00ealant instruments traditionnels et dispositifs \u00e9lectroniques.<\/p>\r\n<p style=\"text-align: left;\">Dates: les\u00a0<span style=\"color: #33cccc;\">6, 10 octobre 2025<\/span>, les <span style=\"color: #33cccc;\">17, 20, 24 et 27 novembre<\/span> 2025, les <span style=\"color: #33cccc;\">12 et 15 janvier 2026<\/span> ainsi que les <span style=\"color: #33cccc;\">2 et 5 f\u00e9vrier 2026<\/span> dans l\u2019\u00e9cole concern\u00e9e.<\/p>\r\n&nbsp;\r\n<p style=\"text-align: left;\"><span style=\"color: #33cccc;\"><b>\u00c9cho d\u2019Eklekto : Voyage au c\u0153ur des percussions <\/b><\/span>propose aux \u00e9l\u00e8ves un v\u00e9ritable voyage sensoriel \u00e0 travers le monde des percussions. En mettant l\u2019accent sur l\u2019exploration sonore, tactile et vibratoire, il permet aux participants de d\u00e9couvrir les multiples facettes des instruments \u00e0 percussion.\u00a0Les enfants sont invit\u00e9s \u00e0 \u00e9couter, toucher, ressentir et exp\u00e9rimenter les sons, les textures et les vibrations produits par ces instruments, notamment les plus imposants. Ce travail d\u2019interaction physique \u2013 frapper, secouer, gratter, entrechoquer \u2013 favorise non seulement la perception auditive, tactile et kinesth\u00e9sique, mais contribue aussi au d\u00e9veloppement de la coordination motrice fine. Par ce biais, les \u00e9l\u00e8ves apprennent \u00e0 ma\u00eetriser leurs gestes tout en d\u00e9veloppant une sensibilit\u00e9 musicale et corporelle essentielle.<\/p>\r\n<p style=\"text-align: left;\">Dates: les <span style=\"color: #33cccc;\">9, 10 et 13 octobre 2025<\/span> aux 6 toits.<\/p>\r\n&nbsp;\r\n\r\n<hr \/>\r\n\r\n<h3 style=\"text-align: left;\"><\/h3>\r\n<h1 style=\"text-align: left;\"><span style=\"text-decoration: underline;\"><span style=\"color: #33cccc;\"><strong>PROJETS R\u00c9ALIS\u00c9S<\/strong><\/span><\/span><\/h1>\r\n&nbsp;\r\n<p style=\"text-align: left;\"><span class=\"\"><b><span style=\"color: #33cccc;\">Atelier-visite avec \u00c9cole &amp; Culture<\/span>\r\n<\/b><\/span><\/p>\r\n\r\n<div style=\"text-align: left;\">Au c\u0153ur des 6 toits se niche l\u2019instrumentarium, un \u00ab\u00a0mus\u00e9e\u00a0\u00bb unique de 1300 instruments \u00e0 percussion.<\/div>\r\n<div style=\"text-align: left;\">Lieu culturel de visites depuis son ouverture en 2022, il accueille des publics de tous \u00e2ges dans un local de 160m2.<\/div>\r\n<div style=\"text-align: left;\">Timbales et batteries c\u00f4toient ici cencerros, claves et congas.<\/div>\r\n<div style=\"text-align: left;\">\r\n\r\nTous les continents sont repr\u00e9sent\u00e9s pour un voyage rythmique \u00e0 la d\u00e9couverte de sons insolites.\r\n<div style=\"text-align: left;\"><span style=\"color: #33cccc;\"><strong>Bouge ton son<\/strong><\/span><\/div>\r\n&nbsp;\r\n<p style=\"text-align: left;\">Et si nous avions l\u2019id\u00e9e de construire une bande-son en associant rythmes et sons des objets du quotidien pour devenir d\u2019apprentis compositeurs de musique de film?\u00a0Ajoutons \u00e0 cela, tablettes, smartphones et contr\u00f4leurs en tout genre afin de g\u00e9n\u00e9rer et modifier des sons en temps r\u00e9el, vous voil\u00e0 plong\u00e9 dans l\u2019univers de Bouge ton son.<\/p>\r\n<p style=\"text-align: left;\"><span style=\"color: #33cccc;\"><strong>Marimbaka<\/strong><\/span><\/p>\r\n<p style=\"text-align: left;\">Voici un concert con\u00e7u comme une mosa\u00efque de courtes pi\u00e8ces interpr\u00e9t\u00e9es au marimba. Deux protagonistes doivent assurer leur prestation musicale au Marimba mais sont tr\u00e8s rapidement sujets \u00e0 des situations de plus en plus cocasses et loufoques, mais le concert aura lieu co\u00fbte que co\u00fbte. Sensibilisation aux grands compositeurs et aux instruments \u00e0 percussion.<\/p>\r\n<p style=\"text-align: left;\"><span style=\"color: #33cccc;\"><strong>Le dos de la langue<\/strong><\/span><\/p>\r\n<p style=\"text-align: left;\">Spectacle de th\u00e9\u00e2tre musical suivi d\u2019une pr\u00e9sentation interactive. La percussion est mise en sc\u00e8ne, autour de diff\u00e9rents compositeurs.trices contemporain.e.s\u00a0 qui ont apport\u00e9 de grandes nouveaut\u00e9s dans le domaine musical, de leurs caract\u00e9ristiques cr\u00e9atives ainsi que de divers outils musicaux.<\/p>\r\n<p style=\"text-align: left;\"><span style=\"color: #33cccc;\"><strong>Voyage sonore et paysage virtuel<\/strong><\/span><\/p>\r\n<p style=\"text-align: left;\">Cr\u00e9ations de plusieurs univers sonores et visuels 3D avec performance live. Cet atelier permet d\u2019explorer tour \u00e0 tour le son, la vid\u00e9o et le mixage, en offrant une approche \u00e0 la cr\u00e9ation assist\u00e9e par ordinateurs et une appr\u00e9ciation cr\u00e9ative des nouvelles technologies.<\/p>\r\n\r\n<div>\r\n<p style=\"text-align: left;\"><span style=\"color: #33cccc;\"><strong>Salut Georges !<\/strong><\/span><\/p>\r\n<p style=\"text-align: left;\">Avec le projet \u00ab Salut Georges ! \u00bb , Eklekto et le Duo Romanesco proposent de cr\u00e9er avec les \u00e9l\u00e8ves un court spectacle de th\u00e9\u00e2tre musical bas\u00e9 sur le mouvement et les mots. Les musiciens Romane Bouffioux et Corentin Barro s\u2019inspirent du travail de George Aperghis dans lequel la mise en sc\u00e8ne et l\u2019orchestration des pi\u00e8ces peut \u00eatre compl\u00e8tement libre. Plusieurs mat\u00e9riaux musicaux et sonores sont utilis\u00e9s : textes ab\u00e9c\u00e9daires, \u00ab \u00e9num\u00e9rations\u00a0<em>\u00bb<\/em> , et mouvements de Thierry de Mey\u2026 Apr\u00e8s avoir travaill\u00e9 chaque \u00e9l\u00e9ment s\u00e9par\u00e9ment, ces mat\u00e9riaux sont associ\u00e9s en choisissant les transitions avec les \u00e9l\u00e8ves de mani\u00e8re \u00e0 cr\u00e9er un court spectacle.<\/p>\r\n&nbsp;\r\n\r\n<\/div>\r\n<div><img class=\"alignnone wp-image-4995\" src=\"https:\/\/eklekto.ch\/wp-content\/uploads\/dip_d_partement_de_linstruction_publique_gen_ve__logo-1.jpg\" alt=\"\" width=\"177\" height=\"137\" \/><\/div>\r\n<\/div>\r\n<\/div>","_fr_post_name":"projets-cantonaux","_fr_post_excerpt":"","_fr_post_title":"Projets \u00c9cole et Culture","_en_post_content":"","_en_post_name":"","_en_post_excerpt":"","_en_post_title":"","edit_language":"en","footnotes":""},"class_list":["post-4863","page","type-page","status-publish","hentry"],"yoast_head":"<!-- This site is optimized with the Yoast SEO plugin v23.4 - https:\/\/yoast.com\/wordpress\/plugins\/seo\/ -->\n<title>Projets \u00c9cole et Culture | Eklekto<\/title>\n<meta name=\"robots\" content=\"index, follow, max-snippet:-1, max-image-preview:large, max-video-preview:-1\" \/>\n<link rel=\"canonical\" href=\"https:\/\/eklekto.ch\/mediation-eklekto-kids-2\/projets-cantonaux\/\" \/>\n<meta property=\"og:locale\" content=\"en_US\" \/>\n<meta property=\"og:type\" content=\"article\" \/>\n<meta property=\"og:title\" content=\"Projets \u00c9cole et Culture | Eklekto\" \/>\n<meta property=\"og:description\" content=\"NOUVEAUX PROJETS 2025-2026 Loops a pour objectif de faire d\u00e9couvrir la musique mixte, un genre alliant instruments acoustiques et traitements \u00e9lectroniques. \u00c0 travers cette exp\u00e9rience, les \u00e9l\u00e8ves sont invit\u00e9s \u00e0 d\u00e9velopper leur cr\u00e9ativit\u00e9, leur \u00e9coute active ainsi que leur capacit\u00e9 \u00e0 travailler en groupe. Le projet comprend \u00e9galement un travail approfondi sur la m\u00e9morisation d\u2019\u00e9l\u00e9ments [&hellip;]\" \/>\n<meta property=\"og:url\" content=\"https:\/\/eklekto.ch\/mediation-eklekto-kids-2\/projets-cantonaux\/\" \/>\n<meta property=\"og:site_name\" content=\"Eklekto\" \/>\n<meta property=\"article:publisher\" content=\"https:\/\/www.facebook.com\/eklektopercussion\" \/>\n<meta property=\"article:modified_time\" content=\"2025-10-30T17:03:02+00:00\" \/>\n<meta property=\"og:image\" content=\"https:\/\/eklekto.ch\/wp-content\/uploads\/icon-ecoleculture.jpg\" \/>\n<meta name=\"twitter:card\" content=\"summary_large_image\" \/>\n<meta name=\"twitter:label1\" content=\"Est. reading time\" \/>\n\t<meta name=\"twitter:data1\" content=\"4 minutes\" \/>\n<script type=\"application\/ld+json\" class=\"yoast-schema-graph\">{\"@context\":\"https:\/\/schema.org\",\"@graph\":[{\"@type\":\"WebPage\",\"@id\":\"https:\/\/eklekto.ch\/mediation-eklekto-kids-2\/projets-cantonaux\/\",\"url\":\"https:\/\/eklekto.ch\/mediation-eklekto-kids-2\/projets-cantonaux\/\",\"name\":\"Projets \u00c9cole et Culture | Eklekto\",\"isPartOf\":{\"@id\":\"https:\/\/eklekto.ch\/#website\"},\"primaryImageOfPage\":{\"@id\":\"https:\/\/eklekto.ch\/mediation-eklekto-kids-2\/projets-cantonaux\/#primaryimage\"},\"image\":{\"@id\":\"https:\/\/eklekto.ch\/mediation-eklekto-kids-2\/projets-cantonaux\/#primaryimage\"},\"thumbnailUrl\":\"https:\/\/eklekto.ch\/wp-content\/uploads\/icon-ecoleculture.jpg\",\"datePublished\":\"2025-09-25T09:24:51+00:00\",\"dateModified\":\"2025-10-30T17:03:02+00:00\",\"breadcrumb\":{\"@id\":\"https:\/\/eklekto.ch\/mediation-eklekto-kids-2\/projets-cantonaux\/#breadcrumb\"},\"inLanguage\":\"en-US\",\"potentialAction\":[{\"@type\":\"ReadAction\",\"target\":[\"https:\/\/eklekto.ch\/mediation-eklekto-kids-2\/projets-cantonaux\/\"]}]},{\"@type\":\"ImageObject\",\"inLanguage\":\"en-US\",\"@id\":\"https:\/\/eklekto.ch\/mediation-eklekto-kids-2\/projets-cantonaux\/#primaryimage\",\"url\":\"https:\/\/eklekto.ch\/wp-content\/uploads\/icon-ecoleculture.jpg\",\"contentUrl\":\"https:\/\/eklekto.ch\/wp-content\/uploads\/icon-ecoleculture.jpg\"},{\"@type\":\"BreadcrumbList\",\"@id\":\"https:\/\/eklekto.ch\/mediation-eklekto-kids-2\/projets-cantonaux\/#breadcrumb\",\"itemListElement\":[{\"@type\":\"ListItem\",\"position\":1,\"name\":\"Accueil\",\"item\":\"https:\/\/eklekto.ch\/\"},{\"@type\":\"ListItem\",\"position\":2,\"name\":\"M\u00e9diation\",\"item\":\"https:\/\/eklekto.ch\/mediation-eklekto-kids-2\/\"},{\"@type\":\"ListItem\",\"position\":3,\"name\":\"Projets \u00c9cole et Culture\"}]},{\"@type\":\"WebSite\",\"@id\":\"https:\/\/eklekto.ch\/#website\",\"url\":\"https:\/\/eklekto.ch\/\",\"name\":\"Eklekto\",\"description\":\"Eklekto Geneva Percussion Center\",\"publisher\":{\"@id\":\"https:\/\/eklekto.ch\/#organization\"},\"alternateName\":\"Eklekto\",\"potentialAction\":[{\"@type\":\"SearchAction\",\"target\":{\"@type\":\"EntryPoint\",\"urlTemplate\":\"https:\/\/eklekto.ch\/?s={search_term_string}\"},\"query-input\":{\"@type\":\"PropertyValueSpecification\",\"valueRequired\":true,\"valueName\":\"search_term_string\"}}],\"inLanguage\":\"en-US\"},{\"@type\":\"Organization\",\"@id\":\"https:\/\/eklekto.ch\/#organization\",\"name\":\"Eklekto Geneva Percussion Center\",\"url\":\"https:\/\/eklekto.ch\/\",\"logo\":{\"@type\":\"ImageObject\",\"inLanguage\":\"en-US\",\"@id\":\"https:\/\/eklekto.ch\/#\/schema\/logo\/image\/\",\"url\":\"https:\/\/eklekto.ch\/wp-content\/uploads\/Eklekto_Logo-noir-sur-fond-blanc.jpg\",\"contentUrl\":\"https:\/\/eklekto.ch\/wp-content\/uploads\/Eklekto_Logo-noir-sur-fond-blanc.jpg\",\"width\":640,\"height\":317,\"caption\":\"Eklekto Geneva Percussion Center\"},\"image\":{\"@id\":\"https:\/\/eklekto.ch\/#\/schema\/logo\/image\/\"},\"sameAs\":[\"https:\/\/www.facebook.com\/eklektopercussion\",\"https:\/\/www.instagram.com\/eklekto_percussion\/\",\"https:\/\/www.youtube.com\/channel\/UCmkO9Je1ENSGNKNNsHcjP0g\",\"https:\/\/www.linkedin.com\/in\/eklekto-geneva-percussion-center-aa2b306b\/?originalSubdomain=ch\"]}]}<\/script>\n<!-- \/ Yoast SEO plugin. -->","yoast_head_json":{"title":"Projets \u00c9cole et Culture | Eklekto","robots":{"index":"index","follow":"follow","max-snippet":"max-snippet:-1","max-image-preview":"max-image-preview:large","max-video-preview":"max-video-preview:-1"},"canonical":"https:\/\/eklekto.ch\/mediation-eklekto-kids-2\/projets-cantonaux\/","og_locale":"en_US","og_type":"article","og_title":"Projets \u00c9cole et Culture | Eklekto","og_description":"NOUVEAUX PROJETS 2025-2026 Loops a pour objectif de faire d\u00e9couvrir la musique mixte, un genre alliant instruments acoustiques et traitements \u00e9lectroniques. \u00c0 travers cette exp\u00e9rience, les \u00e9l\u00e8ves sont invit\u00e9s \u00e0 d\u00e9velopper leur cr\u00e9ativit\u00e9, leur \u00e9coute active ainsi que leur capacit\u00e9 \u00e0 travailler en groupe. Le projet comprend \u00e9galement un travail approfondi sur la m\u00e9morisation d\u2019\u00e9l\u00e9ments [&hellip;]","og_url":"https:\/\/eklekto.ch\/mediation-eklekto-kids-2\/projets-cantonaux\/","og_site_name":"Eklekto","article_publisher":"https:\/\/www.facebook.com\/eklektopercussion","article_modified_time":"2025-10-30T17:03:02+00:00","og_image":[{"url":"https:\/\/eklekto.ch\/wp-content\/uploads\/icon-ecoleculture.jpg"}],"twitter_card":"summary_large_image","twitter_misc":{"Est. reading time":"4 minutes"},"schema":{"@context":"https:\/\/schema.org","@graph":[{"@type":"WebPage","@id":"https:\/\/eklekto.ch\/mediation-eklekto-kids-2\/projets-cantonaux\/","url":"https:\/\/eklekto.ch\/mediation-eklekto-kids-2\/projets-cantonaux\/","name":"Projets \u00c9cole et Culture | Eklekto","isPartOf":{"@id":"https:\/\/eklekto.ch\/#website"},"primaryImageOfPage":{"@id":"https:\/\/eklekto.ch\/mediation-eklekto-kids-2\/projets-cantonaux\/#primaryimage"},"image":{"@id":"https:\/\/eklekto.ch\/mediation-eklekto-kids-2\/projets-cantonaux\/#primaryimage"},"thumbnailUrl":"https:\/\/eklekto.ch\/wp-content\/uploads\/icon-ecoleculture.jpg","datePublished":"2025-09-25T09:24:51+00:00","dateModified":"2025-10-30T17:03:02+00:00","breadcrumb":{"@id":"https:\/\/eklekto.ch\/mediation-eklekto-kids-2\/projets-cantonaux\/#breadcrumb"},"inLanguage":"en-US","potentialAction":[{"@type":"ReadAction","target":["https:\/\/eklekto.ch\/mediation-eklekto-kids-2\/projets-cantonaux\/"]}]},{"@type":"ImageObject","inLanguage":"en-US","@id":"https:\/\/eklekto.ch\/mediation-eklekto-kids-2\/projets-cantonaux\/#primaryimage","url":"https:\/\/eklekto.ch\/wp-content\/uploads\/icon-ecoleculture.jpg","contentUrl":"https:\/\/eklekto.ch\/wp-content\/uploads\/icon-ecoleculture.jpg"},{"@type":"BreadcrumbList","@id":"https:\/\/eklekto.ch\/mediation-eklekto-kids-2\/projets-cantonaux\/#breadcrumb","itemListElement":[{"@type":"ListItem","position":1,"name":"Accueil","item":"https:\/\/eklekto.ch\/"},{"@type":"ListItem","position":2,"name":"M\u00e9diation","item":"https:\/\/eklekto.ch\/mediation-eklekto-kids-2\/"},{"@type":"ListItem","position":3,"name":"Projets \u00c9cole et Culture"}]},{"@type":"WebSite","@id":"https:\/\/eklekto.ch\/#website","url":"https:\/\/eklekto.ch\/","name":"Eklekto","description":"Eklekto Geneva Percussion Center","publisher":{"@id":"https:\/\/eklekto.ch\/#organization"},"alternateName":"Eklekto","potentialAction":[{"@type":"SearchAction","target":{"@type":"EntryPoint","urlTemplate":"https:\/\/eklekto.ch\/?s={search_term_string}"},"query-input":{"@type":"PropertyValueSpecification","valueRequired":true,"valueName":"search_term_string"}}],"inLanguage":"en-US"},{"@type":"Organization","@id":"https:\/\/eklekto.ch\/#organization","name":"Eklekto Geneva Percussion Center","url":"https:\/\/eklekto.ch\/","logo":{"@type":"ImageObject","inLanguage":"en-US","@id":"https:\/\/eklekto.ch\/#\/schema\/logo\/image\/","url":"https:\/\/eklekto.ch\/wp-content\/uploads\/Eklekto_Logo-noir-sur-fond-blanc.jpg","contentUrl":"https:\/\/eklekto.ch\/wp-content\/uploads\/Eklekto_Logo-noir-sur-fond-blanc.jpg","width":640,"height":317,"caption":"Eklekto Geneva Percussion Center"},"image":{"@id":"https:\/\/eklekto.ch\/#\/schema\/logo\/image\/"},"sameAs":["https:\/\/www.facebook.com\/eklektopercussion","https:\/\/www.instagram.com\/eklekto_percussion\/","https:\/\/www.youtube.com\/channel\/UCmkO9Je1ENSGNKNNsHcjP0g","https:\/\/www.linkedin.com\/in\/eklekto-geneva-percussion-center-aa2b306b\/?originalSubdomain=ch"]}]}},"_links":{"self":[{"href":"https:\/\/eklekto.ch\/en\/wp-json\/wp\/v2\/pages\/4863"}],"collection":[{"href":"https:\/\/eklekto.ch\/en\/wp-json\/wp\/v2\/pages"}],"about":[{"href":"https:\/\/eklekto.ch\/en\/wp-json\/wp\/v2\/types\/page"}],"author":[{"embeddable":true,"href":"https:\/\/eklekto.ch\/en\/wp-json\/wp\/v2\/users\/8"}],"replies":[{"embeddable":true,"href":"https:\/\/eklekto.ch\/en\/wp-json\/wp\/v2\/comments?post=4863"}],"version-history":[{"count":41,"href":"https:\/\/eklekto.ch\/en\/wp-json\/wp\/v2\/pages\/4863\/revisions"}],"predecessor-version":[{"id":5211,"href":"https:\/\/eklekto.ch\/en\/wp-json\/wp\/v2\/pages\/4863\/revisions\/5211"}],"up":[{"embeddable":true,"href":"https:\/\/eklekto.ch\/en\/wp-json\/wp\/v2\/pages\/4855"}],"wp:attachment":[{"href":"https:\/\/eklekto.ch\/en\/wp-json\/wp\/v2\/media?parent=4863"}],"curies":[{"name":"wp","href":"https:\/\/api.w.org\/{rel}","templated":true}]}}