{"id":4860,"date":"2025-09-25T11:18:57","date_gmt":"2025-09-25T09:18:57","guid":{"rendered":"https:\/\/eklekto.ch\/?page_id=4860"},"modified":"2025-10-02T14:29:16","modified_gmt":"2025-10-02T12:29:16","slug":"","status":"publish","type":"page","link":"https:\/\/eklekto.ch\/en\/mediation-eklekto-kids-2\/presentation-et-contact\/","title":{"rendered":"","raw":""},"content":{"rendered":"","protected":false,"raw":""},"excerpt":{"rendered":"","protected":false,"raw":""},"author":8,"featured_media":0,"parent":4855,"menu_order":0,"comment_status":"closed","ping_status":"closed","template":"","meta":{"om_disable_all_campaigns":false,"inline_featured_image":false,"_monsterinsights_skip_tracking":false,"_monsterinsights_sitenote_active":false,"_monsterinsights_sitenote_note":"","_monsterinsights_sitenote_category":0,"_fr_post_content":"<h2><strong><span style=\"color: #ff0000;\">ENTREZ DANS LE SON, ENTREZ DANS LE RYTHME !<\/span><\/strong><\/h2>\r\n<img class=\"alignnone wp-image-4998\" src=\"https:\/\/eklekto.ch\/wp-content\/uploads\/Eklekto-Kids-logo-300x300.png\" alt=\"\" width=\"239\" height=\"239\" \/>\r\n\r\nLa percussion, par essence, est un extraordinaire outil de m\u00e9diation.\r\n\r\nElle ouvre naturellement de nombreuses portes d\u2019acc\u00e8s \u00e0 la musique contemporaine et avant-gardiste, et ce, sous toutes les formes qu\u2019elles soient instrumentales ou num\u00e9riques. Explorations acoustiques, sonorisations visuelles, exp\u00e9riences interactives, \u00e9coutes attentives ou pr\u00e9sentations p\u00e9dagogiques, Eklekto se donne pour mission de faire d\u00e9couvrir la percussion \u00e0 tous les \u00e2ges.\r\n\r\nEn 2014, Eklekto Kids voit le jour et propose des animations enrichissantes d\u00e9di\u00e9es au jeune public. De fa\u00e7on personnalis\u00e9e, nous intervenons dans les \u00e9coles publiques et priv\u00e9es, dans le cadre d\u2019ateliers du parascolaire, dans les biblioth\u00e8ques et pour toutes structures qui souhaitent proposer une d\u00e9couverte in\u00e9dite du monde sonore.\r\n\r\nChaque structure est diff\u00e9rente et nous \u00e9tudions chaque demande avec la plus grande attention.\r\n\r\n&nbsp;\r\n\r\nN'h\u00e9sitez pas \u00e0 nous soumettre une demande de visite ou de m\u00e9diation.\r\n&nbsp;\r\n<a href=\"mailto:admin@eklekto.ch\" target=\"_blank\" rel=\"noopener\">admin@eklekto.ch<\/a>\r\n022\u00a0329 85 55","_fr_post_name":"presentation-et-contact","_fr_post_excerpt":"","_fr_post_title":"Pr\u00e9sentation","_en_post_content":"","_en_post_name":"","_en_post_excerpt":"","_en_post_title":"","edit_language":"en","footnotes":""},"class_list":["post-4860","page","type-page","status-publish","hentry"],"yoast_head":"<!-- This site is optimized with the Yoast SEO plugin v23.4 - https:\/\/yoast.com\/wordpress\/plugins\/seo\/ -->\n<title>Pr\u00e9sentation | Eklekto<\/title>\n<meta name=\"robots\" content=\"index, follow, max-snippet:-1, max-image-preview:large, max-video-preview:-1\" \/>\n<link rel=\"canonical\" href=\"https:\/\/eklekto.ch\/mediation-eklekto-kids-2\/presentation-et-contact\/\" \/>\n<meta property=\"og:locale\" content=\"en_US\" \/>\n<meta property=\"og:type\" content=\"article\" \/>\n<meta property=\"og:title\" content=\"Pr\u00e9sentation | Eklekto\" \/>\n<meta property=\"og:description\" content=\"ENTREZ DANS LE SON, ENTREZ DANS LE RYTHME ! La percussion, par essence, est un extraordinaire outil de m\u00e9diation. Elle ouvre naturellement de nombreuses portes d\u2019acc\u00e8s \u00e0 la musique contemporaine et avant-gardiste, et ce, sous toutes les formes qu\u2019elles soient instrumentales ou num\u00e9riques. Explorations acoustiques, sonorisations visuelles, exp\u00e9riences interactives, \u00e9coutes attentives ou pr\u00e9sentations p\u00e9dagogiques, Eklekto [&hellip;]\" \/>\n<meta property=\"og:url\" content=\"https:\/\/eklekto.ch\/mediation-eklekto-kids-2\/presentation-et-contact\/\" \/>\n<meta property=\"og:site_name\" content=\"Eklekto\" \/>\n<meta property=\"article:publisher\" content=\"https:\/\/www.facebook.com\/eklektopercussion\" \/>\n<meta property=\"article:modified_time\" content=\"2025-10-02T12:29:16+00:00\" \/>\n<meta property=\"og:image\" content=\"https:\/\/eklekto.ch\/wp-content\/uploads\/Eklekto-Kids-logo-300x300.png\" \/>\n<meta name=\"twitter:card\" content=\"summary_large_image\" \/>\n<meta name=\"twitter:label1\" content=\"Est. reading time\" \/>\n\t<meta name=\"twitter:data1\" content=\"1 minute\" \/>\n<script type=\"application\/ld+json\" class=\"yoast-schema-graph\">{\"@context\":\"https:\/\/schema.org\",\"@graph\":[{\"@type\":\"WebPage\",\"@id\":\"https:\/\/eklekto.ch\/mediation-eklekto-kids-2\/presentation-et-contact\/\",\"url\":\"https:\/\/eklekto.ch\/mediation-eklekto-kids-2\/presentation-et-contact\/\",\"name\":\"Pr\u00e9sentation | Eklekto\",\"isPartOf\":{\"@id\":\"https:\/\/eklekto.ch\/#website\"},\"primaryImageOfPage\":{\"@id\":\"https:\/\/eklekto.ch\/mediation-eklekto-kids-2\/presentation-et-contact\/#primaryimage\"},\"image\":{\"@id\":\"https:\/\/eklekto.ch\/mediation-eklekto-kids-2\/presentation-et-contact\/#primaryimage\"},\"thumbnailUrl\":\"https:\/\/eklekto.ch\/wp-content\/uploads\/Eklekto-Kids-logo-300x300.png\",\"datePublished\":\"2025-09-25T09:18:57+00:00\",\"dateModified\":\"2025-10-02T12:29:16+00:00\",\"breadcrumb\":{\"@id\":\"https:\/\/eklekto.ch\/mediation-eklekto-kids-2\/presentation-et-contact\/#breadcrumb\"},\"inLanguage\":\"en-US\",\"potentialAction\":[{\"@type\":\"ReadAction\",\"target\":[\"https:\/\/eklekto.ch\/mediation-eklekto-kids-2\/presentation-et-contact\/\"]}]},{\"@type\":\"ImageObject\",\"inLanguage\":\"en-US\",\"@id\":\"https:\/\/eklekto.ch\/mediation-eklekto-kids-2\/presentation-et-contact\/#primaryimage\",\"url\":\"https:\/\/eklekto.ch\/wp-content\/uploads\/Eklekto-Kids-logo-300x300.png\",\"contentUrl\":\"https:\/\/eklekto.ch\/wp-content\/uploads\/Eklekto-Kids-logo-300x300.png\"},{\"@type\":\"BreadcrumbList\",\"@id\":\"https:\/\/eklekto.ch\/mediation-eklekto-kids-2\/presentation-et-contact\/#breadcrumb\",\"itemListElement\":[{\"@type\":\"ListItem\",\"position\":1,\"name\":\"Accueil\",\"item\":\"https:\/\/eklekto.ch\/\"},{\"@type\":\"ListItem\",\"position\":2,\"name\":\"M\u00e9diation\",\"item\":\"https:\/\/eklekto.ch\/mediation-eklekto-kids-2\/\"},{\"@type\":\"ListItem\",\"position\":3,\"name\":\"Pr\u00e9sentation\"}]},{\"@type\":\"WebSite\",\"@id\":\"https:\/\/eklekto.ch\/#website\",\"url\":\"https:\/\/eklekto.ch\/\",\"name\":\"Eklekto\",\"description\":\"Eklekto Geneva Percussion Center\",\"publisher\":{\"@id\":\"https:\/\/eklekto.ch\/#organization\"},\"alternateName\":\"Eklekto\",\"potentialAction\":[{\"@type\":\"SearchAction\",\"target\":{\"@type\":\"EntryPoint\",\"urlTemplate\":\"https:\/\/eklekto.ch\/?s={search_term_string}\"},\"query-input\":{\"@type\":\"PropertyValueSpecification\",\"valueRequired\":true,\"valueName\":\"search_term_string\"}}],\"inLanguage\":\"en-US\"},{\"@type\":\"Organization\",\"@id\":\"https:\/\/eklekto.ch\/#organization\",\"name\":\"Eklekto Geneva Percussion Center\",\"url\":\"https:\/\/eklekto.ch\/\",\"logo\":{\"@type\":\"ImageObject\",\"inLanguage\":\"en-US\",\"@id\":\"https:\/\/eklekto.ch\/#\/schema\/logo\/image\/\",\"url\":\"https:\/\/eklekto.ch\/wp-content\/uploads\/Eklekto_Logo-noir-sur-fond-blanc.jpg\",\"contentUrl\":\"https:\/\/eklekto.ch\/wp-content\/uploads\/Eklekto_Logo-noir-sur-fond-blanc.jpg\",\"width\":640,\"height\":317,\"caption\":\"Eklekto Geneva Percussion Center\"},\"image\":{\"@id\":\"https:\/\/eklekto.ch\/#\/schema\/logo\/image\/\"},\"sameAs\":[\"https:\/\/www.facebook.com\/eklektopercussion\",\"https:\/\/www.instagram.com\/eklekto_percussion\/\",\"https:\/\/www.youtube.com\/channel\/UCmkO9Je1ENSGNKNNsHcjP0g\",\"https:\/\/www.linkedin.com\/in\/eklekto-geneva-percussion-center-aa2b306b\/?originalSubdomain=ch\"]}]}<\/script>\n<!-- \/ Yoast SEO plugin. -->","yoast_head_json":{"title":"Pr\u00e9sentation | Eklekto","robots":{"index":"index","follow":"follow","max-snippet":"max-snippet:-1","max-image-preview":"max-image-preview:large","max-video-preview":"max-video-preview:-1"},"canonical":"https:\/\/eklekto.ch\/mediation-eklekto-kids-2\/presentation-et-contact\/","og_locale":"en_US","og_type":"article","og_title":"Pr\u00e9sentation | Eklekto","og_description":"ENTREZ DANS LE SON, ENTREZ DANS LE RYTHME ! La percussion, par essence, est un extraordinaire outil de m\u00e9diation. Elle ouvre naturellement de nombreuses portes d\u2019acc\u00e8s \u00e0 la musique contemporaine et avant-gardiste, et ce, sous toutes les formes qu\u2019elles soient instrumentales ou num\u00e9riques. Explorations acoustiques, sonorisations visuelles, exp\u00e9riences interactives, \u00e9coutes attentives ou pr\u00e9sentations p\u00e9dagogiques, Eklekto [&hellip;]","og_url":"https:\/\/eklekto.ch\/mediation-eklekto-kids-2\/presentation-et-contact\/","og_site_name":"Eklekto","article_publisher":"https:\/\/www.facebook.com\/eklektopercussion","article_modified_time":"2025-10-02T12:29:16+00:00","og_image":[{"url":"https:\/\/eklekto.ch\/wp-content\/uploads\/Eklekto-Kids-logo-300x300.png"}],"twitter_card":"summary_large_image","twitter_misc":{"Est. reading time":"1 minute"},"schema":{"@context":"https:\/\/schema.org","@graph":[{"@type":"WebPage","@id":"https:\/\/eklekto.ch\/mediation-eklekto-kids-2\/presentation-et-contact\/","url":"https:\/\/eklekto.ch\/mediation-eklekto-kids-2\/presentation-et-contact\/","name":"Pr\u00e9sentation | Eklekto","isPartOf":{"@id":"https:\/\/eklekto.ch\/#website"},"primaryImageOfPage":{"@id":"https:\/\/eklekto.ch\/mediation-eklekto-kids-2\/presentation-et-contact\/#primaryimage"},"image":{"@id":"https:\/\/eklekto.ch\/mediation-eklekto-kids-2\/presentation-et-contact\/#primaryimage"},"thumbnailUrl":"https:\/\/eklekto.ch\/wp-content\/uploads\/Eklekto-Kids-logo-300x300.png","datePublished":"2025-09-25T09:18:57+00:00","dateModified":"2025-10-02T12:29:16+00:00","breadcrumb":{"@id":"https:\/\/eklekto.ch\/mediation-eklekto-kids-2\/presentation-et-contact\/#breadcrumb"},"inLanguage":"en-US","potentialAction":[{"@type":"ReadAction","target":["https:\/\/eklekto.ch\/mediation-eklekto-kids-2\/presentation-et-contact\/"]}]},{"@type":"ImageObject","inLanguage":"en-US","@id":"https:\/\/eklekto.ch\/mediation-eklekto-kids-2\/presentation-et-contact\/#primaryimage","url":"https:\/\/eklekto.ch\/wp-content\/uploads\/Eklekto-Kids-logo-300x300.png","contentUrl":"https:\/\/eklekto.ch\/wp-content\/uploads\/Eklekto-Kids-logo-300x300.png"},{"@type":"BreadcrumbList","@id":"https:\/\/eklekto.ch\/mediation-eklekto-kids-2\/presentation-et-contact\/#breadcrumb","itemListElement":[{"@type":"ListItem","position":1,"name":"Accueil","item":"https:\/\/eklekto.ch\/"},{"@type":"ListItem","position":2,"name":"M\u00e9diation","item":"https:\/\/eklekto.ch\/mediation-eklekto-kids-2\/"},{"@type":"ListItem","position":3,"name":"Pr\u00e9sentation"}]},{"@type":"WebSite","@id":"https:\/\/eklekto.ch\/#website","url":"https:\/\/eklekto.ch\/","name":"Eklekto","description":"Eklekto Geneva Percussion Center","publisher":{"@id":"https:\/\/eklekto.ch\/#organization"},"alternateName":"Eklekto","potentialAction":[{"@type":"SearchAction","target":{"@type":"EntryPoint","urlTemplate":"https:\/\/eklekto.ch\/?s={search_term_string}"},"query-input":{"@type":"PropertyValueSpecification","valueRequired":true,"valueName":"search_term_string"}}],"inLanguage":"en-US"},{"@type":"Organization","@id":"https:\/\/eklekto.ch\/#organization","name":"Eklekto Geneva Percussion Center","url":"https:\/\/eklekto.ch\/","logo":{"@type":"ImageObject","inLanguage":"en-US","@id":"https:\/\/eklekto.ch\/#\/schema\/logo\/image\/","url":"https:\/\/eklekto.ch\/wp-content\/uploads\/Eklekto_Logo-noir-sur-fond-blanc.jpg","contentUrl":"https:\/\/eklekto.ch\/wp-content\/uploads\/Eklekto_Logo-noir-sur-fond-blanc.jpg","width":640,"height":317,"caption":"Eklekto Geneva Percussion Center"},"image":{"@id":"https:\/\/eklekto.ch\/#\/schema\/logo\/image\/"},"sameAs":["https:\/\/www.facebook.com\/eklektopercussion","https:\/\/www.instagram.com\/eklekto_percussion\/","https:\/\/www.youtube.com\/channel\/UCmkO9Je1ENSGNKNNsHcjP0g","https:\/\/www.linkedin.com\/in\/eklekto-geneva-percussion-center-aa2b306b\/?originalSubdomain=ch"]}]}},"_links":{"self":[{"href":"https:\/\/eklekto.ch\/en\/wp-json\/wp\/v2\/pages\/4860"}],"collection":[{"href":"https:\/\/eklekto.ch\/en\/wp-json\/wp\/v2\/pages"}],"about":[{"href":"https:\/\/eklekto.ch\/en\/wp-json\/wp\/v2\/types\/page"}],"author":[{"embeddable":true,"href":"https:\/\/eklekto.ch\/en\/wp-json\/wp\/v2\/users\/8"}],"replies":[{"embeddable":true,"href":"https:\/\/eklekto.ch\/en\/wp-json\/wp\/v2\/comments?post=4860"}],"version-history":[{"count":12,"href":"https:\/\/eklekto.ch\/en\/wp-json\/wp\/v2\/pages\/4860\/revisions"}],"predecessor-version":[{"id":5013,"href":"https:\/\/eklekto.ch\/en\/wp-json\/wp\/v2\/pages\/4860\/revisions\/5013"}],"up":[{"embeddable":true,"href":"https:\/\/eklekto.ch\/en\/wp-json\/wp\/v2\/pages\/4855"}],"wp:attachment":[{"href":"https:\/\/eklekto.ch\/en\/wp-json\/wp\/v2\/media?parent=4860"}],"curies":[{"name":"wp","href":"https:\/\/api.w.org\/{rel}","templated":true}]}}