{"id":47,"date":"2019-03-26T09:11:19","date_gmt":"2019-03-26T08:11:19","guid":{"rendered":"http:\/\/localhost:8888\/eklekto\/?page_id=47"},"modified":"2024-07-10T10:48:12","modified_gmt":"2024-07-10T08:48:12","slug":"","status":"publish","type":"page","link":"https:\/\/eklekto.ch\/en\/impulse\/","title":{"rendered":"","raw":""},"content":{"rendered":"","protected":false,"raw":""},"excerpt":{"rendered":"","protected":false,"raw":""},"author":1,"featured_media":0,"parent":0,"menu_order":5,"comment_status":"closed","ping_status":"closed","template":"","meta":{"om_disable_all_campaigns":false,"inline_featured_image":false,"_monsterinsights_skip_tracking":false,"_monsterinsights_sitenote_active":false,"_monsterinsights_sitenote_note":"","_monsterinsights_sitenote_category":0,"_fr_post_content":"Afin de diffuser et de faire conna\u00eetre ses activit\u00e9s aupr\u00e8s du public, Eklekto a lanc\u00e9 en janvier 2017 une nouvelle publication gratuite sous la forme de journal: le journal (im)pulse.\r\n\r\nChaque num\u00e9ro du journal (im)pulse contient le calendrier d\u00e9taill\u00e9 des activit\u00e9s artistiques d\u2019Eklekto ainsi que des interviews de compositeurs et\/ou musiciens contemporains en relation avec les concerts de la saison programm\u00e9s par Eklekto. Des articles de fond autour de la percussion contemporaine et les nouveaux formats de concerts compl\u00e8tent les contenus du journal.","_fr_post_name":"impulse","_fr_post_excerpt":"","_fr_post_title":"Journal (im)pulse","_en_post_content":"","_en_post_name":"","_en_post_excerpt":"","_en_post_title":"","edit_language":"en","footnotes":""},"class_list":["post-47","page","type-page","status-publish","hentry"],"yoast_head":"<!-- This site is optimized with the Yoast SEO plugin v23.4 - https:\/\/yoast.com\/wordpress\/plugins\/seo\/ -->\n<title>Journal (im)pulse | Eklekto<\/title>\n<meta name=\"robots\" content=\"index, follow, max-snippet:-1, max-image-preview:large, max-video-preview:-1\" \/>\n<link rel=\"canonical\" href=\"https:\/\/eklekto.ch\/impulse\/\" \/>\n<meta property=\"og:locale\" content=\"en_US\" \/>\n<meta property=\"og:type\" content=\"article\" \/>\n<meta property=\"og:title\" content=\"Journal (im)pulse | Eklekto\" \/>\n<meta property=\"og:description\" content=\"Afin de diffuser et de faire conna\u00eetre ses activit\u00e9s aupr\u00e8s du public, Eklekto a lanc\u00e9 en janvier 2017 une nouvelle publication gratuite sous la forme de journal: le journal (im)pulse. Chaque num\u00e9ro du journal (im)pulse contient le calendrier d\u00e9taill\u00e9 des activit\u00e9s artistiques d\u2019Eklekto ainsi que des interviews de compositeurs et\/ou musiciens contemporains en relation avec [&hellip;]\" \/>\n<meta property=\"og:url\" content=\"https:\/\/eklekto.ch\/impulse\/\" \/>\n<meta property=\"og:site_name\" content=\"Eklekto\" \/>\n<meta property=\"article:publisher\" content=\"https:\/\/www.facebook.com\/eklektopercussion\" \/>\n<meta property=\"article:modified_time\" content=\"2024-07-10T08:48:12+00:00\" \/>\n<meta name=\"twitter:card\" content=\"summary_large_image\" \/>\n<meta name=\"twitter:label1\" content=\"Est. reading time\" \/>\n\t<meta name=\"twitter:data1\" content=\"1 minute\" \/>\n<script type=\"application\/ld+json\" class=\"yoast-schema-graph\">{\"@context\":\"https:\/\/schema.org\",\"@graph\":[{\"@type\":\"WebPage\",\"@id\":\"https:\/\/eklekto.ch\/impulse\/\",\"url\":\"https:\/\/eklekto.ch\/impulse\/\",\"name\":\"Journal (im)pulse | Eklekto\",\"isPartOf\":{\"@id\":\"https:\/\/eklekto.ch\/#website\"},\"datePublished\":\"2019-03-26T08:11:19+00:00\",\"dateModified\":\"2024-07-10T08:48:12+00:00\",\"breadcrumb\":{\"@id\":\"https:\/\/eklekto.ch\/impulse\/#breadcrumb\"},\"inLanguage\":\"en-US\",\"potentialAction\":[{\"@type\":\"ReadAction\",\"target\":[\"https:\/\/eklekto.ch\/impulse\/\"]}]},{\"@type\":\"BreadcrumbList\",\"@id\":\"https:\/\/eklekto.ch\/impulse\/#breadcrumb\",\"itemListElement\":[{\"@type\":\"ListItem\",\"position\":1,\"name\":\"Accueil\",\"item\":\"https:\/\/eklekto.ch\/\"},{\"@type\":\"ListItem\",\"position\":2,\"name\":\"Journal (im)pulse\"}]},{\"@type\":\"WebSite\",\"@id\":\"https:\/\/eklekto.ch\/#website\",\"url\":\"https:\/\/eklekto.ch\/\",\"name\":\"Eklekto\",\"description\":\"Eklekto Geneva Percussion Center\",\"publisher\":{\"@id\":\"https:\/\/eklekto.ch\/#organization\"},\"alternateName\":\"Eklekto\",\"potentialAction\":[{\"@type\":\"SearchAction\",\"target\":{\"@type\":\"EntryPoint\",\"urlTemplate\":\"https:\/\/eklekto.ch\/?s={search_term_string}\"},\"query-input\":{\"@type\":\"PropertyValueSpecification\",\"valueRequired\":true,\"valueName\":\"search_term_string\"}}],\"inLanguage\":\"en-US\"},{\"@type\":\"Organization\",\"@id\":\"https:\/\/eklekto.ch\/#organization\",\"name\":\"Eklekto Geneva Percussion Center\",\"url\":\"https:\/\/eklekto.ch\/\",\"logo\":{\"@type\":\"ImageObject\",\"inLanguage\":\"en-US\",\"@id\":\"https:\/\/eklekto.ch\/#\/schema\/logo\/image\/\",\"url\":\"https:\/\/eklekto.ch\/wp-content\/uploads\/Eklekto_Logo-noir-sur-fond-blanc.jpg\",\"contentUrl\":\"https:\/\/eklekto.ch\/wp-content\/uploads\/Eklekto_Logo-noir-sur-fond-blanc.jpg\",\"width\":640,\"height\":317,\"caption\":\"Eklekto Geneva Percussion Center\"},\"image\":{\"@id\":\"https:\/\/eklekto.ch\/#\/schema\/logo\/image\/\"},\"sameAs\":[\"https:\/\/www.facebook.com\/eklektopercussion\",\"https:\/\/www.instagram.com\/eklekto_percussion\/\",\"https:\/\/www.youtube.com\/channel\/UCmkO9Je1ENSGNKNNsHcjP0g\",\"https:\/\/www.linkedin.com\/in\/eklekto-geneva-percussion-center-aa2b306b\/?originalSubdomain=ch\"]}]}<\/script>\n<!-- \/ Yoast SEO plugin. -->","yoast_head_json":{"title":"Journal (im)pulse | Eklekto","robots":{"index":"index","follow":"follow","max-snippet":"max-snippet:-1","max-image-preview":"max-image-preview:large","max-video-preview":"max-video-preview:-1"},"canonical":"https:\/\/eklekto.ch\/impulse\/","og_locale":"en_US","og_type":"article","og_title":"Journal (im)pulse | Eklekto","og_description":"Afin de diffuser et de faire conna\u00eetre ses activit\u00e9s aupr\u00e8s du public, Eklekto a lanc\u00e9 en janvier 2017 une nouvelle publication gratuite sous la forme de journal: le journal (im)pulse. Chaque num\u00e9ro du journal (im)pulse contient le calendrier d\u00e9taill\u00e9 des activit\u00e9s artistiques d\u2019Eklekto ainsi que des interviews de compositeurs et\/ou musiciens contemporains en relation avec [&hellip;]","og_url":"https:\/\/eklekto.ch\/impulse\/","og_site_name":"Eklekto","article_publisher":"https:\/\/www.facebook.com\/eklektopercussion","article_modified_time":"2024-07-10T08:48:12+00:00","twitter_card":"summary_large_image","twitter_misc":{"Est. reading time":"1 minute"},"schema":{"@context":"https:\/\/schema.org","@graph":[{"@type":"WebPage","@id":"https:\/\/eklekto.ch\/impulse\/","url":"https:\/\/eklekto.ch\/impulse\/","name":"Journal (im)pulse | Eklekto","isPartOf":{"@id":"https:\/\/eklekto.ch\/#website"},"datePublished":"2019-03-26T08:11:19+00:00","dateModified":"2024-07-10T08:48:12+00:00","breadcrumb":{"@id":"https:\/\/eklekto.ch\/impulse\/#breadcrumb"},"inLanguage":"en-US","potentialAction":[{"@type":"ReadAction","target":["https:\/\/eklekto.ch\/impulse\/"]}]},{"@type":"BreadcrumbList","@id":"https:\/\/eklekto.ch\/impulse\/#breadcrumb","itemListElement":[{"@type":"ListItem","position":1,"name":"Accueil","item":"https:\/\/eklekto.ch\/"},{"@type":"ListItem","position":2,"name":"Journal (im)pulse"}]},{"@type":"WebSite","@id":"https:\/\/eklekto.ch\/#website","url":"https:\/\/eklekto.ch\/","name":"Eklekto","description":"Eklekto Geneva Percussion Center","publisher":{"@id":"https:\/\/eklekto.ch\/#organization"},"alternateName":"Eklekto","potentialAction":[{"@type":"SearchAction","target":{"@type":"EntryPoint","urlTemplate":"https:\/\/eklekto.ch\/?s={search_term_string}"},"query-input":{"@type":"PropertyValueSpecification","valueRequired":true,"valueName":"search_term_string"}}],"inLanguage":"en-US"},{"@type":"Organization","@id":"https:\/\/eklekto.ch\/#organization","name":"Eklekto Geneva Percussion Center","url":"https:\/\/eklekto.ch\/","logo":{"@type":"ImageObject","inLanguage":"en-US","@id":"https:\/\/eklekto.ch\/#\/schema\/logo\/image\/","url":"https:\/\/eklekto.ch\/wp-content\/uploads\/Eklekto_Logo-noir-sur-fond-blanc.jpg","contentUrl":"https:\/\/eklekto.ch\/wp-content\/uploads\/Eklekto_Logo-noir-sur-fond-blanc.jpg","width":640,"height":317,"caption":"Eklekto Geneva Percussion Center"},"image":{"@id":"https:\/\/eklekto.ch\/#\/schema\/logo\/image\/"},"sameAs":["https:\/\/www.facebook.com\/eklektopercussion","https:\/\/www.instagram.com\/eklekto_percussion\/","https:\/\/www.youtube.com\/channel\/UCmkO9Je1ENSGNKNNsHcjP0g","https:\/\/www.linkedin.com\/in\/eklekto-geneva-percussion-center-aa2b306b\/?originalSubdomain=ch"]}]}},"_links":{"self":[{"href":"https:\/\/eklekto.ch\/en\/wp-json\/wp\/v2\/pages\/47"}],"collection":[{"href":"https:\/\/eklekto.ch\/en\/wp-json\/wp\/v2\/pages"}],"about":[{"href":"https:\/\/eklekto.ch\/en\/wp-json\/wp\/v2\/types\/page"}],"author":[{"embeddable":true,"href":"https:\/\/eklekto.ch\/en\/wp-json\/wp\/v2\/users\/1"}],"replies":[{"embeddable":true,"href":"https:\/\/eklekto.ch\/en\/wp-json\/wp\/v2\/comments?post=47"}],"version-history":[{"count":12,"href":"https:\/\/eklekto.ch\/en\/wp-json\/wp\/v2\/pages\/47\/revisions"}],"predecessor-version":[{"id":2902,"href":"https:\/\/eklekto.ch\/en\/wp-json\/wp\/v2\/pages\/47\/revisions\/2902"}],"wp:attachment":[{"href":"https:\/\/eklekto.ch\/en\/wp-json\/wp\/v2\/media?parent=47"}],"curies":[{"name":"wp","href":"https:\/\/api.w.org\/{rel}","templated":true}]}}