{"id":411,"date":"2019-06-03T11:21:59","date_gmt":"2019-06-03T09:21:59","guid":{"rendered":"http:\/\/www.eklekto.ch\/newsite2019\/?page_id=411"},"modified":"2025-11-14T14:11:20","modified_gmt":"2025-11-14T13:11:20","slug":"soutiens","status":"publish","type":"page","link":"https:\/\/eklekto.ch\/en\/a-propos\/soutiens\/","title":{"rendered":"Support","raw":"Support"},"content":{"rendered":"<p>Eklekto has benefited from an agreement with the City of Geneva since 2012.<\/p>\n<p>Depending on the nature of its projects, the association is supported each year by numerous funding bodies, including the Organe de r\u00e9partition et d&#8217;entraide of the Loterie Romande, the Ernst G\u00f6hner Foundation, the Leenaards Foundation, the Nicati-de Luze Foundation, the Suisa Foundation, the Pro Helvetia Foundation, the M\u00e9c\u00e9nat SIG Fund, the Swiss Performing Artists Foundation and the Union Suisse des Artistes Musiciens.<\/p>\n<p>We would also like to extend our warmest thanks to the Nestl\u00e9 Foundation for the Arts, which has provided invaluable support over many years.<\/p>\n<p>As always, we express our heartfelt gratitude to all the organizations, cultural institutions, and partners who have sponsored and stood by our association since its earliest days. Without them, nothing would be possible.<\/p>\n<p>Eklekto and its various activities are the fruit of the kindness, generosity, and passion of numerous people who have been involved with the association in one way or another. Our deepest appreciation goes to them.<\/p>\n<p><strong>They trust us :<\/strong><\/p>\n<div class=\"\">\n<div><span class=\"\">L\u2019Ensemble Contrechamps<\/span><span class=\"\"><br \/>\n<\/span><\/div>\n<div><span class=\"\">L\u2019Orchestre de Chambre de Gen\u00e8ve<\/span><span class=\"\"><br \/>\n<\/span><\/div>\n<div><span class=\"\">la Geneva Camerata<\/span><span class=\"\"><br \/>\n<\/span><\/div>\n<div><span class=\"\">L\u2019Orchestre de Montpellier<\/span><span class=\"\"><br \/>\n<\/span><\/div>\n<div><span class=\"\">Ced\u2019Backline<\/span><span class=\"\"><br \/>\n<\/span><\/div>\n<div><span class=\"\">L\u2019Orchestre Juventutti<\/span><span class=\"\"><br \/>\n<\/span><\/div>\n<div><span class=\"\">Pro Percussion Basel<\/span><span class=\"\"><br \/>\n<\/span><\/div>\n<div><span class=\"\">L\u2019Ensemble Vortex<\/span><span class=\"\"><br \/>\n<\/span><\/div>\n<div><span class=\"\">Le Grand Th\u00e9\u00e2tre de Gen\u00e8ve<\/span><span class=\"\"><br \/>\n<\/span><\/div>\n<div><span class=\"\">L\u2019Orchestre de la Suisse Romande<\/span><span class=\"\"><br \/>\n<\/span><\/div>\n<div><span class=\"\">La Compagnie \u00e0 3 Temps<\/span><span class=\"\"><br \/>\n<\/span><\/div>\n<div><span class=\"\">L\u2019Orchestre des 3 Ch\u00eanes<\/span><span class=\"\"><br \/>\n<\/span><\/div>\n<div><span class=\"\">La HEMU<\/span><span class=\"\"><br \/>\n<\/span><\/div>\n<div><span class=\"\">La HEM Gen\u00e8ve<\/span><span class=\"\"><br \/>\n<\/span><\/div>\n<div><span class=\"\">Le CPMDT Dpt Percussion<\/span><span class=\"\"><br \/>\n<\/span><\/div>\n<div><span class=\"\">Cantabile<\/span><span class=\"\"><br \/>\n<\/span><\/div>\n<div><span class=\"\">Gonet<\/span><span class=\"\"><br \/>\n<\/span><\/div>\n<div><span class=\"\">Avetis<\/span><span class=\"\"><br \/>\n<\/span><\/div>\n<div><span class=\"\">Ernest<\/span><span class=\"\"><br \/>\n<\/span><\/div>\n<div><span class=\"\">L\u2019Orchestre de l\u2019Universit\u00e9<\/span><span class=\"\"><br \/>\n<\/span><\/div>\n<div><span class=\"\">Le Festival Archipel<\/span><span class=\"\"><br \/>\n<\/span><\/div>\n<div><span class=\"\">Percuvision Gen\u00e8ve<\/span><span class=\"\"><br \/>\n<\/span><\/div>\n<div><span class=\"\">L\u2019Ensemble Nexus<\/span><span class=\"\"><br \/>\n<\/span><\/div>\n<div><span class=\"\">Festival Musical de Vevey<\/span><span class=\"\"><br \/>\n<\/span><\/div>\n<div><span class=\"\">Puplinge Classique Festival<\/span><span class=\"\"><br \/>\n<\/span><\/div>\n<div><span class=\"\">L\u2019Orchestre Des Nations<\/span><span class=\"\"><br \/>\n<\/span><\/div>\n<div><span class=\"\">Festival les Ath\u00e9n\u00e9ennes<\/span><span class=\"\"><br \/>\n<\/span><\/div>\n<div><span class=\"\">L\u2019Orchestre des Jeunes du Grand Gen\u00e8ve<\/span><\/div>\n<div><span class=\"\">les Concerts de la Cath\u00e9drale de Gen\u00e8ve<\/span><\/div>\n<\/div>\n<div><\/div>\n","protected":false,"raw":"Eklekto has benefited from an agreement with the City of Geneva since 2012.\r\n\r\nDepending on the nature of its projects, the association is supported each year by numerous funding bodies, including the Organe de r\u00e9partition et d'entraide of the Loterie Romande, the Ernst G\u00f6hner Foundation, the Leenaards Foundation, the Nicati-de Luze Foundation, the Suisa Foundation, the Pro Helvetia Foundation, the M\u00e9c\u00e9nat SIG Fund, the Swiss Performing Artists Foundation and the Union Suisse des Artistes Musiciens.\r\n\r\nWe would also like to extend our warmest thanks to the Nestl\u00e9 Foundation for the Arts, which has provided invaluable support over many years.\r\n\r\nAs always, we express our heartfelt gratitude to all the organizations, cultural institutions, and partners who have sponsored and stood by our association since its earliest days. Without them, nothing would be possible.\r\n\r\nEklekto and its various activities are the fruit of the kindness, generosity, and passion of numerous people who have been involved with the association in one way or another. Our deepest appreciation goes to them.\r\n\r\n<strong>They trust us :<\/strong>\r\n<div class=\"\">\r\n<div><span class=\"\">L\u2019Ensemble Contrechamps<\/span><span class=\"\">\r\n<\/span><\/div>\r\n<div><span class=\"\">L\u2019Orchestre de Chambre de Gen\u00e8ve<\/span><span class=\"\">\r\n<\/span><\/div>\r\n<div><span class=\"\">la Geneva Camerata<\/span><span class=\"\">\r\n<\/span><\/div>\r\n<div><span class=\"\">L\u2019Orchestre de Montpellier<\/span><span class=\"\">\r\n<\/span><\/div>\r\n<div><span class=\"\">Ced\u2019Backline<\/span><span class=\"\">\r\n<\/span><\/div>\r\n<div><span class=\"\">L\u2019Orchestre Juventutti<\/span><span class=\"\">\r\n<\/span><\/div>\r\n<div><span class=\"\">Pro Percussion Basel<\/span><span class=\"\">\r\n<\/span><\/div>\r\n<div><span class=\"\">L\u2019Ensemble Vortex<\/span><span class=\"\">\r\n<\/span><\/div>\r\n<div><span class=\"\">Le Grand Th\u00e9\u00e2tre de Gen\u00e8ve<\/span><span class=\"\">\r\n<\/span><\/div>\r\n<div><span class=\"\">L\u2019Orchestre de la Suisse Romande<\/span><span class=\"\">\r\n<\/span><\/div>\r\n<div><span class=\"\">La Compagnie \u00e0 3 Temps<\/span><span class=\"\">\r\n<\/span><\/div>\r\n<div><span class=\"\">L\u2019Orchestre des 3 Ch\u00eanes<\/span><span class=\"\">\r\n<\/span><\/div>\r\n<div><span class=\"\">La HEMU<\/span><span class=\"\">\r\n<\/span><\/div>\r\n<div><span class=\"\">La HEM Gen\u00e8ve<\/span><span class=\"\">\r\n<\/span><\/div>\r\n<div><span class=\"\">Le CPMDT Dpt Percussion<\/span><span class=\"\">\r\n<\/span><\/div>\r\n<div><span class=\"\">Cantabile<\/span><span class=\"\">\r\n<\/span><\/div>\r\n<div><span class=\"\">Gonet<\/span><span class=\"\">\r\n<\/span><\/div>\r\n<div><span class=\"\">Avetis<\/span><span class=\"\">\r\n<\/span><\/div>\r\n<div><span class=\"\">Ernest<\/span><span class=\"\">\r\n<\/span><\/div>\r\n<div><span class=\"\">L\u2019Orchestre de l\u2019Universit\u00e9<\/span><span class=\"\">\r\n<\/span><\/div>\r\n<div><span class=\"\">Le Festival Archipel<\/span><span class=\"\">\r\n<\/span><\/div>\r\n<div><span class=\"\">Percuvision Gen\u00e8ve<\/span><span class=\"\">\r\n<\/span><\/div>\r\n<div><span class=\"\">L\u2019Ensemble Nexus<\/span><span class=\"\">\r\n<\/span><\/div>\r\n<div><span class=\"\">Festival Musical de Vevey<\/span><span class=\"\">\r\n<\/span><\/div>\r\n<div><span class=\"\">Puplinge Classique Festival<\/span><span class=\"\">\r\n<\/span><\/div>\r\n<div><span class=\"\">L\u2019Orchestre Des Nations<\/span><span class=\"\">\r\n<\/span><\/div>\r\n<div><span class=\"\">Festival les Ath\u00e9n\u00e9ennes<\/span><span class=\"\">\r\n<\/span><\/div>\r\n<div><span class=\"\">L\u2019Orchestre des Jeunes du Grand Gen\u00e8ve<\/span><\/div>\r\n<div><span class=\"\">les Concerts de la Cath\u00e9drale de Gen\u00e8ve<\/span><\/div>\r\n<\/div>\r\n<div><\/div>"},"excerpt":{"rendered":"","protected":false,"raw":""},"author":1,"featured_media":0,"parent":34,"menu_order":4,"comment_status":"closed","ping_status":"closed","template":"","meta":{"om_disable_all_campaigns":false,"inline_featured_image":false,"_monsterinsights_skip_tracking":false,"_monsterinsights_sitenote_active":false,"_monsterinsights_sitenote_note":"","_monsterinsights_sitenote_category":0,"_fr_post_content":"","_fr_post_name":"soutiens","_fr_post_excerpt":"","_fr_post_title":"Soutiens","_en_post_content":"Eklekto has benefited from an agreement with the City of Geneva since 2012.\r\n\r\nDepending on the nature of its projects, the association is supported each year by numerous funding bodies, including the Organe de r\u00e9partition et d'entraide of the Loterie Romande, the Ernst G\u00f6hner Foundation, the Leenaards Foundation, the Nicati-de Luze Foundation, the Suisa Foundation, the Pro Helvetia Foundation, the M\u00e9c\u00e9nat SIG Fund, the Swiss Performing Artists Foundation and the Union Suisse des Artistes Musiciens.\r\n\r\nWe would also like to extend our warmest thanks to the Nestl\u00e9 Foundation for the Arts, which has provided invaluable support over many years.\r\n\r\nAs always, we express our heartfelt gratitude to all the organizations, cultural institutions, and partners who have sponsored and stood by our association since its earliest days. Without them, nothing would be possible.\r\n\r\nEklekto and its various activities are the fruit of the kindness, generosity, and passion of numerous people who have been involved with the association in one way or another. Our deepest appreciation goes to them.\r\n\r\n<strong>They trust us :<\/strong>\r\n<div class=\"\">\r\n<div><span class=\"\">L\u2019Ensemble Contrechamps<\/span><span class=\"\">\r\n<\/span><\/div>\r\n<div><span class=\"\">L\u2019Orchestre de Chambre de Gen\u00e8ve<\/span><span class=\"\">\r\n<\/span><\/div>\r\n<div><span class=\"\">la Geneva Camerata<\/span><span class=\"\">\r\n<\/span><\/div>\r\n<div><span class=\"\">L\u2019Orchestre de Montpellier<\/span><span class=\"\">\r\n<\/span><\/div>\r\n<div><span class=\"\">Ced\u2019Backline<\/span><span class=\"\">\r\n<\/span><\/div>\r\n<div><span class=\"\">L\u2019Orchestre Juventutti<\/span><span class=\"\">\r\n<\/span><\/div>\r\n<div><span class=\"\">Pro Percussion Basel<\/span><span class=\"\">\r\n<\/span><\/div>\r\n<div><span class=\"\">L\u2019Ensemble Vortex<\/span><span class=\"\">\r\n<\/span><\/div>\r\n<div><span class=\"\">Le Grand Th\u00e9\u00e2tre de Gen\u00e8ve<\/span><span class=\"\">\r\n<\/span><\/div>\r\n<div><span class=\"\">L\u2019Orchestre de la Suisse Romande<\/span><span class=\"\">\r\n<\/span><\/div>\r\n<div><span class=\"\">La Compagnie \u00e0 3 Temps<\/span><span class=\"\">\r\n<\/span><\/div>\r\n<div><span class=\"\">L\u2019Orchestre des 3 Ch\u00eanes<\/span><span class=\"\">\r\n<\/span><\/div>\r\n<div><span class=\"\">La HEMU<\/span><span class=\"\">\r\n<\/span><\/div>\r\n<div><span class=\"\">La HEM Gen\u00e8ve<\/span><span class=\"\">\r\n<\/span><\/div>\r\n<div><span class=\"\">Le CPMDT Dpt Percussion<\/span><span class=\"\">\r\n<\/span><\/div>\r\n<div><span class=\"\">Cantabile<\/span><span class=\"\">\r\n<\/span><\/div>\r\n<div><span class=\"\">Gonet<\/span><span class=\"\">\r\n<\/span><\/div>\r\n<div><span class=\"\">Avetis<\/span><span class=\"\">\r\n<\/span><\/div>\r\n<div><span class=\"\">Ernest<\/span><span class=\"\">\r\n<\/span><\/div>\r\n<div><span class=\"\">L\u2019Orchestre de l\u2019Universit\u00e9<\/span><span class=\"\">\r\n<\/span><\/div>\r\n<div><span class=\"\">Le Festival Archipel<\/span><span class=\"\">\r\n<\/span><\/div>\r\n<div><span class=\"\">Percuvision Gen\u00e8ve<\/span><span class=\"\">\r\n<\/span><\/div>\r\n<div><span class=\"\">L\u2019Ensemble Nexus<\/span><span class=\"\">\r\n<\/span><\/div>\r\n<div><span class=\"\">Festival Musical de Vevey<\/span><span class=\"\">\r\n<\/span><\/div>\r\n<div><span class=\"\">Puplinge Classique Festival<\/span><span class=\"\">\r\n<\/span><\/div>\r\n<div><span class=\"\">L\u2019Orchestre Des Nations<\/span><span class=\"\">\r\n<\/span><\/div>\r\n<div><span class=\"\">Festival les Ath\u00e9n\u00e9ennes<\/span><span class=\"\">\r\n<\/span><\/div>\r\n<div><span class=\"\">L\u2019Orchestre des Jeunes du Grand Gen\u00e8ve<\/span><\/div>\r\n<div><span class=\"\">les Concerts de la Cath\u00e9drale de Gen\u00e8ve<\/span><\/div>\r\n<\/div>\r\n<div><\/div>","_en_post_name":"soutiens","_en_post_excerpt":"","_en_post_title":"Support","edit_language":"en","footnotes":""},"class_list":["post-411","page","type-page","status-publish","hentry"],"yoast_head":"<!-- This site is optimized with the Yoast SEO plugin v23.4 - https:\/\/yoast.com\/wordpress\/plugins\/seo\/ -->\n<title>Soutiens | Eklekto<\/title>\n<meta name=\"robots\" content=\"index, follow, max-snippet:-1, max-image-preview:large, max-video-preview:-1\" \/>\n<link rel=\"canonical\" href=\"https:\/\/eklekto.ch\/a-propos\/soutiens\/\" \/>\n<meta property=\"og:locale\" content=\"en_US\" \/>\n<meta property=\"og:type\" content=\"article\" \/>\n<meta property=\"og:title\" content=\"Soutiens | Eklekto\" \/>\n<meta property=\"og:description\" content=\"Eklekto has benefited from an agreement with the City of Geneva since 2012. Depending on the nature of its projects, the association is supported each year by numerous funding bodies, including the Organe de r\u00e9partition et d&#8217;entraide of the Loterie Romande, the Ernst G\u00f6hner Foundation, the Leenaards Foundation, the Nicati-de Luze Foundation, the Suisa Foundation, [&hellip;]\" \/>\n<meta property=\"og:url\" content=\"https:\/\/eklekto.ch\/a-propos\/soutiens\/\" \/>\n<meta property=\"og:site_name\" content=\"Eklekto\" \/>\n<meta property=\"article:publisher\" content=\"https:\/\/www.facebook.com\/eklektopercussion\" \/>\n<meta property=\"article:modified_time\" content=\"2025-11-14T13:11:20+00:00\" \/>\n<meta name=\"twitter:card\" content=\"summary_large_image\" \/>\n<script type=\"application\/ld+json\" class=\"yoast-schema-graph\">{\"@context\":\"https:\/\/schema.org\",\"@graph\":[{\"@type\":\"WebPage\",\"@id\":\"https:\/\/eklekto.ch\/a-propos\/soutiens\/\",\"url\":\"https:\/\/eklekto.ch\/a-propos\/soutiens\/\",\"name\":\"Soutiens | Eklekto\",\"isPartOf\":{\"@id\":\"https:\/\/eklekto.ch\/#website\"},\"datePublished\":\"2019-06-03T09:21:59+00:00\",\"dateModified\":\"2025-11-14T13:11:20+00:00\",\"breadcrumb\":{\"@id\":\"https:\/\/eklekto.ch\/a-propos\/soutiens\/#breadcrumb\"},\"inLanguage\":\"en-US\",\"potentialAction\":[{\"@type\":\"ReadAction\",\"target\":[\"https:\/\/eklekto.ch\/a-propos\/soutiens\/\"]}]},{\"@type\":\"BreadcrumbList\",\"@id\":\"https:\/\/eklekto.ch\/a-propos\/soutiens\/#breadcrumb\",\"itemListElement\":[{\"@type\":\"ListItem\",\"position\":1,\"name\":\"Accueil\",\"item\":\"https:\/\/eklekto.ch\/\"},{\"@type\":\"ListItem\",\"position\":2,\"name\":\"\u00c0 propos\",\"item\":\"https:\/\/eklekto.ch\/a-propos\/\"},{\"@type\":\"ListItem\",\"position\":3,\"name\":\"Soutiens\"}]},{\"@type\":\"WebSite\",\"@id\":\"https:\/\/eklekto.ch\/#website\",\"url\":\"https:\/\/eklekto.ch\/\",\"name\":\"Eklekto\",\"description\":\"Eklekto Geneva Percussion Center\",\"publisher\":{\"@id\":\"https:\/\/eklekto.ch\/#organization\"},\"alternateName\":\"Eklekto\",\"potentialAction\":[{\"@type\":\"SearchAction\",\"target\":{\"@type\":\"EntryPoint\",\"urlTemplate\":\"https:\/\/eklekto.ch\/?s={search_term_string}\"},\"query-input\":{\"@type\":\"PropertyValueSpecification\",\"valueRequired\":true,\"valueName\":\"search_term_string\"}}],\"inLanguage\":\"en-US\"},{\"@type\":\"Organization\",\"@id\":\"https:\/\/eklekto.ch\/#organization\",\"name\":\"Eklekto Geneva Percussion Center\",\"url\":\"https:\/\/eklekto.ch\/\",\"logo\":{\"@type\":\"ImageObject\",\"inLanguage\":\"en-US\",\"@id\":\"https:\/\/eklekto.ch\/#\/schema\/logo\/image\/\",\"url\":\"https:\/\/eklekto.ch\/wp-content\/uploads\/Eklekto_Logo-noir-sur-fond-blanc.jpg\",\"contentUrl\":\"https:\/\/eklekto.ch\/wp-content\/uploads\/Eklekto_Logo-noir-sur-fond-blanc.jpg\",\"width\":640,\"height\":317,\"caption\":\"Eklekto Geneva Percussion Center\"},\"image\":{\"@id\":\"https:\/\/eklekto.ch\/#\/schema\/logo\/image\/\"},\"sameAs\":[\"https:\/\/www.facebook.com\/eklektopercussion\",\"https:\/\/www.instagram.com\/eklekto_percussion\/\",\"https:\/\/www.youtube.com\/channel\/UCmkO9Je1ENSGNKNNsHcjP0g\",\"https:\/\/www.linkedin.com\/in\/eklekto-geneva-percussion-center-aa2b306b\/?originalSubdomain=ch\"]}]}<\/script>\n<!-- \/ Yoast SEO plugin. -->","yoast_head_json":{"title":"Soutiens | Eklekto","robots":{"index":"index","follow":"follow","max-snippet":"max-snippet:-1","max-image-preview":"max-image-preview:large","max-video-preview":"max-video-preview:-1"},"canonical":"https:\/\/eklekto.ch\/a-propos\/soutiens\/","og_locale":"en_US","og_type":"article","og_title":"Soutiens | Eklekto","og_description":"Eklekto has benefited from an agreement with the City of Geneva since 2012. Depending on the nature of its projects, the association is supported each year by numerous funding bodies, including the Organe de r\u00e9partition et d&#8217;entraide of the Loterie Romande, the Ernst G\u00f6hner Foundation, the Leenaards Foundation, the Nicati-de Luze Foundation, the Suisa Foundation, [&hellip;]","og_url":"https:\/\/eklekto.ch\/a-propos\/soutiens\/","og_site_name":"Eklekto","article_publisher":"https:\/\/www.facebook.com\/eklektopercussion","article_modified_time":"2025-11-14T13:11:20+00:00","twitter_card":"summary_large_image","schema":{"@context":"https:\/\/schema.org","@graph":[{"@type":"WebPage","@id":"https:\/\/eklekto.ch\/a-propos\/soutiens\/","url":"https:\/\/eklekto.ch\/a-propos\/soutiens\/","name":"Soutiens | Eklekto","isPartOf":{"@id":"https:\/\/eklekto.ch\/#website"},"datePublished":"2019-06-03T09:21:59+00:00","dateModified":"2025-11-14T13:11:20+00:00","breadcrumb":{"@id":"https:\/\/eklekto.ch\/a-propos\/soutiens\/#breadcrumb"},"inLanguage":"en-US","potentialAction":[{"@type":"ReadAction","target":["https:\/\/eklekto.ch\/a-propos\/soutiens\/"]}]},{"@type":"BreadcrumbList","@id":"https:\/\/eklekto.ch\/a-propos\/soutiens\/#breadcrumb","itemListElement":[{"@type":"ListItem","position":1,"name":"Accueil","item":"https:\/\/eklekto.ch\/"},{"@type":"ListItem","position":2,"name":"\u00c0 propos","item":"https:\/\/eklekto.ch\/a-propos\/"},{"@type":"ListItem","position":3,"name":"Soutiens"}]},{"@type":"WebSite","@id":"https:\/\/eklekto.ch\/#website","url":"https:\/\/eklekto.ch\/","name":"Eklekto","description":"Eklekto Geneva Percussion Center","publisher":{"@id":"https:\/\/eklekto.ch\/#organization"},"alternateName":"Eklekto","potentialAction":[{"@type":"SearchAction","target":{"@type":"EntryPoint","urlTemplate":"https:\/\/eklekto.ch\/?s={search_term_string}"},"query-input":{"@type":"PropertyValueSpecification","valueRequired":true,"valueName":"search_term_string"}}],"inLanguage":"en-US"},{"@type":"Organization","@id":"https:\/\/eklekto.ch\/#organization","name":"Eklekto Geneva Percussion Center","url":"https:\/\/eklekto.ch\/","logo":{"@type":"ImageObject","inLanguage":"en-US","@id":"https:\/\/eklekto.ch\/#\/schema\/logo\/image\/","url":"https:\/\/eklekto.ch\/wp-content\/uploads\/Eklekto_Logo-noir-sur-fond-blanc.jpg","contentUrl":"https:\/\/eklekto.ch\/wp-content\/uploads\/Eklekto_Logo-noir-sur-fond-blanc.jpg","width":640,"height":317,"caption":"Eklekto Geneva Percussion Center"},"image":{"@id":"https:\/\/eklekto.ch\/#\/schema\/logo\/image\/"},"sameAs":["https:\/\/www.facebook.com\/eklektopercussion","https:\/\/www.instagram.com\/eklekto_percussion\/","https:\/\/www.youtube.com\/channel\/UCmkO9Je1ENSGNKNNsHcjP0g","https:\/\/www.linkedin.com\/in\/eklekto-geneva-percussion-center-aa2b306b\/?originalSubdomain=ch"]}]}},"_links":{"self":[{"href":"https:\/\/eklekto.ch\/en\/wp-json\/wp\/v2\/pages\/411"}],"collection":[{"href":"https:\/\/eklekto.ch\/en\/wp-json\/wp\/v2\/pages"}],"about":[{"href":"https:\/\/eklekto.ch\/en\/wp-json\/wp\/v2\/types\/page"}],"author":[{"embeddable":true,"href":"https:\/\/eklekto.ch\/en\/wp-json\/wp\/v2\/users\/1"}],"replies":[{"embeddable":true,"href":"https:\/\/eklekto.ch\/en\/wp-json\/wp\/v2\/comments?post=411"}],"version-history":[{"count":48,"href":"https:\/\/eklekto.ch\/en\/wp-json\/wp\/v2\/pages\/411\/revisions"}],"predecessor-version":[{"id":5318,"href":"https:\/\/eklekto.ch\/en\/wp-json\/wp\/v2\/pages\/411\/revisions\/5318"}],"up":[{"embeddable":true,"href":"https:\/\/eklekto.ch\/en\/wp-json\/wp\/v2\/pages\/34"}],"wp:attachment":[{"href":"https:\/\/eklekto.ch\/en\/wp-json\/wp\/v2\/media?parent=411"}],"curies":[{"name":"wp","href":"https:\/\/api.w.org\/{rel}","templated":true}]}}