{"id":40,"date":"2019-03-26T08:54:57","date_gmt":"2019-03-26T07:54:57","guid":{"rendered":"http:\/\/localhost:8888\/eklekto\/?page_id=40"},"modified":"2025-12-18T18:29:42","modified_gmt":"2025-12-18T17:29:42","slug":"","status":"publish","type":"page","link":"https:\/\/eklekto.ch\/en\/a-propos\/devenir-membre\/","title":{"rendered":"","raw":""},"content":{"rendered":"","protected":false,"raw":""},"excerpt":{"rendered":"","protected":false,"raw":""},"author":1,"featured_media":0,"parent":34,"menu_order":3,"comment_status":"closed","ping_status":"closed","template":"","meta":{"om_disable_all_campaigns":false,"inline_featured_image":false,"_monsterinsights_skip_tracking":false,"_monsterinsights_sitenote_active":false,"_monsterinsights_sitenote_note":"","_monsterinsights_sitenote_category":0,"_fr_post_content":"<div><strong>\u00catre membre de l'association, c'est :<\/strong><\/div>\r\n<div><\/div>\r\n&nbsp;\r\n<div>- Rejoindre une association dynamique, porteuse de projets et participer \u00e0 son d\u00e9veloppement<\/div>\r\n<div>- \u00catre inform\u00e9 des actualit\u00e9s<\/div>\r\n<div>- B\u00e9n\u00e9ficier d'avantages\u00a0pour les concerts Eklekto (propres productions)<\/div>\r\n<div>- Obtenir la possibilit\u00e9 de devenir membre utilisateur de l'instrumentarium<\/div>\r\n<div>- B\u00e9n\u00e9ficier d'une visite de l'instrumentarium<\/div>\r\n&nbsp;\r\n<div><strong>Cotisation annuelle :<\/strong><\/div>\r\n<div><\/div>\r\n&nbsp;\r\n<div><strong>\u00c9tudiants, AVS, ch\u00f4meur<\/strong> CHF 1.-\r\n<strong>Membre ordinaire<\/strong>\u00a0CHF 80.-\r\n<strong>Membre de soutien<\/strong>\u00a0d\u00e8s CHF 130.-<\/div>\r\n&nbsp;\r\n<div><strong>Coordonn\u00e9es paiement :<\/strong><\/div>\r\n&nbsp;\r\n<div>Num\u00e9ro de compte : CH87 0900 0000 1283 9098 1<\/div>\r\n<div>Titulaire du compte : EKLEKTO Geneva Percussion Center<\/div>\r\n<div>Nom de l\u2019\u00e9tablissement financier : PostFinance SA<\/div>\r\n<div>Adresse de l\u2019\u00e9tablissement financier : Mingerstrasse 20, CH-3030 Berne<\/div>\r\n<div>Code Swift \/ BIC : POFICHBEXXX<\/div>\r\n&nbsp;\r\n\r\n&nbsp;\r\n\r\n<a href=\"https:\/\/eklekto.ch\/wp-content\/uploads\/QR-code-banque-eklekto.jpg\"><img class=\"alignnone wp-image-3942\" src=\"https:\/\/eklekto.ch\/wp-content\/uploads\/QR-code-banque-eklekto-300x298.jpg\" alt=\"\" width=\"102\" height=\"101\" \/><\/a>\r\n\r\n&nbsp;","_fr_post_name":"devenir-membre","_fr_post_excerpt":"","_fr_post_title":"Membres","_en_post_content":"","_en_post_name":"","_en_post_excerpt":"","_en_post_title":"","edit_language":"en","footnotes":""},"class_list":["post-40","page","type-page","status-publish","hentry"],"yoast_head":"<!-- This site is optimized with the Yoast SEO plugin v23.4 - https:\/\/yoast.com\/wordpress\/plugins\/seo\/ -->\n<title>Membres | Eklekto<\/title>\n<meta name=\"description\" content=\"\u00catre membre de l&#039;association, c&#039;est : Rejoindre une association dynamique, porteuse de projets et participer \u00e0 son d\u00e9veloppement.\" \/>\n<meta name=\"robots\" content=\"index, follow, max-snippet:-1, max-image-preview:large, max-video-preview:-1\" \/>\n<link rel=\"canonical\" href=\"https:\/\/eklekto.ch\/a-propos\/devenir-membre\/\" \/>\n<meta property=\"og:locale\" content=\"en_US\" \/>\n<meta property=\"og:type\" content=\"article\" \/>\n<meta property=\"og:title\" content=\"Membres | Eklekto\" \/>\n<meta property=\"og:description\" content=\"\u00catre membre de l&#039;association, c&#039;est : Rejoindre une association dynamique, porteuse de projets et participer \u00e0 son d\u00e9veloppement.\" \/>\n<meta property=\"og:url\" content=\"https:\/\/eklekto.ch\/a-propos\/devenir-membre\/\" \/>\n<meta property=\"og:site_name\" content=\"Eklekto\" \/>\n<meta property=\"article:publisher\" content=\"https:\/\/www.facebook.com\/eklektopercussion\" \/>\n<meta property=\"article:modified_time\" content=\"2025-12-18T17:29:42+00:00\" \/>\n<meta property=\"og:image\" content=\"https:\/\/eklekto.ch\/wp-content\/uploads\/QR-code-banque-eklekto-300x298.jpg\" \/>\n<meta name=\"twitter:card\" content=\"summary_large_image\" \/>\n<meta name=\"twitter:label1\" content=\"Est. reading time\" \/>\n\t<meta name=\"twitter:data1\" content=\"1 minute\" \/>\n<script type=\"application\/ld+json\" class=\"yoast-schema-graph\">{\"@context\":\"https:\/\/schema.org\",\"@graph\":[{\"@type\":\"WebPage\",\"@id\":\"https:\/\/eklekto.ch\/a-propos\/devenir-membre\/\",\"url\":\"https:\/\/eklekto.ch\/a-propos\/devenir-membre\/\",\"name\":\"Membres | Eklekto\",\"isPartOf\":{\"@id\":\"https:\/\/eklekto.ch\/#website\"},\"primaryImageOfPage\":{\"@id\":\"https:\/\/eklekto.ch\/a-propos\/devenir-membre\/#primaryimage\"},\"image\":{\"@id\":\"https:\/\/eklekto.ch\/a-propos\/devenir-membre\/#primaryimage\"},\"thumbnailUrl\":\"https:\/\/eklekto.ch\/wp-content\/uploads\/QR-code-banque-eklekto-300x298.jpg\",\"datePublished\":\"2019-03-26T07:54:57+00:00\",\"dateModified\":\"2025-12-18T17:29:42+00:00\",\"description\":\"\u00catre membre de l'association, c'est : Rejoindre une association dynamique, porteuse de projets et participer \u00e0 son d\u00e9veloppement.\",\"breadcrumb\":{\"@id\":\"https:\/\/eklekto.ch\/a-propos\/devenir-membre\/#breadcrumb\"},\"inLanguage\":\"en-US\",\"potentialAction\":[{\"@type\":\"ReadAction\",\"target\":[\"https:\/\/eklekto.ch\/a-propos\/devenir-membre\/\"]}]},{\"@type\":\"ImageObject\",\"inLanguage\":\"en-US\",\"@id\":\"https:\/\/eklekto.ch\/a-propos\/devenir-membre\/#primaryimage\",\"url\":\"https:\/\/eklekto.ch\/wp-content\/uploads\/QR-code-banque-eklekto-300x298.jpg\",\"contentUrl\":\"https:\/\/eklekto.ch\/wp-content\/uploads\/QR-code-banque-eklekto-300x298.jpg\"},{\"@type\":\"BreadcrumbList\",\"@id\":\"https:\/\/eklekto.ch\/a-propos\/devenir-membre\/#breadcrumb\",\"itemListElement\":[{\"@type\":\"ListItem\",\"position\":1,\"name\":\"Accueil\",\"item\":\"https:\/\/eklekto.ch\/\"},{\"@type\":\"ListItem\",\"position\":2,\"name\":\"\u00c0 propos\",\"item\":\"https:\/\/eklekto.ch\/a-propos\/\"},{\"@type\":\"ListItem\",\"position\":3,\"name\":\"Membres\"}]},{\"@type\":\"WebSite\",\"@id\":\"https:\/\/eklekto.ch\/#website\",\"url\":\"https:\/\/eklekto.ch\/\",\"name\":\"Eklekto\",\"description\":\"Eklekto Geneva Percussion Center\",\"publisher\":{\"@id\":\"https:\/\/eklekto.ch\/#organization\"},\"alternateName\":\"Eklekto\",\"potentialAction\":[{\"@type\":\"SearchAction\",\"target\":{\"@type\":\"EntryPoint\",\"urlTemplate\":\"https:\/\/eklekto.ch\/?s={search_term_string}\"},\"query-input\":{\"@type\":\"PropertyValueSpecification\",\"valueRequired\":true,\"valueName\":\"search_term_string\"}}],\"inLanguage\":\"en-US\"},{\"@type\":\"Organization\",\"@id\":\"https:\/\/eklekto.ch\/#organization\",\"name\":\"Eklekto Geneva Percussion Center\",\"url\":\"https:\/\/eklekto.ch\/\",\"logo\":{\"@type\":\"ImageObject\",\"inLanguage\":\"en-US\",\"@id\":\"https:\/\/eklekto.ch\/#\/schema\/logo\/image\/\",\"url\":\"https:\/\/eklekto.ch\/wp-content\/uploads\/Eklekto_Logo-noir-sur-fond-blanc.jpg\",\"contentUrl\":\"https:\/\/eklekto.ch\/wp-content\/uploads\/Eklekto_Logo-noir-sur-fond-blanc.jpg\",\"width\":640,\"height\":317,\"caption\":\"Eklekto Geneva Percussion Center\"},\"image\":{\"@id\":\"https:\/\/eklekto.ch\/#\/schema\/logo\/image\/\"},\"sameAs\":[\"https:\/\/www.facebook.com\/eklektopercussion\",\"https:\/\/www.instagram.com\/eklekto_percussion\/\",\"https:\/\/www.youtube.com\/channel\/UCmkO9Je1ENSGNKNNsHcjP0g\",\"https:\/\/www.linkedin.com\/in\/eklekto-geneva-percussion-center-aa2b306b\/?originalSubdomain=ch\"]}]}<\/script>\n<!-- \/ Yoast SEO plugin. -->","yoast_head_json":{"title":"Membres | Eklekto","description":"\u00catre membre de l'association, c'est : Rejoindre une association dynamique, porteuse de projets et participer \u00e0 son d\u00e9veloppement.","robots":{"index":"index","follow":"follow","max-snippet":"max-snippet:-1","max-image-preview":"max-image-preview:large","max-video-preview":"max-video-preview:-1"},"canonical":"https:\/\/eklekto.ch\/a-propos\/devenir-membre\/","og_locale":"en_US","og_type":"article","og_title":"Membres | Eklekto","og_description":"\u00catre membre de l'association, c'est : Rejoindre une association dynamique, porteuse de projets et participer \u00e0 son d\u00e9veloppement.","og_url":"https:\/\/eklekto.ch\/a-propos\/devenir-membre\/","og_site_name":"Eklekto","article_publisher":"https:\/\/www.facebook.com\/eklektopercussion","article_modified_time":"2025-12-18T17:29:42+00:00","og_image":[{"url":"https:\/\/eklekto.ch\/wp-content\/uploads\/QR-code-banque-eklekto-300x298.jpg"}],"twitter_card":"summary_large_image","twitter_misc":{"Est. reading time":"1 minute"},"schema":{"@context":"https:\/\/schema.org","@graph":[{"@type":"WebPage","@id":"https:\/\/eklekto.ch\/a-propos\/devenir-membre\/","url":"https:\/\/eklekto.ch\/a-propos\/devenir-membre\/","name":"Membres | Eklekto","isPartOf":{"@id":"https:\/\/eklekto.ch\/#website"},"primaryImageOfPage":{"@id":"https:\/\/eklekto.ch\/a-propos\/devenir-membre\/#primaryimage"},"image":{"@id":"https:\/\/eklekto.ch\/a-propos\/devenir-membre\/#primaryimage"},"thumbnailUrl":"https:\/\/eklekto.ch\/wp-content\/uploads\/QR-code-banque-eklekto-300x298.jpg","datePublished":"2019-03-26T07:54:57+00:00","dateModified":"2025-12-18T17:29:42+00:00","description":"\u00catre membre de l'association, c'est : Rejoindre une association dynamique, porteuse de projets et participer \u00e0 son d\u00e9veloppement.","breadcrumb":{"@id":"https:\/\/eklekto.ch\/a-propos\/devenir-membre\/#breadcrumb"},"inLanguage":"en-US","potentialAction":[{"@type":"ReadAction","target":["https:\/\/eklekto.ch\/a-propos\/devenir-membre\/"]}]},{"@type":"ImageObject","inLanguage":"en-US","@id":"https:\/\/eklekto.ch\/a-propos\/devenir-membre\/#primaryimage","url":"https:\/\/eklekto.ch\/wp-content\/uploads\/QR-code-banque-eklekto-300x298.jpg","contentUrl":"https:\/\/eklekto.ch\/wp-content\/uploads\/QR-code-banque-eklekto-300x298.jpg"},{"@type":"BreadcrumbList","@id":"https:\/\/eklekto.ch\/a-propos\/devenir-membre\/#breadcrumb","itemListElement":[{"@type":"ListItem","position":1,"name":"Accueil","item":"https:\/\/eklekto.ch\/"},{"@type":"ListItem","position":2,"name":"\u00c0 propos","item":"https:\/\/eklekto.ch\/a-propos\/"},{"@type":"ListItem","position":3,"name":"Membres"}]},{"@type":"WebSite","@id":"https:\/\/eklekto.ch\/#website","url":"https:\/\/eklekto.ch\/","name":"Eklekto","description":"Eklekto Geneva Percussion Center","publisher":{"@id":"https:\/\/eklekto.ch\/#organization"},"alternateName":"Eklekto","potentialAction":[{"@type":"SearchAction","target":{"@type":"EntryPoint","urlTemplate":"https:\/\/eklekto.ch\/?s={search_term_string}"},"query-input":{"@type":"PropertyValueSpecification","valueRequired":true,"valueName":"search_term_string"}}],"inLanguage":"en-US"},{"@type":"Organization","@id":"https:\/\/eklekto.ch\/#organization","name":"Eklekto Geneva Percussion Center","url":"https:\/\/eklekto.ch\/","logo":{"@type":"ImageObject","inLanguage":"en-US","@id":"https:\/\/eklekto.ch\/#\/schema\/logo\/image\/","url":"https:\/\/eklekto.ch\/wp-content\/uploads\/Eklekto_Logo-noir-sur-fond-blanc.jpg","contentUrl":"https:\/\/eklekto.ch\/wp-content\/uploads\/Eklekto_Logo-noir-sur-fond-blanc.jpg","width":640,"height":317,"caption":"Eklekto Geneva Percussion Center"},"image":{"@id":"https:\/\/eklekto.ch\/#\/schema\/logo\/image\/"},"sameAs":["https:\/\/www.facebook.com\/eklektopercussion","https:\/\/www.instagram.com\/eklekto_percussion\/","https:\/\/www.youtube.com\/channel\/UCmkO9Je1ENSGNKNNsHcjP0g","https:\/\/www.linkedin.com\/in\/eklekto-geneva-percussion-center-aa2b306b\/?originalSubdomain=ch"]}]}},"_links":{"self":[{"href":"https:\/\/eklekto.ch\/en\/wp-json\/wp\/v2\/pages\/40"}],"collection":[{"href":"https:\/\/eklekto.ch\/en\/wp-json\/wp\/v2\/pages"}],"about":[{"href":"https:\/\/eklekto.ch\/en\/wp-json\/wp\/v2\/types\/page"}],"author":[{"embeddable":true,"href":"https:\/\/eklekto.ch\/en\/wp-json\/wp\/v2\/users\/1"}],"replies":[{"embeddable":true,"href":"https:\/\/eklekto.ch\/en\/wp-json\/wp\/v2\/comments?post=40"}],"version-history":[{"count":54,"href":"https:\/\/eklekto.ch\/en\/wp-json\/wp\/v2\/pages\/40\/revisions"}],"predecessor-version":[{"id":5413,"href":"https:\/\/eklekto.ch\/en\/wp-json\/wp\/v2\/pages\/40\/revisions\/5413"}],"up":[{"embeddable":true,"href":"https:\/\/eklekto.ch\/en\/wp-json\/wp\/v2\/pages\/34"}],"wp:attachment":[{"href":"https:\/\/eklekto.ch\/en\/wp-json\/wp\/v2\/media?parent=40"}],"curies":[{"name":"wp","href":"https:\/\/api.w.org\/{rel}","templated":true}]}}