{"id":3846,"date":"2024-07-10T10:17:33","date_gmt":"2024-07-10T08:17:33","guid":{"rendered":"https:\/\/eklekto.ch\/?page_id=3846"},"modified":"2026-04-09T12:42:35","modified_gmt":"2026-04-09T10:42:35","slug":"","status":"publish","type":"page","link":"https:\/\/eklekto.ch\/en\/presse\/documents\/","title":{"rendered":"","raw":""},"content":{"rendered":"","protected":false,"raw":""},"excerpt":{"rendered":"","protected":false,"raw":""},"author":8,"featured_media":0,"parent":2540,"menu_order":1,"comment_status":"closed","ping_status":"closed","template":"","meta":{"om_disable_all_campaigns":false,"inline_featured_image":false,"_monsterinsights_skip_tracking":false,"_monsterinsights_sitenote_active":false,"_monsterinsights_sitenote_note":"","_monsterinsights_sitenote_category":0,"_fr_post_content":"<strong>2026<\/strong>\r\n\r\n<a href=\"https:\/\/eklekto.ch\/wp-content\/uploads\/Journal-Le-courrier_09.01.2026_page-17-scaled.jpeg\" target=\"_blank\" rel=\"noopener\">Journal <em>Le courrier<\/em>, 09.01.2026, page 17<\/a>\r\n\r\n<a href=\"https:\/\/eklekto.ch\/wp-content\/uploads\/Journal-Le-courrier_12.01.2026_page-11-scaled.jpeg\" target=\"_blank\" rel=\"noopener\">Journal <em>Le courrier<\/em>, 12.01.2026, page 11<\/a>\r\n\r\n<strong>2025<\/strong>\r\n\r\n<a href=\"https:\/\/eklekto.ch\/wp-content\/uploads\/RP_2025.pdf\" target=\"_blank\" rel=\"noopener\">Revue de presse 2025<\/a>\r\n\r\n<a href=\"https:\/\/eklekto.ch\/wp-content\/uploads\/RA_2025_web.pdf\" target=\"_blank\" rel=\"noopener\">Rapport d'activit\u00e9 2025<\/a>\r\n\r\n<strong>2024<\/strong>\r\n\r\n<a href=\"https:\/\/eklekto.ch\/wp-content\/uploads\/RP_2024.pdf\" target=\"_blank\" rel=\"noopener\">Revue de presse 2024<\/a>\r\n\r\n<a href=\"https:\/\/eklekto.ch\/wp-content\/uploads\/RA_20250328_web.pdf\" target=\"_blank\" rel=\"noopener\">Rapport d'activit\u00e9 2024<\/a>\r\n\r\n<strong>2023<\/strong>\r\n\r\n<a href=\"https:\/\/eklekto.ch\/wp-content\/uploads\/RP_2023.pdf\" target=\"_blank\" rel=\"noopener\">Revue de presse 2023<\/a>\r\n\r\n<a href=\"https:\/\/eklekto.ch\/wp-content\/uploads\/0_rapport_activite_2023_light.pdf\" target=\"_blank\" rel=\"noopener\">Rapport d'activit\u00e9 2023<\/a>\r\n\r\n<strong>2022<\/strong>\r\n\r\n<a href=\"https:\/\/eklekto.ch\/wp-content\/uploads\/RP_2022.pdf\" target=\"_blank\" rel=\"noopener\">Revue de presse 2022<\/a>\r\n\r\n<a href=\"https:\/\/eklekto.ch\/wp-content\/uploads\/RA_2022.pdf\" target=\"_blank\" rel=\"noopener\">Rapport d'activit\u00e9 2022<\/a>\r\n\r\n<strong>2021<\/strong>\r\n\r\n<a href=\"https:\/\/eklekto.ch\/wp-content\/uploads\/RP_2021.pdf\" target=\"_blank\" rel=\"noopener\">Revue de presse 2021<\/a>\r\n\r\n<a href=\"https:\/\/eklekto.ch\/wp-content\/uploads\/RA_21.pdf\" target=\"_blank\" rel=\"noopener\">Rapport d'activit\u00e9 2021<\/a>\r\n\r\n<strong>2020<\/strong>\r\n\r\n<a href=\"https:\/\/eklekto.ch\/wp-content\/uploads\/RP_2020.pdf\" target=\"_blank\" rel=\"noopener\">Revue de presse 2020<\/a>\r\n\r\n<a href=\"https:\/\/eklekto.ch\/wp-content\/uploads\/RA-2020.pdf\" target=\"_blank\" rel=\"noopener\">Rapport d'activit\u00e9 2020<\/a>\r\n\r\n<strong>2019<\/strong>\r\n\r\n<a href=\"https:\/\/eklekto.ch\/wp-content\/uploads\/RP_2019.pdf\" target=\"_blank\" rel=\"noopener\">Revue de presse 2019<\/a>\r\n\r\n<a href=\"https:\/\/eklekto.ch\/wp-content\/uploads\/RA2019.pdf\" target=\"_blank\" rel=\"noopener\">Rapport d'activit\u00e9 2019<\/a>\r\n<ul type=\"disc\">\r\n \t<li style=\"list-style-type: none;\">\r\n<ul type=\"disc\">\r\n \t<li class=\"\"><span class=\"\">RTS Culture (22.11.2019) les finalistes du Concours de Gen\u00e8ve 2019, section percussion, d\u00e9couvrent l'instrumentarium d'Eklekto<\/span><\/li>\r\n<\/ul>\r\n<\/li>\r\n<\/ul>\r\n&nbsp;\r\n\r\n<iframe src=\"https:\/\/www.rts.ch\/play\/embed?urn=urn:rts:video:10885951&amp;subdivisions=false\" width=\"560\" height=\"315\" allowfullscreen=\"allowfullscreen\" data-mce-fragment=\"1\"><\/iframe>\r\n\r\n<strong>2018<\/strong>\r\n\r\n<a href=\"https:\/\/eklekto.ch\/wp-content\/uploads\/RP_2018.pdf\" target=\"_blank\" rel=\"noopener\">Revue de presse 2018<\/a>\r\n\r\n<a href=\"https:\/\/eklekto.ch\/wp-content\/uploads\/RA2018.pdf\" target=\"_blank\" rel=\"noopener\">Rapport d'activit\u00e9 2018<\/a>\r\n\r\n<strong>2017<\/strong>\r\n\r\n<a href=\"https:\/\/eklekto.ch\/wp-content\/uploads\/RP_2017.pdf\" target=\"_blank\" rel=\"noopener\">Revue de presse 2017<\/a>\r\n\r\n<a href=\"https:\/\/eklekto.ch\/wp-content\/uploads\/RA17.pdf\" target=\"_blank\" rel=\"noopener\">Rapport d'activit\u00e9 2017<\/a>\r\n\r\n<strong>2016<\/strong>\r\n\r\n<a href=\"https:\/\/eklekto.ch\/wp-content\/uploads\/RP_2016.pdf\" target=\"_blank\" rel=\"noopener\">Revue de presse 2016<\/a>\r\n\r\n<a href=\"https:\/\/eklekto.ch\/wp-content\/uploads\/RA-light2016.pdf\" target=\"_blank\" rel=\"noopener\">Rapport d'activit\u00e9 2016<\/a>\r\n\r\n<strong>2015<\/strong>\r\n\r\n<a href=\"https:\/\/eklekto.ch\/wp-content\/uploads\/RP_2015.pdf\" target=\"_blank\" rel=\"noopener\">Revue de presse 2015<\/a>\r\n\r\n<a href=\"https:\/\/eklekto.ch\/wp-content\/uploads\/RA-2015.pdf\" target=\"_blank\" rel=\"noopener\">Rapport d'activit\u00e9 2015<\/a>\r\n\r\n<strong>2014<\/strong>\r\n\r\n<a href=\"https:\/\/eklekto.ch\/wp-content\/uploads\/RP_2014.pdf\" target=\"_blank\" rel=\"noopener\">Revue de presse 2014<\/a>\r\n\r\n<a href=\"https:\/\/eklekto.ch\/wp-content\/uploads\/RA-2014.pdf\" target=\"_blank\" rel=\"noopener\">Rapport d'activit\u00e9 2014<\/a>\r\n\r\n<strong>2013<\/strong>\r\n\r\n<a href=\"https:\/\/eklekto.ch\/wp-content\/uploads\/RP_2013.pdf\" target=\"_blank\" rel=\"noopener\">Revue de presse 2013<\/a>\r\n\r\n<a href=\"https:\/\/eklekto.ch\/wp-content\/uploads\/RA-2013.pdf\" target=\"_blank\" rel=\"noopener\">Rapport d'activit\u00e9 2013<\/a>\r\n\r\n<strong>2012<\/strong>\r\n\r\n<a href=\"https:\/\/eklekto.ch\/wp-content\/uploads\/RP_2012.pdf\" target=\"_blank\" rel=\"noopener\">Revue de presse 2012<\/a>\r\n\r\n<a href=\"https:\/\/eklekto.ch\/wp-content\/uploads\/Rapport-dactivite-2012.pdf\" target=\"_blank\" rel=\"noopener\">Rapport d'activit\u00e9 2012<\/a>","_fr_post_name":"documents","_fr_post_excerpt":"","_fr_post_title":"Rapports d'activit\u00e9 et revues de presse","_en_post_content":"","_en_post_name":"","_en_post_excerpt":"","_en_post_title":"","edit_language":"en","footnotes":""},"class_list":["post-3846","page","type-page","status-publish","hentry"],"yoast_head":"<!-- This site is optimized with the Yoast SEO plugin v23.4 - https:\/\/yoast.com\/wordpress\/plugins\/seo\/ -->\n<title>Rapports d&#039;activit\u00e9 et revues de presse | Eklekto<\/title>\n<meta name=\"robots\" content=\"index, follow, max-snippet:-1, max-image-preview:large, max-video-preview:-1\" \/>\n<link rel=\"canonical\" href=\"https:\/\/eklekto.ch\/presse\/documents\/\" \/>\n<meta property=\"og:locale\" content=\"en_US\" \/>\n<meta property=\"og:type\" content=\"article\" \/>\n<meta property=\"og:title\" content=\"Rapports d&#039;activit\u00e9 et revues de presse | Eklekto\" \/>\n<meta property=\"og:description\" content=\"2026 Journal Le courrier, 09.01.2026, page 17 Journal Le courrier, 12.01.2026, page 11 2025 Revue de presse 2025 Rapport d&#8217;activit\u00e9 2025 2024 Revue de presse 2024 Rapport d&#8217;activit\u00e9 2024 2023 Revue de presse 2023 Rapport d&#8217;activit\u00e9 2023 2022 Revue de presse 2022 Rapport d&#8217;activit\u00e9 2022 2021 Revue de presse 2021 Rapport d&#8217;activit\u00e9 2021 2020 Revue [&hellip;]\" \/>\n<meta property=\"og:url\" content=\"https:\/\/eklekto.ch\/presse\/documents\/\" \/>\n<meta property=\"og:site_name\" content=\"Eklekto\" \/>\n<meta property=\"article:publisher\" content=\"https:\/\/www.facebook.com\/eklektopercussion\" \/>\n<meta property=\"article:modified_time\" content=\"2026-04-09T10:42:35+00:00\" \/>\n<meta name=\"twitter:card\" content=\"summary_large_image\" \/>\n<meta name=\"twitter:label1\" content=\"Est. reading time\" \/>\n\t<meta name=\"twitter:data1\" content=\"1 minute\" \/>\n<script type=\"application\/ld+json\" class=\"yoast-schema-graph\">{\"@context\":\"https:\/\/schema.org\",\"@graph\":[{\"@type\":\"WebPage\",\"@id\":\"https:\/\/eklekto.ch\/presse\/documents\/\",\"url\":\"https:\/\/eklekto.ch\/presse\/documents\/\",\"name\":\"Rapports d'activit\u00e9 et revues de presse | Eklekto\",\"isPartOf\":{\"@id\":\"https:\/\/eklekto.ch\/#website\"},\"datePublished\":\"2024-07-10T08:17:33+00:00\",\"dateModified\":\"2026-04-09T10:42:35+00:00\",\"breadcrumb\":{\"@id\":\"https:\/\/eklekto.ch\/presse\/documents\/#breadcrumb\"},\"inLanguage\":\"en-US\",\"potentialAction\":[{\"@type\":\"ReadAction\",\"target\":[\"https:\/\/eklekto.ch\/presse\/documents\/\"]}]},{\"@type\":\"BreadcrumbList\",\"@id\":\"https:\/\/eklekto.ch\/presse\/documents\/#breadcrumb\",\"itemListElement\":[{\"@type\":\"ListItem\",\"position\":1,\"name\":\"Accueil\",\"item\":\"https:\/\/eklekto.ch\/\"},{\"@type\":\"ListItem\",\"position\":2,\"name\":\"Presse\",\"item\":\"https:\/\/eklekto.ch\/presse\/\"},{\"@type\":\"ListItem\",\"position\":3,\"name\":\"Rapports d&rsquo;activit\u00e9 et revues de presse\"}]},{\"@type\":\"WebSite\",\"@id\":\"https:\/\/eklekto.ch\/#website\",\"url\":\"https:\/\/eklekto.ch\/\",\"name\":\"Eklekto\",\"description\":\"Eklekto Geneva Percussion Center\",\"publisher\":{\"@id\":\"https:\/\/eklekto.ch\/#organization\"},\"alternateName\":\"Eklekto\",\"potentialAction\":[{\"@type\":\"SearchAction\",\"target\":{\"@type\":\"EntryPoint\",\"urlTemplate\":\"https:\/\/eklekto.ch\/?s={search_term_string}\"},\"query-input\":{\"@type\":\"PropertyValueSpecification\",\"valueRequired\":true,\"valueName\":\"search_term_string\"}}],\"inLanguage\":\"en-US\"},{\"@type\":\"Organization\",\"@id\":\"https:\/\/eklekto.ch\/#organization\",\"name\":\"Eklekto Geneva Percussion Center\",\"url\":\"https:\/\/eklekto.ch\/\",\"logo\":{\"@type\":\"ImageObject\",\"inLanguage\":\"en-US\",\"@id\":\"https:\/\/eklekto.ch\/#\/schema\/logo\/image\/\",\"url\":\"https:\/\/eklekto.ch\/wp-content\/uploads\/Eklekto_Logo-noir-sur-fond-blanc.jpg\",\"contentUrl\":\"https:\/\/eklekto.ch\/wp-content\/uploads\/Eklekto_Logo-noir-sur-fond-blanc.jpg\",\"width\":640,\"height\":317,\"caption\":\"Eklekto Geneva Percussion Center\"},\"image\":{\"@id\":\"https:\/\/eklekto.ch\/#\/schema\/logo\/image\/\"},\"sameAs\":[\"https:\/\/www.facebook.com\/eklektopercussion\",\"https:\/\/www.instagram.com\/eklekto_percussion\/\",\"https:\/\/www.youtube.com\/channel\/UCmkO9Je1ENSGNKNNsHcjP0g\",\"https:\/\/www.linkedin.com\/in\/eklekto-geneva-percussion-center-aa2b306b\/?originalSubdomain=ch\"]}]}<\/script>\n<!-- \/ Yoast SEO plugin. -->","yoast_head_json":{"title":"Rapports d'activit\u00e9 et revues de presse | Eklekto","robots":{"index":"index","follow":"follow","max-snippet":"max-snippet:-1","max-image-preview":"max-image-preview:large","max-video-preview":"max-video-preview:-1"},"canonical":"https:\/\/eklekto.ch\/presse\/documents\/","og_locale":"en_US","og_type":"article","og_title":"Rapports d'activit\u00e9 et revues de presse | Eklekto","og_description":"2026 Journal Le courrier, 09.01.2026, page 17 Journal Le courrier, 12.01.2026, page 11 2025 Revue de presse 2025 Rapport d&#8217;activit\u00e9 2025 2024 Revue de presse 2024 Rapport d&#8217;activit\u00e9 2024 2023 Revue de presse 2023 Rapport d&#8217;activit\u00e9 2023 2022 Revue de presse 2022 Rapport d&#8217;activit\u00e9 2022 2021 Revue de presse 2021 Rapport d&#8217;activit\u00e9 2021 2020 Revue [&hellip;]","og_url":"https:\/\/eklekto.ch\/presse\/documents\/","og_site_name":"Eklekto","article_publisher":"https:\/\/www.facebook.com\/eklektopercussion","article_modified_time":"2026-04-09T10:42:35+00:00","twitter_card":"summary_large_image","twitter_misc":{"Est. reading time":"1 minute"},"schema":{"@context":"https:\/\/schema.org","@graph":[{"@type":"WebPage","@id":"https:\/\/eklekto.ch\/presse\/documents\/","url":"https:\/\/eklekto.ch\/presse\/documents\/","name":"Rapports d'activit\u00e9 et revues de presse | Eklekto","isPartOf":{"@id":"https:\/\/eklekto.ch\/#website"},"datePublished":"2024-07-10T08:17:33+00:00","dateModified":"2026-04-09T10:42:35+00:00","breadcrumb":{"@id":"https:\/\/eklekto.ch\/presse\/documents\/#breadcrumb"},"inLanguage":"en-US","potentialAction":[{"@type":"ReadAction","target":["https:\/\/eklekto.ch\/presse\/documents\/"]}]},{"@type":"BreadcrumbList","@id":"https:\/\/eklekto.ch\/presse\/documents\/#breadcrumb","itemListElement":[{"@type":"ListItem","position":1,"name":"Accueil","item":"https:\/\/eklekto.ch\/"},{"@type":"ListItem","position":2,"name":"Presse","item":"https:\/\/eklekto.ch\/presse\/"},{"@type":"ListItem","position":3,"name":"Rapports d&rsquo;activit\u00e9 et revues de presse"}]},{"@type":"WebSite","@id":"https:\/\/eklekto.ch\/#website","url":"https:\/\/eklekto.ch\/","name":"Eklekto","description":"Eklekto Geneva Percussion Center","publisher":{"@id":"https:\/\/eklekto.ch\/#organization"},"alternateName":"Eklekto","potentialAction":[{"@type":"SearchAction","target":{"@type":"EntryPoint","urlTemplate":"https:\/\/eklekto.ch\/?s={search_term_string}"},"query-input":{"@type":"PropertyValueSpecification","valueRequired":true,"valueName":"search_term_string"}}],"inLanguage":"en-US"},{"@type":"Organization","@id":"https:\/\/eklekto.ch\/#organization","name":"Eklekto Geneva Percussion Center","url":"https:\/\/eklekto.ch\/","logo":{"@type":"ImageObject","inLanguage":"en-US","@id":"https:\/\/eklekto.ch\/#\/schema\/logo\/image\/","url":"https:\/\/eklekto.ch\/wp-content\/uploads\/Eklekto_Logo-noir-sur-fond-blanc.jpg","contentUrl":"https:\/\/eklekto.ch\/wp-content\/uploads\/Eklekto_Logo-noir-sur-fond-blanc.jpg","width":640,"height":317,"caption":"Eklekto Geneva Percussion Center"},"image":{"@id":"https:\/\/eklekto.ch\/#\/schema\/logo\/image\/"},"sameAs":["https:\/\/www.facebook.com\/eklektopercussion","https:\/\/www.instagram.com\/eklekto_percussion\/","https:\/\/www.youtube.com\/channel\/UCmkO9Je1ENSGNKNNsHcjP0g","https:\/\/www.linkedin.com\/in\/eklekto-geneva-percussion-center-aa2b306b\/?originalSubdomain=ch"]}]}},"_links":{"self":[{"href":"https:\/\/eklekto.ch\/en\/wp-json\/wp\/v2\/pages\/3846"}],"collection":[{"href":"https:\/\/eklekto.ch\/en\/wp-json\/wp\/v2\/pages"}],"about":[{"href":"https:\/\/eklekto.ch\/en\/wp-json\/wp\/v2\/types\/page"}],"author":[{"embeddable":true,"href":"https:\/\/eklekto.ch\/en\/wp-json\/wp\/v2\/users\/8"}],"replies":[{"embeddable":true,"href":"https:\/\/eklekto.ch\/en\/wp-json\/wp\/v2\/comments?post=3846"}],"version-history":[{"count":66,"href":"https:\/\/eklekto.ch\/en\/wp-json\/wp\/v2\/pages\/3846\/revisions"}],"predecessor-version":[{"id":5595,"href":"https:\/\/eklekto.ch\/en\/wp-json\/wp\/v2\/pages\/3846\/revisions\/5595"}],"up":[{"embeddable":true,"href":"https:\/\/eklekto.ch\/en\/wp-json\/wp\/v2\/pages\/2540"}],"wp:attachment":[{"href":"https:\/\/eklekto.ch\/en\/wp-json\/wp\/v2\/media?parent=3846"}],"curies":[{"name":"wp","href":"https:\/\/api.w.org\/{rel}","templated":true}]}}