{"id":3821,"date":"2024-07-09T16:19:07","date_gmt":"2024-07-09T14:19:07","guid":{"rendered":"https:\/\/eklekto.ch\/?page_id=3821"},"modified":"2025-05-22T14:41:14","modified_gmt":"2025-05-22T12:41:14","slug":"","status":"publish","type":"page","link":"https:\/\/eklekto.ch\/en\/presse\/cd-et-vinyles\/","title":{"rendered":"","raw":""},"content":{"rendered":"","protected":false,"raw":""},"excerpt":{"rendered":"","protected":false,"raw":""},"author":8,"featured_media":0,"parent":2540,"menu_order":4,"comment_status":"closed","ping_status":"closed","template":"","meta":{"om_disable_all_campaigns":false,"inline_featured_image":false,"_monsterinsights_skip_tracking":false,"_monsterinsights_sitenote_active":false,"_monsterinsights_sitenote_note":"","_monsterinsights_sitenote_category":0,"_fr_post_content":"<a href=\"https:\/\/codexedition.com\/products\/music-for-percussion-cd\" target=\"_blank\" rel=\"noopener\"><img class=\"alignnone wp-image-4488\" src=\"https:\/\/eklekto.ch\/wp-content\/uploads\/cd-ryoji-ikeda-300x295.jpg\" alt=\"\" width=\"294\" height=\"289\" \/><\/a>\r\n<h5 style=\"text-align: justify;\"><em>Music for percussion<\/em> est un CD de six titres interpr\u00e9t\u00e9s en direct par le collectif de percussion contemporain Eklekto (Gen\u00e8ve).\r\nLe livret d'accompagnement contient 37 images et un texte de Chris Sharp, programmateur de musique contemporaine au Barbican Centre de Londres.<\/h5>\r\n<h5 style=\"text-align: justify;\">CD :<\/h5>\r\n<h5 style=\"text-align: justify;\">BODY MUSIC [pour duo], op.4 (2016)\r\n01 I\r\n02 II\r\n03 III<\/h5>\r\n<h5 style=\"text-align: justify;\">METAL MUSIC, op.5 (2016)\r\n04 I. triangles [pour duo]\r\n05 II. crotales [pour duo]\r\n06 III. cymbales [pour quatuor]<\/h5>\r\n<h5 style=\"text-align: justify;\">Compos\u00e9 par Ryoji Ikeda\r\nInterpr\u00e9t\u00e9 par Eklekto<\/h5>\r\n<h5 style=\"text-align: justify;\">01-05 : interpr\u00e9t\u00e9 par Alexandre Babel et St\u00e9phane Garin\r\n06 : interpr\u00e9t\u00e9 par Alexandre Babel, St\u00e9phane Garin, Lucas Genas et Dorian Fretto\r\n01-04 : enregistr\u00e9 par Christian Prommer, du 26 au 28 f\u00e9vrier 2017 au Red Bull Studio, Berlin, Allemagne\r\n05-06 : enregistr\u00e9 par Jean Keraudren, le 10 septembre 2016 au Th\u00e9\u00e2tre Pito\u00ebff, Gen\u00e8ve, Suisse\r\n01-06 : mix\u00e9 et masteris\u00e9 par Ryoji Ikeda, mai-ao\u00fbt 2017 au Studio Ryoji Ikeda, Paris &amp; Kyoto<\/h5>\r\n<h5 style=\"text-align: justify;\">LIVRE :<\/h5>\r\n<h5 style=\"text-align: justify;\">auteur\/texte : Chris Sharp\r\npages : 96 (y compris les photos)\r\nreliure : broch\u00e9\r\nlangue : anglais<\/h5>\r\n<h5 style=\"text-align: justify;\">produit par : Ryoji Ikeda\r\ndirection artistique : Takuya Minami\r\ndesign : Takeshi Asano, Keigo Shiotani, Hiroyoshi Suzuki, Hiroshi Toyama<\/h5>\r\n<h5 style=\"text-align: justify;\">2018 Ryoji Ikeda (Budde Music)\r\n\u2117 2018 codex inc.<\/h5>\r\n<h5 style=\"text-align: justify;\"><\/h5>","_fr_post_name":"cd-et-vinyles","_fr_post_excerpt":"","_fr_post_title":"CD et vinyles","_en_post_content":"","_en_post_name":"","_en_post_excerpt":"","_en_post_title":"","edit_language":"en","footnotes":""},"class_list":["post-3821","page","type-page","status-publish","hentry"],"yoast_head":"<!-- This site is optimized with the Yoast SEO plugin v23.4 - https:\/\/yoast.com\/wordpress\/plugins\/seo\/ -->\n<title>CD et vinyles | Eklekto<\/title>\n<meta name=\"robots\" content=\"index, follow, max-snippet:-1, max-image-preview:large, max-video-preview:-1\" \/>\n<link rel=\"canonical\" href=\"https:\/\/eklekto.ch\/presse\/cd-et-vinyles\/\" \/>\n<meta property=\"og:locale\" content=\"en_US\" \/>\n<meta property=\"og:type\" content=\"article\" \/>\n<meta property=\"og:title\" content=\"CD et vinyles | Eklekto\" \/>\n<meta property=\"og:description\" content=\"Music for percussion est un CD de six titres interpr\u00e9t\u00e9s en direct par le collectif de percussion contemporain Eklekto (Gen\u00e8ve). Le livret d&#8217;accompagnement contient 37 images et un texte de Chris Sharp, programmateur de musique contemporaine au Barbican Centre de Londres. CD : BODY MUSIC [pour duo], op.4 (2016) 01 I 02 II 03 III [&hellip;]\" \/>\n<meta property=\"og:url\" content=\"https:\/\/eklekto.ch\/presse\/cd-et-vinyles\/\" \/>\n<meta property=\"og:site_name\" content=\"Eklekto\" \/>\n<meta property=\"article:publisher\" content=\"https:\/\/www.facebook.com\/eklektopercussion\" \/>\n<meta property=\"article:modified_time\" content=\"2025-05-22T12:41:14+00:00\" \/>\n<meta property=\"og:image\" content=\"https:\/\/eklekto.ch\/wp-content\/uploads\/cd-ryoji-ikeda-300x295.jpg\" \/>\n<meta name=\"twitter:card\" content=\"summary_large_image\" \/>\n<meta name=\"twitter:label1\" content=\"Est. reading time\" \/>\n\t<meta name=\"twitter:data1\" content=\"2 minutes\" \/>\n<script type=\"application\/ld+json\" class=\"yoast-schema-graph\">{\"@context\":\"https:\/\/schema.org\",\"@graph\":[{\"@type\":\"WebPage\",\"@id\":\"https:\/\/eklekto.ch\/presse\/cd-et-vinyles\/\",\"url\":\"https:\/\/eklekto.ch\/presse\/cd-et-vinyles\/\",\"name\":\"CD et vinyles | Eklekto\",\"isPartOf\":{\"@id\":\"https:\/\/eklekto.ch\/#website\"},\"primaryImageOfPage\":{\"@id\":\"https:\/\/eklekto.ch\/presse\/cd-et-vinyles\/#primaryimage\"},\"image\":{\"@id\":\"https:\/\/eklekto.ch\/presse\/cd-et-vinyles\/#primaryimage\"},\"thumbnailUrl\":\"https:\/\/eklekto.ch\/wp-content\/uploads\/cd-ryoji-ikeda-300x295.jpg\",\"datePublished\":\"2024-07-09T14:19:07+00:00\",\"dateModified\":\"2025-05-22T12:41:14+00:00\",\"breadcrumb\":{\"@id\":\"https:\/\/eklekto.ch\/presse\/cd-et-vinyles\/#breadcrumb\"},\"inLanguage\":\"en-US\",\"potentialAction\":[{\"@type\":\"ReadAction\",\"target\":[\"https:\/\/eklekto.ch\/presse\/cd-et-vinyles\/\"]}]},{\"@type\":\"ImageObject\",\"inLanguage\":\"en-US\",\"@id\":\"https:\/\/eklekto.ch\/presse\/cd-et-vinyles\/#primaryimage\",\"url\":\"https:\/\/eklekto.ch\/wp-content\/uploads\/cd-ryoji-ikeda-300x295.jpg\",\"contentUrl\":\"https:\/\/eklekto.ch\/wp-content\/uploads\/cd-ryoji-ikeda-300x295.jpg\"},{\"@type\":\"BreadcrumbList\",\"@id\":\"https:\/\/eklekto.ch\/presse\/cd-et-vinyles\/#breadcrumb\",\"itemListElement\":[{\"@type\":\"ListItem\",\"position\":1,\"name\":\"Accueil\",\"item\":\"https:\/\/eklekto.ch\/\"},{\"@type\":\"ListItem\",\"position\":2,\"name\":\"Presse\",\"item\":\"https:\/\/eklekto.ch\/presse\/\"},{\"@type\":\"ListItem\",\"position\":3,\"name\":\"CD et vinyles\"}]},{\"@type\":\"WebSite\",\"@id\":\"https:\/\/eklekto.ch\/#website\",\"url\":\"https:\/\/eklekto.ch\/\",\"name\":\"Eklekto\",\"description\":\"Eklekto Geneva Percussion Center\",\"publisher\":{\"@id\":\"https:\/\/eklekto.ch\/#organization\"},\"alternateName\":\"Eklekto\",\"potentialAction\":[{\"@type\":\"SearchAction\",\"target\":{\"@type\":\"EntryPoint\",\"urlTemplate\":\"https:\/\/eklekto.ch\/?s={search_term_string}\"},\"query-input\":{\"@type\":\"PropertyValueSpecification\",\"valueRequired\":true,\"valueName\":\"search_term_string\"}}],\"inLanguage\":\"en-US\"},{\"@type\":\"Organization\",\"@id\":\"https:\/\/eklekto.ch\/#organization\",\"name\":\"Eklekto Geneva Percussion Center\",\"url\":\"https:\/\/eklekto.ch\/\",\"logo\":{\"@type\":\"ImageObject\",\"inLanguage\":\"en-US\",\"@id\":\"https:\/\/eklekto.ch\/#\/schema\/logo\/image\/\",\"url\":\"https:\/\/eklekto.ch\/wp-content\/uploads\/Eklekto_Logo-noir-sur-fond-blanc.jpg\",\"contentUrl\":\"https:\/\/eklekto.ch\/wp-content\/uploads\/Eklekto_Logo-noir-sur-fond-blanc.jpg\",\"width\":640,\"height\":317,\"caption\":\"Eklekto Geneva Percussion Center\"},\"image\":{\"@id\":\"https:\/\/eklekto.ch\/#\/schema\/logo\/image\/\"},\"sameAs\":[\"https:\/\/www.facebook.com\/eklektopercussion\",\"https:\/\/www.instagram.com\/eklekto_percussion\/\",\"https:\/\/www.youtube.com\/channel\/UCmkO9Je1ENSGNKNNsHcjP0g\",\"https:\/\/www.linkedin.com\/in\/eklekto-geneva-percussion-center-aa2b306b\/?originalSubdomain=ch\"]}]}<\/script>\n<!-- \/ Yoast SEO plugin. -->","yoast_head_json":{"title":"CD et vinyles | Eklekto","robots":{"index":"index","follow":"follow","max-snippet":"max-snippet:-1","max-image-preview":"max-image-preview:large","max-video-preview":"max-video-preview:-1"},"canonical":"https:\/\/eklekto.ch\/presse\/cd-et-vinyles\/","og_locale":"en_US","og_type":"article","og_title":"CD et vinyles | Eklekto","og_description":"Music for percussion est un CD de six titres interpr\u00e9t\u00e9s en direct par le collectif de percussion contemporain Eklekto (Gen\u00e8ve). Le livret d&#8217;accompagnement contient 37 images et un texte de Chris Sharp, programmateur de musique contemporaine au Barbican Centre de Londres. CD : BODY MUSIC [pour duo], op.4 (2016) 01 I 02 II 03 III [&hellip;]","og_url":"https:\/\/eklekto.ch\/presse\/cd-et-vinyles\/","og_site_name":"Eklekto","article_publisher":"https:\/\/www.facebook.com\/eklektopercussion","article_modified_time":"2025-05-22T12:41:14+00:00","og_image":[{"url":"https:\/\/eklekto.ch\/wp-content\/uploads\/cd-ryoji-ikeda-300x295.jpg"}],"twitter_card":"summary_large_image","twitter_misc":{"Est. reading time":"2 minutes"},"schema":{"@context":"https:\/\/schema.org","@graph":[{"@type":"WebPage","@id":"https:\/\/eklekto.ch\/presse\/cd-et-vinyles\/","url":"https:\/\/eklekto.ch\/presse\/cd-et-vinyles\/","name":"CD et vinyles | Eklekto","isPartOf":{"@id":"https:\/\/eklekto.ch\/#website"},"primaryImageOfPage":{"@id":"https:\/\/eklekto.ch\/presse\/cd-et-vinyles\/#primaryimage"},"image":{"@id":"https:\/\/eklekto.ch\/presse\/cd-et-vinyles\/#primaryimage"},"thumbnailUrl":"https:\/\/eklekto.ch\/wp-content\/uploads\/cd-ryoji-ikeda-300x295.jpg","datePublished":"2024-07-09T14:19:07+00:00","dateModified":"2025-05-22T12:41:14+00:00","breadcrumb":{"@id":"https:\/\/eklekto.ch\/presse\/cd-et-vinyles\/#breadcrumb"},"inLanguage":"en-US","potentialAction":[{"@type":"ReadAction","target":["https:\/\/eklekto.ch\/presse\/cd-et-vinyles\/"]}]},{"@type":"ImageObject","inLanguage":"en-US","@id":"https:\/\/eklekto.ch\/presse\/cd-et-vinyles\/#primaryimage","url":"https:\/\/eklekto.ch\/wp-content\/uploads\/cd-ryoji-ikeda-300x295.jpg","contentUrl":"https:\/\/eklekto.ch\/wp-content\/uploads\/cd-ryoji-ikeda-300x295.jpg"},{"@type":"BreadcrumbList","@id":"https:\/\/eklekto.ch\/presse\/cd-et-vinyles\/#breadcrumb","itemListElement":[{"@type":"ListItem","position":1,"name":"Accueil","item":"https:\/\/eklekto.ch\/"},{"@type":"ListItem","position":2,"name":"Presse","item":"https:\/\/eklekto.ch\/presse\/"},{"@type":"ListItem","position":3,"name":"CD et vinyles"}]},{"@type":"WebSite","@id":"https:\/\/eklekto.ch\/#website","url":"https:\/\/eklekto.ch\/","name":"Eklekto","description":"Eklekto Geneva Percussion Center","publisher":{"@id":"https:\/\/eklekto.ch\/#organization"},"alternateName":"Eklekto","potentialAction":[{"@type":"SearchAction","target":{"@type":"EntryPoint","urlTemplate":"https:\/\/eklekto.ch\/?s={search_term_string}"},"query-input":{"@type":"PropertyValueSpecification","valueRequired":true,"valueName":"search_term_string"}}],"inLanguage":"en-US"},{"@type":"Organization","@id":"https:\/\/eklekto.ch\/#organization","name":"Eklekto Geneva Percussion Center","url":"https:\/\/eklekto.ch\/","logo":{"@type":"ImageObject","inLanguage":"en-US","@id":"https:\/\/eklekto.ch\/#\/schema\/logo\/image\/","url":"https:\/\/eklekto.ch\/wp-content\/uploads\/Eklekto_Logo-noir-sur-fond-blanc.jpg","contentUrl":"https:\/\/eklekto.ch\/wp-content\/uploads\/Eklekto_Logo-noir-sur-fond-blanc.jpg","width":640,"height":317,"caption":"Eklekto Geneva Percussion Center"},"image":{"@id":"https:\/\/eklekto.ch\/#\/schema\/logo\/image\/"},"sameAs":["https:\/\/www.facebook.com\/eklektopercussion","https:\/\/www.instagram.com\/eklekto_percussion\/","https:\/\/www.youtube.com\/channel\/UCmkO9Je1ENSGNKNNsHcjP0g","https:\/\/www.linkedin.com\/in\/eklekto-geneva-percussion-center-aa2b306b\/?originalSubdomain=ch"]}]}},"_links":{"self":[{"href":"https:\/\/eklekto.ch\/en\/wp-json\/wp\/v2\/pages\/3821"}],"collection":[{"href":"https:\/\/eklekto.ch\/en\/wp-json\/wp\/v2\/pages"}],"about":[{"href":"https:\/\/eklekto.ch\/en\/wp-json\/wp\/v2\/types\/page"}],"author":[{"embeddable":true,"href":"https:\/\/eklekto.ch\/en\/wp-json\/wp\/v2\/users\/8"}],"replies":[{"embeddable":true,"href":"https:\/\/eklekto.ch\/en\/wp-json\/wp\/v2\/comments?post=3821"}],"version-history":[{"count":16,"href":"https:\/\/eklekto.ch\/en\/wp-json\/wp\/v2\/pages\/3821\/revisions"}],"predecessor-version":[{"id":4495,"href":"https:\/\/eklekto.ch\/en\/wp-json\/wp\/v2\/pages\/3821\/revisions\/4495"}],"up":[{"embeddable":true,"href":"https:\/\/eklekto.ch\/en\/wp-json\/wp\/v2\/pages\/2540"}],"wp:attachment":[{"href":"https:\/\/eklekto.ch\/en\/wp-json\/wp\/v2\/media?parent=3821"}],"curies":[{"name":"wp","href":"https:\/\/api.w.org\/{rel}","templated":true}]}}