{"id":3761,"date":"2024-06-21T12:26:57","date_gmt":"2024-06-21T10:26:57","guid":{"rendered":"https:\/\/eklekto.ch\/?page_id=3761"},"modified":"2025-11-14T17:39:45","modified_gmt":"2025-11-14T16:39:45","slug":"contemporary-percussion-memories-of-cip-eklekto","status":"publish","type":"page","link":"https:\/\/eklekto.ch\/en\/presse\/contemporary-percussion-memories-of-cip-eklekto\/","title":{"rendered":"","raw":""},"content":{"rendered":"","protected":false,"raw":""},"excerpt":{"rendered":"","protected":false,"raw":""},"author":8,"featured_media":0,"parent":2540,"menu_order":2,"comment_status":"closed","ping_status":"closed","template":"","meta":{"om_disable_all_campaigns":false,"inline_featured_image":false,"_monsterinsights_skip_tracking":false,"_monsterinsights_sitenote_active":false,"_monsterinsights_sitenote_note":"","_monsterinsights_sitenote_category":0,"_fr_post_content":"<p style=\"text-align: left;\"><strong>LA PERCUSSION CONTEMPORAINE<\/strong><\/p>\r\n<p style=\"text-align: left;\"><strong>M\u00c9MOIRES DU CIP \u00c0 EKLEKTO<\/strong><\/p>\r\n<p style=\"text-align: left;\"><strong>2024<\/strong><\/p>\r\n&nbsp;\r\n<p style=\"text-align: left;\">Cet ouvrage a \u00e9t\u00e9 r\u00e9alis\u00e9 de mani\u00e8re collective afin de c\u00e9l\u00e9brer les cinquante ans d\u2019activit\u00e9s d\u2019une institution genevoise de renom, l\u2019association Eklekto Geneva Percussion Center, anciennement le Centre International de Percussion (CIP). Autour du portrait d\u2019une aventure musicale singuli\u00e8re, teint\u00e9e de relations humaines exceptionnelles et de passion pour la discipline, apparaissent les contours des d\u00e9veloppements sonores inclusifs red\u00e9finissant la percussion ces derni\u00e8res ann\u00e9es. Gen\u00e8ve se r\u00e9v\u00e8le en berceau avant-gardiste d\u2019un domaine associ\u00e9 \u00e0 l\u2019orchestre et \u00e9voluant en champ artistique autonome.<\/p>\r\n<p style=\"text-align: left;\">Par la pluralit\u00e9 des instruments historiques aux provenances et cultures lointaines, le savoir-faire tout comme la technique tendent \u00e0 \u00eatre sublim\u00e9es. Ce portrait crois\u00e9 de t\u00e9moignages in\u00e9dits d\u00e9voile la m\u00e9tamorphose de la figure du percussionniste hiss\u00e9 en performer sc\u00e9nique. Avec le regard sur ce qui est rest\u00e9, ce qui a \u00e9t\u00e9 b\u00e2ti, achev\u00e9 ou laiss\u00e9 dans l\u2019oubli s\u2019imaginent le futur et les perspectives infinies de cet art musical.<\/p>\r\n\r\n<div class=\"\" style=\"text-align: justify;\">\r\n<div class=\"\">\r\n<p class=\"\" style=\"text-align: left;\">Le livre s\u2019est voulu polyphonique afin de valoriser le r\u00f4le de chacun dans la constitution du projet collectif.<span class=\"\">\u00a0<\/span>Compositeurs, percussionnistes, musicologues ou encore directeurs artistiques, pour la plupart multi-titr\u00e9s s\u2019expriment tant sur des pi\u00e8ces musicales soutenues que sur les \u00e9v\u00e8nements marquants de l\u2019association.<span class=\"\">\u00a0<\/span><\/p>\r\n&nbsp;\r\n\r\n<\/div>\r\n<\/div>\r\n<p style=\"text-align: justify;\"><\/p>","_fr_post_name":"la-percussion-contemporaine-memoires-du-cip-a-eklekto","_fr_post_excerpt":"","_fr_post_title":"Livre","_en_post_content":"","_en_post_name":"contemporary-percussion-memories-of-cip-eklekto","_en_post_excerpt":"","_en_post_title":"","edit_language":"en","footnotes":""},"class_list":["post-3761","page","type-page","status-publish","hentry"],"yoast_head":"<!-- This site is optimized with the Yoast SEO plugin v23.4 - https:\/\/yoast.com\/wordpress\/plugins\/seo\/ -->\n<title>La percussion contemporaine : m\u00e9moires du CIP \u00e0 Eklekto<\/title>\n<meta name=\"description\" content=\"Explore the contemporary percussion memories of CIP &amp; Eklekto. Discover the unique experiences and performances at the Centre International de Percussion and Eklekto\" \/>\n<meta name=\"robots\" content=\"index, follow, max-snippet:-1, max-image-preview:large, max-video-preview:-1\" \/>\n<link rel=\"canonical\" href=\"https:\/\/eklekto.ch\/presse\/la-percussion-contemporaine-memoires-du-cip-a-eklekto\/\" \/>\n<meta property=\"og:locale\" content=\"en_US\" \/>\n<meta property=\"og:type\" content=\"article\" \/>\n<meta property=\"og:title\" content=\"La percussion contemporaine : m\u00e9moires du CIP \u00e0 Eklekto\" \/>\n<meta property=\"og:description\" content=\"Explore the contemporary percussion memories of CIP &amp; Eklekto. Discover the unique experiences and performances at the Centre International de Percussion and Eklekto\" \/>\n<meta property=\"og:url\" content=\"https:\/\/eklekto.ch\/presse\/la-percussion-contemporaine-memoires-du-cip-a-eklekto\/\" \/>\n<meta property=\"og:site_name\" content=\"Eklekto\" \/>\n<meta property=\"article:publisher\" content=\"https:\/\/www.facebook.com\/eklektopercussion\" \/>\n<meta property=\"article:modified_time\" content=\"2025-11-14T16:39:45+00:00\" \/>\n<meta name=\"twitter:card\" content=\"summary_large_image\" \/>\n<meta name=\"twitter:label1\" content=\"Est. reading time\" \/>\n\t<meta name=\"twitter:data1\" content=\"2 minutes\" \/>\n<script type=\"application\/ld+json\" class=\"yoast-schema-graph\">{\"@context\":\"https:\/\/schema.org\",\"@graph\":[{\"@type\":\"WebPage\",\"@id\":\"https:\/\/eklekto.ch\/presse\/la-percussion-contemporaine-memoires-du-cip-a-eklekto\/\",\"url\":\"https:\/\/eklekto.ch\/presse\/la-percussion-contemporaine-memoires-du-cip-a-eklekto\/\",\"name\":\"La percussion contemporaine : m\u00e9moires du CIP \u00e0 Eklekto\",\"isPartOf\":{\"@id\":\"https:\/\/eklekto.ch\/#website\"},\"datePublished\":\"2024-06-21T10:26:57+00:00\",\"dateModified\":\"2025-11-14T16:39:45+00:00\",\"description\":\"Explore the contemporary percussion memories of CIP & Eklekto. Discover the unique experiences and performances at the Centre International de Percussion and Eklekto\",\"breadcrumb\":{\"@id\":\"https:\/\/eklekto.ch\/presse\/la-percussion-contemporaine-memoires-du-cip-a-eklekto\/#breadcrumb\"},\"inLanguage\":\"en-US\",\"potentialAction\":[{\"@type\":\"ReadAction\",\"target\":[\"https:\/\/eklekto.ch\/presse\/la-percussion-contemporaine-memoires-du-cip-a-eklekto\/\"]}]},{\"@type\":\"BreadcrumbList\",\"@id\":\"https:\/\/eklekto.ch\/presse\/la-percussion-contemporaine-memoires-du-cip-a-eklekto\/#breadcrumb\",\"itemListElement\":[{\"@type\":\"ListItem\",\"position\":1,\"name\":\"Accueil\",\"item\":\"https:\/\/eklekto.ch\/\"},{\"@type\":\"ListItem\",\"position\":2,\"name\":\"Presse\",\"item\":\"https:\/\/eklekto.ch\/presse\/\"},{\"@type\":\"ListItem\",\"position\":3,\"name\":\"Livre\"}]},{\"@type\":\"WebSite\",\"@id\":\"https:\/\/eklekto.ch\/#website\",\"url\":\"https:\/\/eklekto.ch\/\",\"name\":\"Eklekto\",\"description\":\"Eklekto Geneva Percussion Center\",\"publisher\":{\"@id\":\"https:\/\/eklekto.ch\/#organization\"},\"alternateName\":\"Eklekto\",\"potentialAction\":[{\"@type\":\"SearchAction\",\"target\":{\"@type\":\"EntryPoint\",\"urlTemplate\":\"https:\/\/eklekto.ch\/?s={search_term_string}\"},\"query-input\":{\"@type\":\"PropertyValueSpecification\",\"valueRequired\":true,\"valueName\":\"search_term_string\"}}],\"inLanguage\":\"en-US\"},{\"@type\":\"Organization\",\"@id\":\"https:\/\/eklekto.ch\/#organization\",\"name\":\"Eklekto Geneva Percussion Center\",\"url\":\"https:\/\/eklekto.ch\/\",\"logo\":{\"@type\":\"ImageObject\",\"inLanguage\":\"en-US\",\"@id\":\"https:\/\/eklekto.ch\/#\/schema\/logo\/image\/\",\"url\":\"https:\/\/eklekto.ch\/wp-content\/uploads\/Eklekto_Logo-noir-sur-fond-blanc.jpg\",\"contentUrl\":\"https:\/\/eklekto.ch\/wp-content\/uploads\/Eklekto_Logo-noir-sur-fond-blanc.jpg\",\"width\":640,\"height\":317,\"caption\":\"Eklekto Geneva Percussion Center\"},\"image\":{\"@id\":\"https:\/\/eklekto.ch\/#\/schema\/logo\/image\/\"},\"sameAs\":[\"https:\/\/www.facebook.com\/eklektopercussion\",\"https:\/\/www.instagram.com\/eklekto_percussion\/\",\"https:\/\/www.youtube.com\/channel\/UCmkO9Je1ENSGNKNNsHcjP0g\",\"https:\/\/www.linkedin.com\/in\/eklekto-geneva-percussion-center-aa2b306b\/?originalSubdomain=ch\"]}]}<\/script>\n<!-- \/ Yoast SEO plugin. -->","yoast_head_json":{"title":"La percussion contemporaine : m\u00e9moires du CIP \u00e0 Eklekto","description":"Explore the contemporary percussion memories of CIP & Eklekto. Discover the unique experiences and performances at the Centre International de Percussion and Eklekto","robots":{"index":"index","follow":"follow","max-snippet":"max-snippet:-1","max-image-preview":"max-image-preview:large","max-video-preview":"max-video-preview:-1"},"canonical":"https:\/\/eklekto.ch\/presse\/la-percussion-contemporaine-memoires-du-cip-a-eklekto\/","og_locale":"en_US","og_type":"article","og_title":"La percussion contemporaine : m\u00e9moires du CIP \u00e0 Eklekto","og_description":"Explore the contemporary percussion memories of CIP & Eklekto. Discover the unique experiences and performances at the Centre International de Percussion and Eklekto","og_url":"https:\/\/eklekto.ch\/presse\/la-percussion-contemporaine-memoires-du-cip-a-eklekto\/","og_site_name":"Eklekto","article_publisher":"https:\/\/www.facebook.com\/eklektopercussion","article_modified_time":"2025-11-14T16:39:45+00:00","twitter_card":"summary_large_image","twitter_misc":{"Est. reading time":"2 minutes"},"schema":{"@context":"https:\/\/schema.org","@graph":[{"@type":"WebPage","@id":"https:\/\/eklekto.ch\/presse\/la-percussion-contemporaine-memoires-du-cip-a-eklekto\/","url":"https:\/\/eklekto.ch\/presse\/la-percussion-contemporaine-memoires-du-cip-a-eklekto\/","name":"La percussion contemporaine : m\u00e9moires du CIP \u00e0 Eklekto","isPartOf":{"@id":"https:\/\/eklekto.ch\/#website"},"datePublished":"2024-06-21T10:26:57+00:00","dateModified":"2025-11-14T16:39:45+00:00","description":"Explore the contemporary percussion memories of CIP & Eklekto. Discover the unique experiences and performances at the Centre International de Percussion and Eklekto","breadcrumb":{"@id":"https:\/\/eklekto.ch\/presse\/la-percussion-contemporaine-memoires-du-cip-a-eklekto\/#breadcrumb"},"inLanguage":"en-US","potentialAction":[{"@type":"ReadAction","target":["https:\/\/eklekto.ch\/presse\/la-percussion-contemporaine-memoires-du-cip-a-eklekto\/"]}]},{"@type":"BreadcrumbList","@id":"https:\/\/eklekto.ch\/presse\/la-percussion-contemporaine-memoires-du-cip-a-eklekto\/#breadcrumb","itemListElement":[{"@type":"ListItem","position":1,"name":"Accueil","item":"https:\/\/eklekto.ch\/"},{"@type":"ListItem","position":2,"name":"Presse","item":"https:\/\/eklekto.ch\/presse\/"},{"@type":"ListItem","position":3,"name":"Livre"}]},{"@type":"WebSite","@id":"https:\/\/eklekto.ch\/#website","url":"https:\/\/eklekto.ch\/","name":"Eklekto","description":"Eklekto Geneva Percussion Center","publisher":{"@id":"https:\/\/eklekto.ch\/#organization"},"alternateName":"Eklekto","potentialAction":[{"@type":"SearchAction","target":{"@type":"EntryPoint","urlTemplate":"https:\/\/eklekto.ch\/?s={search_term_string}"},"query-input":{"@type":"PropertyValueSpecification","valueRequired":true,"valueName":"search_term_string"}}],"inLanguage":"en-US"},{"@type":"Organization","@id":"https:\/\/eklekto.ch\/#organization","name":"Eklekto Geneva Percussion Center","url":"https:\/\/eklekto.ch\/","logo":{"@type":"ImageObject","inLanguage":"en-US","@id":"https:\/\/eklekto.ch\/#\/schema\/logo\/image\/","url":"https:\/\/eklekto.ch\/wp-content\/uploads\/Eklekto_Logo-noir-sur-fond-blanc.jpg","contentUrl":"https:\/\/eklekto.ch\/wp-content\/uploads\/Eklekto_Logo-noir-sur-fond-blanc.jpg","width":640,"height":317,"caption":"Eklekto Geneva Percussion Center"},"image":{"@id":"https:\/\/eklekto.ch\/#\/schema\/logo\/image\/"},"sameAs":["https:\/\/www.facebook.com\/eklektopercussion","https:\/\/www.instagram.com\/eklekto_percussion\/","https:\/\/www.youtube.com\/channel\/UCmkO9Je1ENSGNKNNsHcjP0g","https:\/\/www.linkedin.com\/in\/eklekto-geneva-percussion-center-aa2b306b\/?originalSubdomain=ch"]}]}},"_links":{"self":[{"href":"https:\/\/eklekto.ch\/en\/wp-json\/wp\/v2\/pages\/3761"}],"collection":[{"href":"https:\/\/eklekto.ch\/en\/wp-json\/wp\/v2\/pages"}],"about":[{"href":"https:\/\/eklekto.ch\/en\/wp-json\/wp\/v2\/types\/page"}],"author":[{"embeddable":true,"href":"https:\/\/eklekto.ch\/en\/wp-json\/wp\/v2\/users\/8"}],"replies":[{"embeddable":true,"href":"https:\/\/eklekto.ch\/en\/wp-json\/wp\/v2\/comments?post=3761"}],"version-history":[{"count":28,"href":"https:\/\/eklekto.ch\/en\/wp-json\/wp\/v2\/pages\/3761\/revisions"}],"predecessor-version":[{"id":5325,"href":"https:\/\/eklekto.ch\/en\/wp-json\/wp\/v2\/pages\/3761\/revisions\/5325"}],"up":[{"embeddable":true,"href":"https:\/\/eklekto.ch\/en\/wp-json\/wp\/v2\/pages\/2540"}],"wp:attachment":[{"href":"https:\/\/eklekto.ch\/en\/wp-json\/wp\/v2\/media?parent=3761"}],"curies":[{"name":"wp","href":"https:\/\/api.w.org\/{rel}","templated":true}]}}