{"id":34,"date":"2019-03-26T08:54:05","date_gmt":"2019-03-26T07:54:05","guid":{"rendered":"http:\/\/localhost:8888\/eklekto\/?page_id=34"},"modified":"2026-01-15T13:36:49","modified_gmt":"2026-01-15T12:36:49","slug":"a-propos","status":"publish","type":"page","link":"https:\/\/eklekto.ch\/en\/a-propos\/","title":{"rendered":"Presentation","raw":"Presentation"},"content":{"rendered":"<p>Eklekto is a contemporary percussion collective located in Geneva. Eklekto is constantly engaged in creative work, collaborating with contemporary composers and artists to present projects that reinvent percussion and listener&#8217;s expectations. Created under the visionary impetus of percussionist Pierre M\u00e9tral in 1974, this ensemble of varying dimensions now works with more than 20 percussionists from the Leman lake region.<\/p>\n<p>Eklekto has commissioned some 100 percussion works by composers such as Ryoji Ikeda, Thomas Meadowcroft, Yoshihisa Taira, Stefano Gervasoni, Pierre Jodlowski, William Blank, Sven-\u00c5ke Johansson, Thomas Kessler and Billy Martin, and has performed with Fritz Hauser, Etienne Jaumet, Stefan Asbury, Arturo Tamayo, Synergy Percussion and Ensemble KNM Berlin.<\/p>\n<p>In its current projects, Eklekto is questioning the contemporary music concert format through proposals such as the Words &amp; Percussion trilogy \/ Th\u00e9\u00e2tre du Galpon 2014-2016, the Gamelan concert \/ Festival Archipel 2015, and the Discount minimal concert-installation project with Thomas Meadowcroft (composer) and Florian Bach (visual artist) \/ Geneva 2017. Since 2006, Eklekto has also been the initiator of the biennial <em>Batteries!<\/em> festival, dedicated to drums of all types.<\/p>\n<p>In 2022, Eklekto took up residence in Geneva&#8217;s new cultural project <strong>\u00ab L<\/strong><strong>es 6 toits \u00bb<\/strong>, (The 6 Rooftops) with the Ensemble Contrechamps, the Orchestre de Chambre de Gen\u00e8ve, and the Conservatoire populaire.<\/p>\n<p>Following in the footsteps of Steven Schick and Jean Geoffroy, and Alexandre Babel from 2013 to 2022, Eklekto has appointed as its Art Co-Directors Dorian Fretto, Corentin Marillier, and Yi-Ping Yang, who bring a collaborative and complementary approach to the Collectif&#8217;s artistic project.<\/p>\n","protected":false,"raw":"Eklekto is a contemporary percussion collective located in Geneva. Eklekto is constantly engaged in creative work, collaborating with contemporary composers and artists to present projects that reinvent percussion and listener's expectations. Created under the visionary impetus of percussionist Pierre M\u00e9tral in 1974, this ensemble of varying dimensions now works with more than 20 percussionists from the Leman lake region.\r\n\r\nEklekto has commissioned some 100 percussion works by composers such as Ryoji Ikeda, Thomas Meadowcroft, Yoshihisa Taira, Stefano Gervasoni, Pierre Jodlowski, William Blank, Sven-\u00c5ke Johansson, Thomas Kessler and Billy Martin, and has performed with Fritz Hauser, Etienne Jaumet, Stefan Asbury, Arturo Tamayo, Synergy Percussion and Ensemble KNM Berlin.\r\n\r\nIn its current projects, Eklekto is questioning the contemporary music concert format through proposals such as the Words &amp; Percussion trilogy \/ Th\u00e9\u00e2tre du Galpon 2014-2016, the Gamelan concert \/ Festival Archipel 2015, and the Discount minimal concert-installation project with Thomas Meadowcroft (composer) and Florian Bach (visual artist) \/ Geneva 2017. Since 2006, Eklekto has also been the initiator of the biennial <em>Batteries!<\/em> festival, dedicated to drums of all types.\r\n\r\nIn 2022, Eklekto took up residence in Geneva's new cultural project <strong>\u00ab L<\/strong><strong>es 6 toits \u00bb<\/strong>, (The 6 Rooftops) with the Ensemble Contrechamps, the Orchestre de Chambre de Gen\u00e8ve, and the Conservatoire populaire.\r\n\r\nFollowing in the footsteps of Steven Schick and Jean Geoffroy, and Alexandre Babel from 2013 to 2022, Eklekto has appointed as its Art Co-Directors Dorian Fretto, Corentin Marillier, and Yi-Ping Yang, who bring a collaborative and complementary approach to the Collectif's artistic project."},"excerpt":{"rendered":"","protected":false,"raw":""},"author":1,"featured_media":0,"parent":0,"menu_order":1,"comment_status":"closed","ping_status":"closed","template":"","meta":{"om_disable_all_campaigns":false,"inline_featured_image":false,"_monsterinsights_skip_tracking":false,"_monsterinsights_sitenote_active":false,"_monsterinsights_sitenote_note":"","_monsterinsights_sitenote_category":0,"_fr_post_content":"<blockquote>\r\n<p class=\"p1\"><span class=\"s1\"><b><i>Eklekto<\/i><\/b><\/span> est un collectif genevois consacr\u00e9 \u00e0 la percussion contemporaine. Fond\u00e9 en 1974 par le percussionniste Pierre M\u00e9tral, il r\u00e9unit aujourd\u2019hui une trentaine de musicien.ne.s de la r\u00e9gion l\u00e9manique. Ensemble, ils explorent de nouvelles formes de cr\u00e9ation aux c\u00f4t\u00e9s de compositrices.teurs et d\u2019artistes venus d\u2019horizons vari\u00e9s.<\/p>\r\n<p class=\"p1\">Acteur incontournable de la sc\u00e8ne locale, Eklekto collabore r\u00e9guli\u00e8rement \u00e0 des rendez-vous culturels suisses et se produit \u00e9galement \u00e0 diff\u00e9rents festivals internationaux majeurs.<\/p>\r\n<p class=\"p1\">Commanditaire de plus d\u2019une centaine d\u2019\u0153uvres, sign\u00e9es par Ryoji Ikeda, Stefano Gervasoni, Pierre Jodlowski ou Luis Na\u00f3n, le collectif cultive une esth\u00e9tique plurielle nourrie par des cr\u00e9atrices.teurs comme Justina Repe\u010dkait\u0117, ou encore Julie Semoroz, et met en lumi\u00e8re des solistes tels qu\u2019Arthur Hnatek et des personnalit\u00e9s issues d\u2019autres disciplines, tels que la chor\u00e9graphe Cindy Van Acker.<\/p>\r\n<p class=\"p1\">Tr\u00e8s engag\u00e9 dans la m\u00e9diation, <b>Eklekto d\u00e9veloppe des dispositifs p\u00e9dagogiques originaux : <\/b>ateliers interactifs, visites autour de son vaste instrumentarium, exp\u00e9riences sonores immersives et projets innovants.<\/p>\r\n<p class=\"p1\">Apr\u00e8s avoir \u00e9t\u00e9 dirig\u00e9 successivement par Pierre M\u00e9tral, William Blank, Steven Schick, Jean Geoffroy puis Alexandre Babel, p\u00e9riode marqu\u00e9e par la transformation du Centre International de Percussion en Eklekto, le collectif a franchi un nouveau cap en 2022. Il a rejoint Les 6 toits, p\u00f4le culturel genevois partag\u00e9 avec Contrechamps, l\u2019OCG et le Conservatoire populaire.<\/p>\r\n<p class=\"p1\">Depuis f\u00e9vrier 2023, sa direction artistique est assur\u00e9e par Dorian Fretto, Corentin Marillier et Yi-Ping Yang, qui portent ensemble une vision collaborative et compl\u00e9mentaire.<\/p>\r\n<\/blockquote>","_fr_post_name":"a-propos","_fr_post_excerpt":"","_fr_post_title":"\u00c0 propos","_en_post_content":"Eklekto is a contemporary percussion collective located in Geneva. Eklekto is constantly engaged in creative work, collaborating with contemporary composers and artists to present projects that reinvent percussion and listener's expectations. Created under the visionary impetus of percussionist Pierre M\u00e9tral in 1974, this ensemble of varying dimensions now works with more than 20 percussionists from the Leman lake region.\r\n\r\nEklekto has commissioned some 100 percussion works by composers such as Ryoji Ikeda, Thomas Meadowcroft, Yoshihisa Taira, Stefano Gervasoni, Pierre Jodlowski, William Blank, Sven-\u00c5ke Johansson, Thomas Kessler and Billy Martin, and has performed with Fritz Hauser, Etienne Jaumet, Stefan Asbury, Arturo Tamayo, Synergy Percussion and Ensemble KNM Berlin.\r\n\r\nIn its current projects, Eklekto is questioning the contemporary music concert format through proposals such as the Words &amp; Percussion trilogy \/ Th\u00e9\u00e2tre du Galpon 2014-2016, the Gamelan concert \/ Festival Archipel 2015, and the Discount minimal concert-installation project with Thomas Meadowcroft (composer) and Florian Bach (visual artist) \/ Geneva 2017. Since 2006, Eklekto has also been the initiator of the biennial <em>Batteries!<\/em> festival, dedicated to drums of all types.\r\n\r\nIn 2022, Eklekto took up residence in Geneva's new cultural project <strong>\u00ab L<\/strong><strong>es 6 toits \u00bb<\/strong>, (The 6 Rooftops) with the Ensemble Contrechamps, the Orchestre de Chambre de Gen\u00e8ve, and the Conservatoire populaire.\r\n\r\nFollowing in the footsteps of Steven Schick and Jean Geoffroy, and Alexandre Babel from 2013 to 2022, Eklekto has appointed as its Art Co-Directors Dorian Fretto, Corentin Marillier, and Yi-Ping Yang, who bring a collaborative and complementary approach to the Collectif's artistic project.","_en_post_name":"a-propos","_en_post_excerpt":"","_en_post_title":"Presentation","edit_language":"en","footnotes":""},"class_list":["post-34","page","type-page","status-publish","hentry"],"yoast_head":"<!-- This site is optimized with the Yoast SEO plugin v23.4 - https:\/\/yoast.com\/wordpress\/plugins\/seo\/ -->\n<title>\u00c0 propos | Eklekto<\/title>\n<meta name=\"description\" content=\"Eklekto est un collectif de percussion contemporaine bas\u00e9 \u00e0 Gen\u00e8ve. Constamment engag\u00e9 dans la cr\u00e9ation, Eklekto participe chaque ann\u00e9e \u00e0 divers festivals de musique.\" \/>\n<meta name=\"robots\" content=\"index, follow, max-snippet:-1, max-image-preview:large, max-video-preview:-1\" \/>\n<link rel=\"canonical\" href=\"https:\/\/eklekto.ch\/a-propos\/\" \/>\n<meta property=\"og:locale\" content=\"en_US\" \/>\n<meta property=\"og:type\" content=\"article\" \/>\n<meta property=\"og:title\" content=\"\u00c0 propos | Eklekto\" \/>\n<meta property=\"og:description\" content=\"Eklekto est un collectif de percussion contemporaine bas\u00e9 \u00e0 Gen\u00e8ve. Constamment engag\u00e9 dans la cr\u00e9ation, Eklekto participe chaque ann\u00e9e \u00e0 divers festivals de musique.\" \/>\n<meta property=\"og:url\" content=\"https:\/\/eklekto.ch\/a-propos\/\" \/>\n<meta property=\"og:site_name\" content=\"Eklekto\" \/>\n<meta property=\"article:publisher\" content=\"https:\/\/www.facebook.com\/eklektopercussion\" \/>\n<meta property=\"article:modified_time\" content=\"2026-01-15T12:36:49+00:00\" \/>\n<meta name=\"twitter:card\" content=\"summary_large_image\" \/>\n<script type=\"application\/ld+json\" class=\"yoast-schema-graph\">{\"@context\":\"https:\/\/schema.org\",\"@graph\":[{\"@type\":\"WebPage\",\"@id\":\"https:\/\/eklekto.ch\/a-propos\/\",\"url\":\"https:\/\/eklekto.ch\/a-propos\/\",\"name\":\"\u00c0 propos | Eklekto\",\"isPartOf\":{\"@id\":\"https:\/\/eklekto.ch\/#website\"},\"datePublished\":\"2019-03-26T07:54:05+00:00\",\"dateModified\":\"2026-01-15T12:36:49+00:00\",\"description\":\"Eklekto est un collectif de percussion contemporaine bas\u00e9 \u00e0 Gen\u00e8ve. Constamment engag\u00e9 dans la cr\u00e9ation, Eklekto participe chaque ann\u00e9e \u00e0 divers festivals de musique.\",\"breadcrumb\":{\"@id\":\"https:\/\/eklekto.ch\/a-propos\/#breadcrumb\"},\"inLanguage\":\"en-US\",\"potentialAction\":[{\"@type\":\"ReadAction\",\"target\":[\"https:\/\/eklekto.ch\/a-propos\/\"]}]},{\"@type\":\"BreadcrumbList\",\"@id\":\"https:\/\/eklekto.ch\/a-propos\/#breadcrumb\",\"itemListElement\":[{\"@type\":\"ListItem\",\"position\":1,\"name\":\"Accueil\",\"item\":\"https:\/\/eklekto.ch\/\"},{\"@type\":\"ListItem\",\"position\":2,\"name\":\"\u00c0 propos\"}]},{\"@type\":\"WebSite\",\"@id\":\"https:\/\/eklekto.ch\/#website\",\"url\":\"https:\/\/eklekto.ch\/\",\"name\":\"Eklekto\",\"description\":\"Eklekto Geneva Percussion Center\",\"publisher\":{\"@id\":\"https:\/\/eklekto.ch\/#organization\"},\"alternateName\":\"Eklekto\",\"potentialAction\":[{\"@type\":\"SearchAction\",\"target\":{\"@type\":\"EntryPoint\",\"urlTemplate\":\"https:\/\/eklekto.ch\/?s={search_term_string}\"},\"query-input\":{\"@type\":\"PropertyValueSpecification\",\"valueRequired\":true,\"valueName\":\"search_term_string\"}}],\"inLanguage\":\"en-US\"},{\"@type\":\"Organization\",\"@id\":\"https:\/\/eklekto.ch\/#organization\",\"name\":\"Eklekto Geneva Percussion Center\",\"url\":\"https:\/\/eklekto.ch\/\",\"logo\":{\"@type\":\"ImageObject\",\"inLanguage\":\"en-US\",\"@id\":\"https:\/\/eklekto.ch\/#\/schema\/logo\/image\/\",\"url\":\"https:\/\/eklekto.ch\/wp-content\/uploads\/Eklekto_Logo-noir-sur-fond-blanc.jpg\",\"contentUrl\":\"https:\/\/eklekto.ch\/wp-content\/uploads\/Eklekto_Logo-noir-sur-fond-blanc.jpg\",\"width\":640,\"height\":317,\"caption\":\"Eklekto Geneva Percussion Center\"},\"image\":{\"@id\":\"https:\/\/eklekto.ch\/#\/schema\/logo\/image\/\"},\"sameAs\":[\"https:\/\/www.facebook.com\/eklektopercussion\",\"https:\/\/www.instagram.com\/eklekto_percussion\/\",\"https:\/\/www.youtube.com\/channel\/UCmkO9Je1ENSGNKNNsHcjP0g\",\"https:\/\/www.linkedin.com\/in\/eklekto-geneva-percussion-center-aa2b306b\/?originalSubdomain=ch\"]}]}<\/script>\n<!-- \/ Yoast SEO plugin. -->","yoast_head_json":{"title":"\u00c0 propos | Eklekto","description":"Eklekto est un collectif de percussion contemporaine bas\u00e9 \u00e0 Gen\u00e8ve. Constamment engag\u00e9 dans la cr\u00e9ation, Eklekto participe chaque ann\u00e9e \u00e0 divers festivals de musique.","robots":{"index":"index","follow":"follow","max-snippet":"max-snippet:-1","max-image-preview":"max-image-preview:large","max-video-preview":"max-video-preview:-1"},"canonical":"https:\/\/eklekto.ch\/a-propos\/","og_locale":"en_US","og_type":"article","og_title":"\u00c0 propos | Eklekto","og_description":"Eklekto est un collectif de percussion contemporaine bas\u00e9 \u00e0 Gen\u00e8ve. Constamment engag\u00e9 dans la cr\u00e9ation, Eklekto participe chaque ann\u00e9e \u00e0 divers festivals de musique.","og_url":"https:\/\/eklekto.ch\/a-propos\/","og_site_name":"Eklekto","article_publisher":"https:\/\/www.facebook.com\/eklektopercussion","article_modified_time":"2026-01-15T12:36:49+00:00","twitter_card":"summary_large_image","schema":{"@context":"https:\/\/schema.org","@graph":[{"@type":"WebPage","@id":"https:\/\/eklekto.ch\/a-propos\/","url":"https:\/\/eklekto.ch\/a-propos\/","name":"\u00c0 propos | Eklekto","isPartOf":{"@id":"https:\/\/eklekto.ch\/#website"},"datePublished":"2019-03-26T07:54:05+00:00","dateModified":"2026-01-15T12:36:49+00:00","description":"Eklekto est un collectif de percussion contemporaine bas\u00e9 \u00e0 Gen\u00e8ve. Constamment engag\u00e9 dans la cr\u00e9ation, Eklekto participe chaque ann\u00e9e \u00e0 divers festivals de musique.","breadcrumb":{"@id":"https:\/\/eklekto.ch\/a-propos\/#breadcrumb"},"inLanguage":"en-US","potentialAction":[{"@type":"ReadAction","target":["https:\/\/eklekto.ch\/a-propos\/"]}]},{"@type":"BreadcrumbList","@id":"https:\/\/eklekto.ch\/a-propos\/#breadcrumb","itemListElement":[{"@type":"ListItem","position":1,"name":"Accueil","item":"https:\/\/eklekto.ch\/"},{"@type":"ListItem","position":2,"name":"\u00c0 propos"}]},{"@type":"WebSite","@id":"https:\/\/eklekto.ch\/#website","url":"https:\/\/eklekto.ch\/","name":"Eklekto","description":"Eklekto Geneva Percussion Center","publisher":{"@id":"https:\/\/eklekto.ch\/#organization"},"alternateName":"Eklekto","potentialAction":[{"@type":"SearchAction","target":{"@type":"EntryPoint","urlTemplate":"https:\/\/eklekto.ch\/?s={search_term_string}"},"query-input":{"@type":"PropertyValueSpecification","valueRequired":true,"valueName":"search_term_string"}}],"inLanguage":"en-US"},{"@type":"Organization","@id":"https:\/\/eklekto.ch\/#organization","name":"Eklekto Geneva Percussion Center","url":"https:\/\/eklekto.ch\/","logo":{"@type":"ImageObject","inLanguage":"en-US","@id":"https:\/\/eklekto.ch\/#\/schema\/logo\/image\/","url":"https:\/\/eklekto.ch\/wp-content\/uploads\/Eklekto_Logo-noir-sur-fond-blanc.jpg","contentUrl":"https:\/\/eklekto.ch\/wp-content\/uploads\/Eklekto_Logo-noir-sur-fond-blanc.jpg","width":640,"height":317,"caption":"Eklekto Geneva Percussion Center"},"image":{"@id":"https:\/\/eklekto.ch\/#\/schema\/logo\/image\/"},"sameAs":["https:\/\/www.facebook.com\/eklektopercussion","https:\/\/www.instagram.com\/eklekto_percussion\/","https:\/\/www.youtube.com\/channel\/UCmkO9Je1ENSGNKNNsHcjP0g","https:\/\/www.linkedin.com\/in\/eklekto-geneva-percussion-center-aa2b306b\/?originalSubdomain=ch"]}]}},"_links":{"self":[{"href":"https:\/\/eklekto.ch\/en\/wp-json\/wp\/v2\/pages\/34"}],"collection":[{"href":"https:\/\/eklekto.ch\/en\/wp-json\/wp\/v2\/pages"}],"about":[{"href":"https:\/\/eklekto.ch\/en\/wp-json\/wp\/v2\/types\/page"}],"author":[{"embeddable":true,"href":"https:\/\/eklekto.ch\/en\/wp-json\/wp\/v2\/users\/1"}],"replies":[{"embeddable":true,"href":"https:\/\/eklekto.ch\/en\/wp-json\/wp\/v2\/comments?post=34"}],"version-history":[{"count":62,"href":"https:\/\/eklekto.ch\/en\/wp-json\/wp\/v2\/pages\/34\/revisions"}],"predecessor-version":[{"id":5428,"href":"https:\/\/eklekto.ch\/en\/wp-json\/wp\/v2\/pages\/34\/revisions\/5428"}],"wp:attachment":[{"href":"https:\/\/eklekto.ch\/en\/wp-json\/wp\/v2\/media?parent=34"}],"curies":[{"name":"wp","href":"https:\/\/api.w.org\/{rel}","templated":true}]}}