{"id":2906,"date":"2023-06-23T14:38:05","date_gmt":"2023-06-23T12:38:05","guid":{"rendered":"https:\/\/eklekto.ch\/?page_id=2906"},"modified":"2025-10-28T12:10:48","modified_gmt":"2025-10-28T11:10:48","slug":"partnerships-and-logos","status":"publish","type":"page","link":"https:\/\/eklekto.ch\/en\/presse\/partnerships-and-logos\/","title":{"rendered":"Partnerships and logos","raw":"Partnerships and logos"},"content":{"rendered":"<p><strong>Presentation :<\/strong><\/p>\n<p><strong>Eklekto<\/strong> is a contemporary percussion collective founded in Geneva in 1974. With a constantly evolving instrumentarium of over a thousand pieces, Eklekto develops projects that help shape today&#8217;s musical landscape, and works in close collaboration with composers and artists around sound research in all its forms. Eklekto has premiered over 100 new works and performs in concert halls and festivals around the world.<\/p>\n<p><strong>Partnership :<\/strong><\/p>\n<p>As part of its advertising partnership, the Eklekto association offers a 20% discount on instrument rental rates.<\/p>\n<p>Press officer : Nathalie Baranger<br \/>\n<a href=\"admin@eklekto.ch\" target=\"_blank\" rel=\"noopener\">admin@eklekto.ch<\/a><br \/>\n+41 76 231 60 17<\/p>\n<p>Eklekto is a member of the Music Pass<br \/>\n<a href=\"https:\/\/music-pass.ch\/\" target=\"_blank\" rel=\"noopener\">https:\/\/music-pass.ch<\/a><\/p>\n","protected":false,"raw":"<strong>Presentation :<\/strong>\r\n\r\n<strong>Eklekto<\/strong> is a contemporary percussion collective founded in Geneva in 1974. With a constantly evolving instrumentarium of over a thousand pieces, Eklekto develops projects that help shape today's musical landscape, and works in close collaboration with composers and artists around sound research in all its forms. Eklekto has premiered over 100 new works and performs in concert halls and festivals around the world.\r\n\r\n<strong>Partnership :<\/strong>\r\n\r\nAs part of its advertising partnership, the Eklekto association offers a 20% discount on instrument rental rates.\r\n\r\nPress officer : Nathalie Baranger\r\n<a href=\"admin@eklekto.ch\" target=\"_blank\" rel=\"noopener\">admin@eklekto.ch<\/a>\r\n+41 76 231 60 17\r\n\r\nEklekto is a member of the Music Pass\r\n<a href=\"https:\/\/music-pass.ch\/\" target=\"_blank\" rel=\"noopener\">https:\/\/music-pass.ch<\/a>"},"excerpt":{"rendered":"","protected":false,"raw":""},"author":1,"featured_media":0,"parent":2540,"menu_order":1,"comment_status":"closed","ping_status":"closed","template":"","meta":{"om_disable_all_campaigns":false,"inline_featured_image":false,"_monsterinsights_skip_tracking":false,"_monsterinsights_sitenote_active":false,"_monsterinsights_sitenote_note":"","_monsterinsights_sitenote_category":0,"_fr_post_content":"<p style=\"text-align: justify;\"><i>Fond\u00e9 par Pierre M\u00e9tral sous le nom de Centre International de Percussion (CIP), le collectif de percussionnistes devenu Eklekto en 2011 fait r\u00e9sonner, encore et toujours, les percussions et la musique contemporaine \u00e0 Gen\u00e8ve et bien au-del\u00e0 !<\/i><i><i>\r\n<\/i><\/i><\/p>\r\n\r\n<div><i>Au c\u0153ur d\u2019un demi-si\u00e8cle de passion, de cr\u00e9ativit\u00e9 et de partage, l\u2019association Eklekto Geneva Percussion Center s\u2019est impos\u00e9e comme une institution incontournable dans le d\u00e9veloppement et la promotion de la percussion dans le monde des musiques de cr\u00e9ation.<\/i><i><i>\r\n<\/i><\/i>\r\n<div style=\"text-align: justify;\"><i>\u00c0 travers ses concerts, ses rencontres et ses projets \u00e9ducatifs, Eklekto partage avec son public une musique \u00ab exp\u00e9rientielle \u00bb. M\u00ealant musique contemporaine et exp\u00e9rimentale, musique \u00e9lectronique, projets pluridisciplinaires et immersifs, ses artistes n\u2019ont cess\u00e9 d\u2019explorer la richesse et la diversit\u00e9 des percussions pour d\u00e9fendre une culture plurielle.<\/i><\/div>\r\n<div style=\"text-align: justify;\"><\/div>\r\n<div><i>Pour cela, la structure s\u2019appuie sur un instrumentarium unique et fascinant, mis \u00e0 disposition de nombreuses institutions culturelles, tant au niveau r\u00e9gional qu\u2019international.<\/i><i><i>\r\n<\/i><\/i>\r\n<div><i><i>Eklekto est \u00e9galement un centre de documentation inestimable pour la percussion d\u2019aujourd\u2019hui et de demain. Ses pr\u00e9cieuses archives regroupent partitions, programmes, articles, photos et vid\u00e9os.\r\n<\/i><\/i>\r\n<div style=\"text-align: justify;\"><i>Elles ont permis en 2024, avec le concours de plusieurs autrices et auteurs, d\u2019\u00e9diter un ouvrage aux \u00c9ditions Contrechamps, retra\u00e7ant cette foisonnante activit\u00e9 de 1974 \u00e0 nos jours et soutenant une programmation toujours riche et \u00e9clectique.<\/i><\/div>\r\n<div style=\"text-align: justify;\"><\/div>\r\n<div><\/div>\r\n<\/div>\r\n&nbsp;\r\n<div>\r\n<div>\r\n\r\n<hr \/>\r\n\r\n<u><\/u><\/div>\r\n<div><\/div>\r\n<div><\/div>\r\n<div><\/div>\r\n<div><u>Partenariat:<\/u><\/div>\r\n<ul>\r\n \t<li style=\"list-style-type: none;\">\r\n<ul>\r\n \t<li>Dans le cadre de partenariat de publicit\u00e9, l\u2019association Eklekto offre 20% de rabais sur le tarif des locations d\u2019instruments.<\/li>\r\n<\/ul>\r\n<\/li>\r\n<\/ul>\r\n<div><\/div>\r\n<\/div>\r\n<\/div>\r\n<\/div>","_fr_post_name":"communication","_fr_post_excerpt":"","_fr_post_title":"Partenariats et logos","_en_post_content":"<strong>Presentation :<\/strong>\r\n\r\n<strong>Eklekto<\/strong> is a contemporary percussion collective founded in Geneva in 1974. With a constantly evolving instrumentarium of over a thousand pieces, Eklekto develops projects that help shape today's musical landscape, and works in close collaboration with composers and artists around sound research in all its forms. Eklekto has premiered over 100 new works and performs in concert halls and festivals around the world.\r\n\r\n<strong>Partnership :<\/strong>\r\n\r\nAs part of its advertising partnership, the Eklekto association offers a 20% discount on instrument rental rates.\r\n\r\nPress officer : Nathalie Baranger\r\n<a href=\"admin@eklekto.ch\" target=\"_blank\" rel=\"noopener\">admin@eklekto.ch<\/a>\r\n+41 76 231 60 17\r\n\r\nEklekto is a member of the Music Pass\r\n<a href=\"https:\/\/music-pass.ch\/\" target=\"_blank\" rel=\"noopener\">https:\/\/music-pass.ch<\/a>","_en_post_name":"partnerships-and-logos","_en_post_excerpt":"","_en_post_title":"Partnerships and logos","edit_language":"en","footnotes":""},"class_list":["post-2906","page","type-page","status-publish","hentry"],"yoast_head":"<!-- This site is optimized with the Yoast SEO plugin v23.4 - https:\/\/yoast.com\/wordpress\/plugins\/seo\/ -->\n<title>Partenariats et logos | Eklekto<\/title>\n<meta name=\"robots\" content=\"index, follow, max-snippet:-1, max-image-preview:large, max-video-preview:-1\" \/>\n<link rel=\"canonical\" href=\"https:\/\/eklekto.ch\/presse\/communication\/\" \/>\n<meta property=\"og:locale\" content=\"en_US\" \/>\n<meta property=\"og:type\" content=\"article\" \/>\n<meta property=\"og:title\" content=\"Partenariats et logos | Eklekto\" \/>\n<meta property=\"og:description\" content=\"Presentation : Eklekto is a contemporary percussion collective founded in Geneva in 1974. With a constantly evolving instrumentarium of over a thousand pieces, Eklekto develops projects that help shape today&#8217;s musical landscape, and works in close collaboration with composers and artists around sound research in all its forms. Eklekto has premiered over 100 new works [&hellip;]\" \/>\n<meta property=\"og:url\" content=\"https:\/\/eklekto.ch\/presse\/communication\/\" \/>\n<meta property=\"og:site_name\" content=\"Eklekto\" \/>\n<meta property=\"article:publisher\" content=\"https:\/\/www.facebook.com\/eklektopercussion\" \/>\n<meta property=\"article:modified_time\" content=\"2025-10-28T11:10:48+00:00\" \/>\n<meta name=\"twitter:card\" content=\"summary_large_image\" \/>\n<meta name=\"twitter:label1\" content=\"Est. reading time\" \/>\n\t<meta name=\"twitter:data1\" content=\"2 minutes\" \/>\n<script type=\"application\/ld+json\" class=\"yoast-schema-graph\">{\"@context\":\"https:\/\/schema.org\",\"@graph\":[{\"@type\":\"WebPage\",\"@id\":\"https:\/\/eklekto.ch\/presse\/communication\/\",\"url\":\"https:\/\/eklekto.ch\/presse\/communication\/\",\"name\":\"Partenariats et logos | Eklekto\",\"isPartOf\":{\"@id\":\"https:\/\/eklekto.ch\/#website\"},\"datePublished\":\"2023-06-23T12:38:05+00:00\",\"dateModified\":\"2025-10-28T11:10:48+00:00\",\"breadcrumb\":{\"@id\":\"https:\/\/eklekto.ch\/presse\/communication\/#breadcrumb\"},\"inLanguage\":\"en-US\",\"potentialAction\":[{\"@type\":\"ReadAction\",\"target\":[\"https:\/\/eklekto.ch\/presse\/communication\/\"]}]},{\"@type\":\"BreadcrumbList\",\"@id\":\"https:\/\/eklekto.ch\/presse\/communication\/#breadcrumb\",\"itemListElement\":[{\"@type\":\"ListItem\",\"position\":1,\"name\":\"Accueil\",\"item\":\"https:\/\/eklekto.ch\/\"},{\"@type\":\"ListItem\",\"position\":2,\"name\":\"Presse\",\"item\":\"https:\/\/eklekto.ch\/presse\/\"},{\"@type\":\"ListItem\",\"position\":3,\"name\":\"Partenariats et logos\"}]},{\"@type\":\"WebSite\",\"@id\":\"https:\/\/eklekto.ch\/#website\",\"url\":\"https:\/\/eklekto.ch\/\",\"name\":\"Eklekto\",\"description\":\"Eklekto Geneva Percussion Center\",\"publisher\":{\"@id\":\"https:\/\/eklekto.ch\/#organization\"},\"alternateName\":\"Eklekto\",\"potentialAction\":[{\"@type\":\"SearchAction\",\"target\":{\"@type\":\"EntryPoint\",\"urlTemplate\":\"https:\/\/eklekto.ch\/?s={search_term_string}\"},\"query-input\":{\"@type\":\"PropertyValueSpecification\",\"valueRequired\":true,\"valueName\":\"search_term_string\"}}],\"inLanguage\":\"en-US\"},{\"@type\":\"Organization\",\"@id\":\"https:\/\/eklekto.ch\/#organization\",\"name\":\"Eklekto Geneva Percussion Center\",\"url\":\"https:\/\/eklekto.ch\/\",\"logo\":{\"@type\":\"ImageObject\",\"inLanguage\":\"en-US\",\"@id\":\"https:\/\/eklekto.ch\/#\/schema\/logo\/image\/\",\"url\":\"https:\/\/eklekto.ch\/wp-content\/uploads\/Eklekto_Logo-noir-sur-fond-blanc.jpg\",\"contentUrl\":\"https:\/\/eklekto.ch\/wp-content\/uploads\/Eklekto_Logo-noir-sur-fond-blanc.jpg\",\"width\":640,\"height\":317,\"caption\":\"Eklekto Geneva Percussion Center\"},\"image\":{\"@id\":\"https:\/\/eklekto.ch\/#\/schema\/logo\/image\/\"},\"sameAs\":[\"https:\/\/www.facebook.com\/eklektopercussion\",\"https:\/\/www.instagram.com\/eklekto_percussion\/\",\"https:\/\/www.youtube.com\/channel\/UCmkO9Je1ENSGNKNNsHcjP0g\",\"https:\/\/www.linkedin.com\/in\/eklekto-geneva-percussion-center-aa2b306b\/?originalSubdomain=ch\"]}]}<\/script>\n<!-- \/ Yoast SEO plugin. -->","yoast_head_json":{"title":"Partenariats et logos | Eklekto","robots":{"index":"index","follow":"follow","max-snippet":"max-snippet:-1","max-image-preview":"max-image-preview:large","max-video-preview":"max-video-preview:-1"},"canonical":"https:\/\/eklekto.ch\/presse\/communication\/","og_locale":"en_US","og_type":"article","og_title":"Partenariats et logos | Eklekto","og_description":"Presentation : Eklekto is a contemporary percussion collective founded in Geneva in 1974. With a constantly evolving instrumentarium of over a thousand pieces, Eklekto develops projects that help shape today&#8217;s musical landscape, and works in close collaboration with composers and artists around sound research in all its forms. Eklekto has premiered over 100 new works [&hellip;]","og_url":"https:\/\/eklekto.ch\/presse\/communication\/","og_site_name":"Eklekto","article_publisher":"https:\/\/www.facebook.com\/eklektopercussion","article_modified_time":"2025-10-28T11:10:48+00:00","twitter_card":"summary_large_image","twitter_misc":{"Est. reading time":"2 minutes"},"schema":{"@context":"https:\/\/schema.org","@graph":[{"@type":"WebPage","@id":"https:\/\/eklekto.ch\/presse\/communication\/","url":"https:\/\/eklekto.ch\/presse\/communication\/","name":"Partenariats et logos | Eklekto","isPartOf":{"@id":"https:\/\/eklekto.ch\/#website"},"datePublished":"2023-06-23T12:38:05+00:00","dateModified":"2025-10-28T11:10:48+00:00","breadcrumb":{"@id":"https:\/\/eklekto.ch\/presse\/communication\/#breadcrumb"},"inLanguage":"en-US","potentialAction":[{"@type":"ReadAction","target":["https:\/\/eklekto.ch\/presse\/communication\/"]}]},{"@type":"BreadcrumbList","@id":"https:\/\/eklekto.ch\/presse\/communication\/#breadcrumb","itemListElement":[{"@type":"ListItem","position":1,"name":"Accueil","item":"https:\/\/eklekto.ch\/"},{"@type":"ListItem","position":2,"name":"Presse","item":"https:\/\/eklekto.ch\/presse\/"},{"@type":"ListItem","position":3,"name":"Partenariats et logos"}]},{"@type":"WebSite","@id":"https:\/\/eklekto.ch\/#website","url":"https:\/\/eklekto.ch\/","name":"Eklekto","description":"Eklekto Geneva Percussion Center","publisher":{"@id":"https:\/\/eklekto.ch\/#organization"},"alternateName":"Eklekto","potentialAction":[{"@type":"SearchAction","target":{"@type":"EntryPoint","urlTemplate":"https:\/\/eklekto.ch\/?s={search_term_string}"},"query-input":{"@type":"PropertyValueSpecification","valueRequired":true,"valueName":"search_term_string"}}],"inLanguage":"en-US"},{"@type":"Organization","@id":"https:\/\/eklekto.ch\/#organization","name":"Eklekto Geneva Percussion Center","url":"https:\/\/eklekto.ch\/","logo":{"@type":"ImageObject","inLanguage":"en-US","@id":"https:\/\/eklekto.ch\/#\/schema\/logo\/image\/","url":"https:\/\/eklekto.ch\/wp-content\/uploads\/Eklekto_Logo-noir-sur-fond-blanc.jpg","contentUrl":"https:\/\/eklekto.ch\/wp-content\/uploads\/Eklekto_Logo-noir-sur-fond-blanc.jpg","width":640,"height":317,"caption":"Eklekto Geneva Percussion Center"},"image":{"@id":"https:\/\/eklekto.ch\/#\/schema\/logo\/image\/"},"sameAs":["https:\/\/www.facebook.com\/eklektopercussion","https:\/\/www.instagram.com\/eklekto_percussion\/","https:\/\/www.youtube.com\/channel\/UCmkO9Je1ENSGNKNNsHcjP0g","https:\/\/www.linkedin.com\/in\/eklekto-geneva-percussion-center-aa2b306b\/?originalSubdomain=ch"]}]}},"_links":{"self":[{"href":"https:\/\/eklekto.ch\/en\/wp-json\/wp\/v2\/pages\/2906"}],"collection":[{"href":"https:\/\/eklekto.ch\/en\/wp-json\/wp\/v2\/pages"}],"about":[{"href":"https:\/\/eklekto.ch\/en\/wp-json\/wp\/v2\/types\/page"}],"author":[{"embeddable":true,"href":"https:\/\/eklekto.ch\/en\/wp-json\/wp\/v2\/users\/1"}],"replies":[{"embeddable":true,"href":"https:\/\/eklekto.ch\/en\/wp-json\/wp\/v2\/comments?post=2906"}],"version-history":[{"count":32,"href":"https:\/\/eklekto.ch\/en\/wp-json\/wp\/v2\/pages\/2906\/revisions"}],"predecessor-version":[{"id":5156,"href":"https:\/\/eklekto.ch\/en\/wp-json\/wp\/v2\/pages\/2906\/revisions\/5156"}],"up":[{"embeddable":true,"href":"https:\/\/eklekto.ch\/en\/wp-json\/wp\/v2\/pages\/2540"}],"wp:attachment":[{"href":"https:\/\/eklekto.ch\/en\/wp-json\/wp\/v2\/media?parent=2906"}],"curies":[{"name":"wp","href":"https:\/\/api.w.org\/{rel}","templated":true}]}}